{"id":151595,"date":"2021-01-15T12:00:59","date_gmt":"2021-01-15T12:00:59","guid":{"rendered":"https:\/\/codengine3.ch\/?product=import-placeholder-for-205642"},"modified":"2025-12-19T12:11:56","modified_gmt":"2025-12-19T11:11:56","slug":"korsika-gr-20","status":"publish","type":"product","link":"https:\/\/pizbube.ch\/en\/shop\/korsika-gr-20\/","title":{"rendered":"Korsika &#8211; GR 20"},"content":{"rendered":"<p>Alle Etappen &#8211; mit Einstiegen, Gipfeln und Varianten.<\/p>\n<p><span class=\"value\">Korsika ist ein Traumziel f\u00fcr Wanderer und Trekker \u2013 Berge und Meer sind nah beieinander und ein dichtes Wegenetz durchzieht die Insel. Der GR 20 ist der bekannteste Wanderweg Korsikas und nebenbei auch einer der ber\u00fchmtesten Fernwanderwege Europas.Die 180 Kilometer lange Route durchquert die Mittelmeerinsel und verl\u00e4uft dabei meist in H\u00f6henlagen von etwa 2000 Metern. Entsprechend hochalpin und anspruchsvoll ist die Strecke. Der Rother Wanderf\u00fchrer \u00bbKorsika GR 20\u00ab beschreibt den gesamten Verlauf dieses Weitwanderwegs, aufgeteilt in 19 Etappen, mit \u00dcbernachtungs- und Verpflegungsm\u00f6glichkeiten sowie Hinweisen auf Quellen, Verkehrsanbindung und vieles mehr. <\/span><\/p>\n<p><span class=\"value\">Es werden Gipfelabstecher, Varianten sowie Abstiegs- und Einstiegsm\u00f6glichkeiten aufgezeigt, sodass man sich auch kleinere Mehrtagestouren auf dem GR 20 zusammenstellen kann.Die Wanderer erwartet Natur pur \u2013 herrliche Ausblicke, enge Schluchten, erfrischende Badebecken \u2013 und dazu korsische K\u00f6stlichkeiten, wie K\u00e4se aus den zahlreichen Bergerien.Die Autoren Willi und Kristin Hausmann erwandern Korsika seit Jahrzehnten und geben in diesem Buch ihre gro\u00dfe Erfahrung und Liebe zu Land und Leuten weiter. Exakte Routenbeschreibungen, Kartenausschnitte mit eingezeichnetem Streckenverlauf, H\u00f6henprofile sowie die zum Download bereitgestellten GPS-Daten machen dieses Buch zu einem unverzichtbaren Begleiter auf dem GR 20.F\u00fcr die 6. Auflage wurde der Wanderf\u00fchrer sorgf\u00e4ltig aktualisiert.<\/span><\/p>\n<p>Update-Hinweis:<br \/>\nDer Parc Naturel Regional Corse hat im Sommer 2011 den GR 20 S\u00fcd zwischen dem Refuge d\u2019Usciolu und dem Monte Incudine weiter nach Westen zu verlegt. Ab der Bocca di l\u2019Agone f\u00fchren die neuen Markierungen in Richtung Westen. Die alten Markierungen wurden entfernt. Das Refuge Matalza ist mit zwei weiteren privaten Unterk\u00fcnften (Bergeries de Bassetta und Bergerie Croce das neue Etappenziel. In der neuen Auflage ist diese \u00c4nderung ber\u00fccksichtigt.<\/p>\n<p>55 H\u00f6henprofile, 62 Wanderk\u00e4rtchen im Ma\u00dfstab 1:50.000 und 1:75.000, zwei \u00dcbersichtskarten im Ma\u00dfstab 1:600.000 und 1:1.400.000<br \/>\n6. v\u00f6llig neu bearbeit. Auflg. 2023<\/p>","protected":false},"excerpt":{"rendered":"<p>Alle Etappen &#8211; mit Einstiegen, Gipfeln und Varianten. Korsika ist ein Traumziel f\u00fcr Wanderer und Trekker \u2013 Berge und Meer sind nah beieinander und ein dichtes Wegenetz durchzieht die Insel. Der GR 20 ist der bekannteste Wanderweg Korsikas und nebenbei auch einer der ber\u00fchmtesten Fernwanderwege Europas.Die 180 Kilometer lange Route durchquert die Mittelmeerinsel und verl\u00e4uft [&#8230;]\n","protected":false},"featured_media":167361,"template":"","meta":[],"product_brand":[],"product_cat":[21605],"product_tag":[],"class_list":{"0":"post-151595","1":"product","2":"type-product","3":"status-publish","4":"has-post-thumbnail","6":"product_cat-wanderfuehrer-trekking","7":"pa_autor-hausmann","8":"pa_erscheinungsjahr-27129","9":"pa_region-frankreich","10":"pa_sprache-de","12":"first","13":"onbackorder","14":"taxable","15":"shipping-taxable","16":"purchasable","17":"product-type-simple"},"_links":{"self":[{"href":"https:\/\/pizbube.ch\/en\/wp-json\/wp\/v2\/product\/151595","targetHints":{"allow":["GET"]}}],"collection":[{"href":"https:\/\/pizbube.ch\/en\/wp-json\/wp\/v2\/product"}],"about":[{"href":"https:\/\/pizbube.ch\/en\/wp-json\/wp\/v2\/types\/product"}],"wp:featuredmedia":[{"embeddable":true,"href":"https:\/\/pizbube.ch\/en\/wp-json\/wp\/v2\/media\/167361"}],"wp:attachment":[{"href":"https:\/\/pizbube.ch\/en\/wp-json\/wp\/v2\/media?parent=151595"}],"wp:term":[{"taxonomy":"product_brand","embeddable":true,"href":"https:\/\/pizbube.ch\/en\/wp-json\/wp\/v2\/product_brand?post=151595"},{"taxonomy":"product_cat","embeddable":true,"href":"https:\/\/pizbube.ch\/en\/wp-json\/wp\/v2\/product_cat?post=151595"},{"taxonomy":"product_tag","embeddable":true,"href":"https:\/\/pizbube.ch\/en\/wp-json\/wp\/v2\/product_tag?post=151595"}],"curies":[{"name":"wp","href":"https:\/\/api.w.org\/{rel}","templated":true}]}}