{"id":151596,"date":"2021-01-15T12:00:59","date_gmt":"2021-01-15T12:00:59","guid":{"rendered":"https:\/\/codengine3.ch\/?product=import-placeholder-for-204219"},"modified":"2021-05-31T11:37:01","modified_gmt":"2021-05-31T09:37:01","slug":"bike-guide-korsika","status":"publish","type":"product","link":"https:\/\/pizbube.ch\/en\/shop\/bike-guide-korsika\/","title":{"rendered":"Bike Guide Korsika"},"content":{"rendered":"<p>33 Mountainbike-Touren sind beschrieben;<br \/>\nTrails entlang der K\u00fcste, faszinierende Offroad-P\u00e4sse vor hochalpiner<br \/>\nBergkulisse, aussichtsreiche Gipfel und einsame Almen &#8211; Mountainbiken auf<br \/>\nKorsika ist in jedem Fall ein Abenteuer. Unterschiedlicher k\u00f6nnten die<br \/>\nLandschaften auf der wilden Insel kaum sein: Kastanienbewaldetes Mittelgebirge<br \/>\nim Osten, ausgedehnte Kiefernw\u00e4lder inmitten unz\u00e4hliger Gipfel \u00fcber 2000 Meter<br \/>\nim Zentrum, zerkl\u00fcftete K\u00fcsten mit bizarrer Felsszenerie im Westen und im<br \/>\nNorden das Cap Corse und die D\u00e9sert des Agriates.<\/p>\n<p>Die 3. Auflage des Rother Bike Guides Korsika wurde vollst\u00e4ndig aktualisiert<br \/>\nund auf 33 Touren erweitert. Auf jetzt \u00fcber 1.100 Kilometer Strecke und rund<br \/>\n31.000 H\u00f6henmetern verraten die Autoren Henning Schmalfu\u00df und Diethard Weber,<br \/>\nwo lohnenswerte Routen auf der gebirgigsten Insel im Mittelmeer versteckt<br \/>\nliegen.<br \/>\n167 Seiten mit 60 Farbabbildungen, mit 33 H\u00f6henprofilen, 33 Tourenkarten im<br \/>\nMa\u00dfstab 1:100.000 und einer \u00dcbersichtskarte, Format 19,5 x 12,5 cm, kartoniert<br \/>\nmit Spiralbindung<\/p>","protected":false},"excerpt":{"rendered":"<ul>\n<li><a href=\"https:\/\/pizbube.ch\/wp-content\/uploads\/attachments\/a_031\/F1392390BB74592BD0AAC12D61F4501A.pdf\" target=\"_blank\" rel=\"noopener\">PDF: Korsika Mountainbikef\u00fchrer_Inhalt<\/a><\/li>\n<\/ul>","protected":false},"featured_media":26999,"template":"","meta":[],"product_brand":[],"product_cat":[21606],"product_tag":[],"class_list":{"0":"post-151596","1":"product","2":"type-product","3":"status-publish","4":"has-post-thumbnail","6":"product_cat-mountainbikefuehrer","7":"pa_autor-schmalfuss-weber","8":"pa_erscheinungsjahr-21597","9":"pa_region-frankreich","10":"pa_sprache-de","12":"first","13":"outofstock","14":"taxable","15":"shipping-taxable","16":"purchasable","17":"product-type-simple"},"_links":{"self":[{"href":"https:\/\/pizbube.ch\/en\/wp-json\/wp\/v2\/product\/151596","targetHints":{"allow":["GET"]}}],"collection":[{"href":"https:\/\/pizbube.ch\/en\/wp-json\/wp\/v2\/product"}],"about":[{"href":"https:\/\/pizbube.ch\/en\/wp-json\/wp\/v2\/types\/product"}],"wp:featuredmedia":[{"embeddable":true,"href":"https:\/\/pizbube.ch\/en\/wp-json\/wp\/v2\/media\/26999"}],"wp:attachment":[{"href":"https:\/\/pizbube.ch\/en\/wp-json\/wp\/v2\/media?parent=151596"}],"wp:term":[{"taxonomy":"product_brand","embeddable":true,"href":"https:\/\/pizbube.ch\/en\/wp-json\/wp\/v2\/product_brand?post=151596"},{"taxonomy":"product_cat","embeddable":true,"href":"https:\/\/pizbube.ch\/en\/wp-json\/wp\/v2\/product_cat?post=151596"},{"taxonomy":"product_tag","embeddable":true,"href":"https:\/\/pizbube.ch\/en\/wp-json\/wp\/v2\/product_tag?post=151596"}],"curies":[{"name":"wp","href":"https:\/\/api.w.org\/{rel}","templated":true}]}}