{"id":151597,"date":"2021-01-15T12:00:59","date_gmt":"2021-01-15T12:00:59","guid":{"rendered":"https:\/\/codengine3.ch\/?product=import-placeholder-for-207713"},"modified":"2025-09-06T09:48:47","modified_gmt":"2025-09-06T07:48:47","slug":"kletterfuehrer-korsika","status":"publish","type":"product","link":"https:\/\/pizbube.ch\/en\/shop\/kletterfuehrer-korsika\/","title":{"rendered":"Kletterf\u00fchrer Korsika"},"content":{"rendered":"<p>In dem vorliegenden Werk pr\u00e4sentiert topoguide die besten modernen Alpintouren<br \/>\nsowie einige herausragende klassische Linien auf der Insel der Sch\u00f6nheit.<\/p>\n<p>\u00dcbersichtlicher Auswahlf\u00fchrer mit 100 Touren, alles Mehrseill\u00e4ngenrouten, aus<br \/>\nden sch\u00f6nsten Klettergebieten Korsikas.<br \/>\nEin Gebirge im Meer, einsame Naturlandschaften, glasklare B\u00e4che und<br \/>\nweitl\u00e4ufige Sandstr\u00e4nde machen Korsika zu einem der sch\u00f6nsten Reiseziele<br \/>\nEuropas.<\/p>\n<p>In dem vorliegenden Werk pr\u00e4sentiert topoguide.de die besten modernen<br \/>\nAlpintouren sowie einige herausragende klassische Linien auf der \u201eInsel der<br \/>\nSch\u00f6nheit\u201c.<\/p>\n<p>Mit unserem farbenpr\u00e4chtigen Buch m\u00f6chten wir diese einmaligen<br \/>\nGranitklettereien nun einem breiten Publikum vorstellen.<br \/>\nGro\u00dfz\u00fcgige Fotos sollen zu einem Besuch der Mittelmeerinsel animieren.<br \/>\nUm einen qualitativ hochwertigen Standard sicherzustellen, haben wir wie immer<br \/>\nalle Routen selbst geklettert, danach sauber aufbereitet und \u00fcbersichtlich<br \/>\ndargestellt.<\/p>\n<p>Zus\u00e4tzlich zu den detaillierten Topos und Routenbeschreibungen enth\u00e4lt der<br \/>\nF\u00fchrer auch viele \u00dcbersichtskarten, Informationen zu Anreise, der korsischen<br \/>\nNatur und politischen Besonderheiten.<\/p>\n<p>Gebiete:<br \/>\n&#8211; Haut-Asco<br \/>\n&#8211; Restonicatal<br \/>\n&#8211; Tavignanotal<br \/>\n&#8211; Venaco<br \/>\n&#8211; Calacuccia<br \/>\n&#8211; Bavella<br \/>\n&#8211; Monte Gozzi<br \/>\n&#8211; Porto<\/p>\n<h4 class=\"fn\">2. Auflage (2020) mit 32 neuen Routen; 256 Seiten<\/h4>","protected":false},"excerpt":{"rendered":"<ul>\n<li><strong><a href=\"https:\/\/pizbube.ch\/wp-content\/uploads\/attachments\/a_026\/AAD9BB959BE03620872ECAA11340E117.pdf\" target=\"_blank\" rel=\"noopener\">PDF: Leseprobe_Kletterf\u00fchrer_Korsika<\/a><\/strong><\/li>\n<\/ul>","protected":false},"featured_media":160780,"template":"","meta":[],"product_brand":[],"product_cat":[21539],"product_tag":[],"class_list":{"0":"post-151597","1":"product","2":"type-product","3":"status-publish","4":"has-post-thumbnail","6":"product_cat-fuehrerliteratur-sportklettern-bouldern","7":"pa_autor-luzar-roth","8":"pa_erscheinungsjahr-21558","9":"pa_region-frankreich","10":"pa_sprache-de","12":"first","13":"outofstock","14":"taxable","15":"shipping-taxable","16":"purchasable","17":"product-type-simple"},"_links":{"self":[{"href":"https:\/\/pizbube.ch\/en\/wp-json\/wp\/v2\/product\/151597","targetHints":{"allow":["GET"]}}],"collection":[{"href":"https:\/\/pizbube.ch\/en\/wp-json\/wp\/v2\/product"}],"about":[{"href":"https:\/\/pizbube.ch\/en\/wp-json\/wp\/v2\/types\/product"}],"wp:featuredmedia":[{"embeddable":true,"href":"https:\/\/pizbube.ch\/en\/wp-json\/wp\/v2\/media\/160780"}],"wp:attachment":[{"href":"https:\/\/pizbube.ch\/en\/wp-json\/wp\/v2\/media?parent=151597"}],"wp:term":[{"taxonomy":"product_brand","embeddable":true,"href":"https:\/\/pizbube.ch\/en\/wp-json\/wp\/v2\/product_brand?post=151597"},{"taxonomy":"product_cat","embeddable":true,"href":"https:\/\/pizbube.ch\/en\/wp-json\/wp\/v2\/product_cat?post=151597"},{"taxonomy":"product_tag","embeddable":true,"href":"https:\/\/pizbube.ch\/en\/wp-json\/wp\/v2\/product_tag?post=151597"}],"curies":[{"name":"wp","href":"https:\/\/api.w.org\/{rel}","templated":true}]}}