{"id":151599,"date":"2021-01-15T12:00:59","date_gmt":"2021-01-15T12:00:59","guid":{"rendered":"https:\/\/codengine3.ch\/?product=import-placeholder-for-207343"},"modified":"2024-02-02T11:11:40","modified_gmt":"2024-02-02T10:11:40","slug":"corse-50-itineraires-vtt","status":"publish","type":"product","link":"https:\/\/pizbube.ch\/en\/shop\/corse-50-itineraires-vtt\/","title":{"rendered":"Corse &#8211; 50 itin\u00e9raires VTT"},"content":{"rendered":"<p>En parcourant ce VTOPO, vous d\u00e9couvrirez 50 circuits VTT, de la balade<br \/>\nfamiliale au trac\u00e9 expert, pour partir \u00e0 la d\u00e9couverte du formidable potentiel<br \/>\nde la Corse.<\/p>\n<p>Avec des donn\u00e9es claires et d\u00e9taill\u00e9es, des cartes pr\u00e9cises, des infos utiles<br \/>\net des photos de qualit\u00e9, le VTOPO devient la r\u00e9f\u00e9rence indispensable pour<br \/>\nprofiter \u00e0 100% de ces massifs. Enfin tous les circuits sont \u00e9valu\u00e9s gr\u00e2ce \u00e0<br \/>\nun syst\u00e8me de cotation pertinent allant de V1 \u00e0 V6.<\/p>\n<ul>\n<li>50 circuits d\u00e9taill\u00e9s avec cartes IGN<\/li>\n<li>Format pratique et l\u00e9ger 400 g<\/li>\n<li>Traces GPS au format GPX compatibles App smartphones et GPS portables<\/li>\n<li>Des infos r\u00e9currentes tr\u00e8s utiles : variantes, r\u00e9gion, point de vue&#8230;<\/li>\n<li>Avec le syst\u00e8me de cotation technique VTOPO de V1 \u00e0 V6<\/li>\n<li>Photos<\/li>\n<li>Langue(s) : Fran\u00e7ais<\/li>\n<\/ul>","protected":false},"excerpt":{"rendered":"<p>En parcourant ce VTOPO, vous d\u00e9couvrirez 50 circuits VTT, de la balade familiale au trac\u00e9 expert, pour partir \u00e0 la d\u00e9couverte du formidable potentiel de la Corse. Avec des donn\u00e9es claires et d\u00e9taill\u00e9es, des cartes pr\u00e9cises, des infos utiles et des photos de qualit\u00e9, le VTOPO devient la r\u00e9f\u00e9rence indispensable pour profiter \u00e0 100% de [&#8230;]\n","protected":false},"featured_media":171472,"template":"","meta":[],"product_brand":[],"product_cat":[21606],"product_tag":[],"class_list":{"0":"post-151599","1":"product","2":"type-product","3":"status-publish","4":"has-post-thumbnail","6":"product_cat-mountainbikefuehrer","7":"pa_autor-guidoni","8":"pa_erscheinungsjahr-21546","9":"pa_region-frankreich","10":"pa_sprache-fr","12":"first","13":"instock","14":"taxable","15":"shipping-taxable","16":"purchasable","17":"product-type-simple"},"_links":{"self":[{"href":"https:\/\/pizbube.ch\/en\/wp-json\/wp\/v2\/product\/151599","targetHints":{"allow":["GET"]}}],"collection":[{"href":"https:\/\/pizbube.ch\/en\/wp-json\/wp\/v2\/product"}],"about":[{"href":"https:\/\/pizbube.ch\/en\/wp-json\/wp\/v2\/types\/product"}],"wp:featuredmedia":[{"embeddable":true,"href":"https:\/\/pizbube.ch\/en\/wp-json\/wp\/v2\/media\/171472"}],"wp:attachment":[{"href":"https:\/\/pizbube.ch\/en\/wp-json\/wp\/v2\/media?parent=151599"}],"wp:term":[{"taxonomy":"product_brand","embeddable":true,"href":"https:\/\/pizbube.ch\/en\/wp-json\/wp\/v2\/product_brand?post=151599"},{"taxonomy":"product_cat","embeddable":true,"href":"https:\/\/pizbube.ch\/en\/wp-json\/wp\/v2\/product_cat?post=151599"},{"taxonomy":"product_tag","embeddable":true,"href":"https:\/\/pizbube.ch\/en\/wp-json\/wp\/v2\/product_tag?post=151599"}],"curies":[{"name":"wp","href":"https:\/\/api.w.org\/{rel}","templated":true}]}}