{"id":151605,"date":"2021-01-15T12:01:06","date_gmt":"2021-01-15T12:01:06","guid":{"rendered":"https:\/\/codengine3.ch\/?product=import-placeholder-for-206331"},"modified":"2021-01-15T14:48:09","modified_gmt":"2021-01-15T14:48:09","slug":"corsica-bianca","status":"publish","type":"product","link":"https:\/\/pizbube.ch\/en\/shop\/corsica-bianca\/","title":{"rendered":"Corsica bianca"},"content":{"rendered":"<p>30 randonn\u00e9es \u00e0 skis ou en raquettes<br \/>\n\u2014 L\u2019Alta strada en 6 \u00e9tapes<br \/>\n\u2014 7 courses en haute montagne \u20145 cascades de glace<br \/>\n\u2014 5 pentes raides \u00e0 skis.  <\/p>\n<p>La Corse se couvre chaque hiver de son magnifique manteau blanc.<br \/>\nC&#8217;est alors que l&#8217;on prend la mesure de sa vraie nature : une \u00eele montagne !<br \/>\nCombien sont-ils ces sommets qui culminent \u00e0 plus de deux mille m\u00e8tres &#8211; Plus<br \/>\nde cent cinquante ! Et les parcours &#8211; Et les activit\u00e9s &#8211; Infinis&#8230; L&#8217;auteur,<br \/>\nsp\u00e9cialiste chevronn\u00e9, accompagne, dans ce guide, passionn\u00e9s et d\u00e9butants, au<br \/>\nc\u0153ur des massifs insulaires, qu&#8217;il s&#8217;agisse de randonn\u00e9es \u00e0 ski ou en<br \/>\nraquettes (30 itin\u00e9raires), de raid (L&#8217;Alta Strada), de courses (7 boucles),<br \/>\nd&#8217;escalades (5 cascades de glaces) ou de ski extr\u00eame (5 pentes raides).<br \/>\nL&#8217;aventure, la d\u00e9couverte, le go\u00fbt du d\u00e9passement de soi et des sensations<br \/>\nfortes sont au rendez-vous de la Corsica Bianca.  <\/p>","protected":false},"excerpt":{"rendered":"<p>30 randonn\u00e9es \u00e0 skis ou en raquettes \u2014 L\u2019Alta strada en 6 \u00e9tapes \u2014 7 courses en haute montagne \u20145 cascades de glace \u2014 5 pentes raides \u00e0 skis. La Corse se couvre chaque hiver de son magnifique manteau blanc. C&#8217;est alors que l&#8217;on prend la mesure de sa vraie nature : une \u00eele montagne [&#8230;]\n","protected":false},"featured_media":35331,"template":"","meta":[],"product_brand":[],"product_cat":[21540],"product_tag":[],"class_list":{"0":"post-151605","1":"product","2":"type-product","3":"status-publish","4":"has-post-thumbnail","6":"product_cat-fuehrerliteratur-alpin-winter","7":"pa_autor-lacroix","8":"pa_erscheinungsjahr-21842","9":"pa_region-frankreich","10":"pa_sprache-fr","12":"first","13":"outofstock","14":"taxable","15":"shipping-taxable","16":"purchasable","17":"product-type-simple"},"_links":{"self":[{"href":"https:\/\/pizbube.ch\/en\/wp-json\/wp\/v2\/product\/151605","targetHints":{"allow":["GET"]}}],"collection":[{"href":"https:\/\/pizbube.ch\/en\/wp-json\/wp\/v2\/product"}],"about":[{"href":"https:\/\/pizbube.ch\/en\/wp-json\/wp\/v2\/types\/product"}],"wp:featuredmedia":[{"embeddable":true,"href":"https:\/\/pizbube.ch\/en\/wp-json\/wp\/v2\/media\/35331"}],"wp:attachment":[{"href":"https:\/\/pizbube.ch\/en\/wp-json\/wp\/v2\/media?parent=151605"}],"wp:term":[{"taxonomy":"product_brand","embeddable":true,"href":"https:\/\/pizbube.ch\/en\/wp-json\/wp\/v2\/product_brand?post=151605"},{"taxonomy":"product_cat","embeddable":true,"href":"https:\/\/pizbube.ch\/en\/wp-json\/wp\/v2\/product_cat?post=151605"},{"taxonomy":"product_tag","embeddable":true,"href":"https:\/\/pizbube.ch\/en\/wp-json\/wp\/v2\/product_tag?post=151605"}],"curies":[{"name":"wp","href":"https:\/\/api.w.org\/{rel}","templated":true}]}}