{"id":151608,"date":"2021-01-15T12:01:06","date_gmt":"2021-01-15T12:01:06","guid":{"rendered":"https:\/\/codengine3.ch\/?product=import-placeholder-for-201387"},"modified":"2021-01-15T12:01:11","modified_gmt":"2021-01-15T12:01:11","slug":"le-port-de-la-mer-de-glace","status":"publish","type":"product","link":"https:\/\/pizbube.ch\/en\/shop\/le-port-de-la-mer-de-glace\/","title":{"rendered":"Le port de la Mer de Glace"},"content":{"rendered":"<p>Une fantasie o\u00f9 tout simple vrai: les histoires de bistrot et l&#8217;ascension de<br \/>\nla face nord des Drus. Une fantaisie o\u00f9 tout semble vrai, les histoires de<br \/>\nbistrot \u00e0 vous faire hurler de rire et l&#8217;ascension de la Face Nord des Drus.<br \/>\nOn assiste \u00e0 l&#8217;irruption de Rabelais (ou de Blondin) dans la litt\u00e9rature<br \/>\nalpine. Rafra\u00eechissant, \u00e0 lire cul sec!  <\/p>","protected":false},"excerpt":{"rendered":"<p>Une fantasie o\u00f9 tout simple vrai: les histoires de bistrot et l&#8217;ascension de la face nord des Drus. Une fantaisie o\u00f9 tout semble vrai, les histoires de bistrot \u00e0 vous faire hurler de rire et l&#8217;ascension de la Face Nord des Drus. On assiste \u00e0 l&#8217;irruption de Rabelais (ou de Blondin) dans la litt\u00e9rature alpine. [&#8230;]\n","protected":false},"featured_media":28723,"template":"","meta":[],"product_brand":[],"product_cat":[21629],"product_tag":[],"class_list":{"0":"post-151608","1":"product","2":"type-product","3":"status-publish","4":"has-post-thumbnail","6":"product_cat-belletristik","7":"pa_autor-potard","8":"pa_erscheinungsjahr-22133","9":"pa_region-frankreich","10":"pa_sprache-fr","12":"first","13":"instock","14":"taxable","15":"shipping-taxable","16":"purchasable","17":"product-type-simple"},"_links":{"self":[{"href":"https:\/\/pizbube.ch\/en\/wp-json\/wp\/v2\/product\/151608","targetHints":{"allow":["GET"]}}],"collection":[{"href":"https:\/\/pizbube.ch\/en\/wp-json\/wp\/v2\/product"}],"about":[{"href":"https:\/\/pizbube.ch\/en\/wp-json\/wp\/v2\/types\/product"}],"wp:featuredmedia":[{"embeddable":true,"href":"https:\/\/pizbube.ch\/en\/wp-json\/wp\/v2\/media\/28723"}],"wp:attachment":[{"href":"https:\/\/pizbube.ch\/en\/wp-json\/wp\/v2\/media?parent=151608"}],"wp:term":[{"taxonomy":"product_brand","embeddable":true,"href":"https:\/\/pizbube.ch\/en\/wp-json\/wp\/v2\/product_brand?post=151608"},{"taxonomy":"product_cat","embeddable":true,"href":"https:\/\/pizbube.ch\/en\/wp-json\/wp\/v2\/product_cat?post=151608"},{"taxonomy":"product_tag","embeddable":true,"href":"https:\/\/pizbube.ch\/en\/wp-json\/wp\/v2\/product_tag?post=151608"}],"curies":[{"name":"wp","href":"https:\/\/api.w.org\/{rel}","templated":true}]}}