{"id":151609,"date":"2021-01-15T12:01:06","date_gmt":"2021-01-15T12:01:06","guid":{"rendered":"https:\/\/codengine3.ch\/?product=import-placeholder-for-203767"},"modified":"2021-01-15T14:26:21","modified_gmt":"2021-01-15T14:26:21","slug":"solos","status":"publish","type":"product","link":"https:\/\/pizbube.ch\/en\/shop\/solos\/","title":{"rendered":"Solos"},"content":{"rendered":"<p>C&#8217;est l&#8217;histoire d&#8217;un jeune gar\u00e7on qui ne s&#8217;aime pas et se jette dans<br \/>\nl&#8217;alpinisme comme on se jette dans la gueule du loup. Il m\u00e8ne un combat f\u00e9roce<br \/>\navec les plus aust\u00e8res faces nord de l&#8217;Oisans qu&#8217;il veut affronter seul, en<br \/>\nhiver. Il s&#8217;intoxique ainsi pendant huit ans \u00e0 l&#8217;adr\u00e9naline, \u00e0 l&#8217;image de<br \/>\ncador que ses succ\u00e8s lui donnent. Puis, tout \u00e0 coup, il s&#8217;arr\u00eate. Une femme,<br \/>\nun enfant, la vie sont pass\u00e9s par l\u00e0. Et, au moment o\u00f9, apais\u00e9, il s&#8217;y<br \/>\nattendait le moins, le loup referme ses crocs, lui enl\u00e8ve trois amis, trois<br \/>\nmorts dont il se sent responsable. Est-ce que ce jeu en vaut la peine?<\/p>","protected":false},"excerpt":{"rendered":"<p>C&#8217;est l&#8217;histoire d&#8217;un jeune gar\u00e7on qui ne s&#8217;aime pas et se jette dans l&#8217;alpinisme comme on se jette dans la gueule du loup. Il m\u00e8ne un combat f\u00e9roce avec les plus aust\u00e8res faces nord de l&#8217;Oisans qu&#8217;il veut affronter seul, en hiver. Il s&#8217;intoxique ainsi pendant huit ans \u00e0 l&#8217;adr\u00e9naline, \u00e0 l&#8217;image de cador que [&#8230;]\n","protected":false},"featured_media":31444,"template":"","meta":[],"product_brand":[],"product_cat":[21542],"product_tag":[],"class_list":{"0":"post-151609","1":"product","2":"type-product","3":"status-publish","4":"has-post-thumbnail","6":"product_cat-sachbuecher-dokumentationen","7":"pa_autor-moulin","8":"pa_erscheinungsjahr-21776","9":"pa_region-frankreich","10":"pa_sprache-fr","12":"first","13":"instock","14":"taxable","15":"shipping-taxable","16":"purchasable","17":"product-type-simple"},"_links":{"self":[{"href":"https:\/\/pizbube.ch\/en\/wp-json\/wp\/v2\/product\/151609","targetHints":{"allow":["GET"]}}],"collection":[{"href":"https:\/\/pizbube.ch\/en\/wp-json\/wp\/v2\/product"}],"about":[{"href":"https:\/\/pizbube.ch\/en\/wp-json\/wp\/v2\/types\/product"}],"wp:featuredmedia":[{"embeddable":true,"href":"https:\/\/pizbube.ch\/en\/wp-json\/wp\/v2\/media\/31444"}],"wp:attachment":[{"href":"https:\/\/pizbube.ch\/en\/wp-json\/wp\/v2\/media?parent=151609"}],"wp:term":[{"taxonomy":"product_brand","embeddable":true,"href":"https:\/\/pizbube.ch\/en\/wp-json\/wp\/v2\/product_brand?post=151609"},{"taxonomy":"product_cat","embeddable":true,"href":"https:\/\/pizbube.ch\/en\/wp-json\/wp\/v2\/product_cat?post=151609"},{"taxonomy":"product_tag","embeddable":true,"href":"https:\/\/pizbube.ch\/en\/wp-json\/wp\/v2\/product_tag?post=151609"}],"curies":[{"name":"wp","href":"https:\/\/api.w.org\/{rel}","templated":true}]}}