{"id":151610,"date":"2021-01-15T12:01:06","date_gmt":"2021-01-15T12:01:06","guid":{"rendered":"https:\/\/codengine3.ch\/?product=import-placeholder-for-205650"},"modified":"2021-01-15T14:42:53","modified_gmt":"2021-01-15T14:42:53","slug":"chutes","status":"publish","type":"product","link":"https:\/\/pizbube.ch\/en\/shop\/chutes\/","title":{"rendered":"Chutes"},"content":{"rendered":"<p>Claude Gardien est guide de haute Montagne, r\u00e9dacteur en chef de Vertical et<br \/>\n\u00e9crivain. Des qualit\u00e9s exig\u00e9es par chacune de ces professions, nous n&#8217;en<br \/>\nretiendrons qu&#8217;une, commune aux deux: la force, celle qui permet de tenir<br \/>\nd&#8217;une main ferme et la plume, et la corde.<br \/>\nEt autre chose encore, que les meilleurs d&#8217;entre eux soul\u00e8vent sans trembler<br \/>\net vident sans faiblir : leur verre. Puis la bouteille, parce qu&#8217;ils ont en<br \/>\ncommun le sens de l&#8217;amiti\u00e9 et des plaisirs partag\u00e9s.  <\/p>\n<p>Arpenteurs de moraines, d\u00e9gaineurs de friends, suceurs de goulots, transis des<br \/>\npetits matins, fondus des d\u00e9vers, puristes \u00e9maci\u00e9s, vieux renards et &#8218;pieds<br \/>\ncarr\u00e9s&#8216;, pas de panique, Claude Gardien nous a croqu\u00e9s, dig\u00e9r\u00e9s et&#8230;<br \/>\nrestitu\u00e9s (!) avec l&#8217;acuit\u00e9 du regard et la tendresse amus\u00e9e d&#8217;un<br \/>\nprofessionnel qui aime son m\u00e9tier, la montagne et ceux qui en font. R\u00e9inventer<br \/>\nle vrai et enchanter le quotidien, c&#8217;est \u00e7a, le talent. &#8218;Quand une main ferme<br \/>\nguide la plume&#8230;&#8216;.<br \/>\nSant\u00e9 !  <\/p>","protected":false},"excerpt":{"rendered":"<p>Claude Gardien est guide de haute Montagne, r\u00e9dacteur en chef de Vertical et \u00e9crivain. Des qualit\u00e9s exig\u00e9es par chacune de ces professions, nous n&#8217;en retiendrons qu&#8217;une, commune aux deux: la force, celle qui permet de tenir d&#8217;une main ferme et la plume, et la corde. Et autre chose encore, que les meilleurs d&#8217;entre eux soul\u00e8vent [&#8230;]\n","protected":false},"featured_media":34438,"template":"","meta":[],"product_brand":[],"product_cat":[21629],"product_tag":[],"class_list":{"0":"post-151610","1":"product","2":"type-product","3":"status-publish","4":"has-post-thumbnail","6":"product_cat-belletristik","7":"pa_autor-gardien","8":"pa_erscheinungsjahr-21591","9":"pa_region-frankreich","10":"pa_sprache-fr","12":"first","13":"instock","14":"taxable","15":"shipping-taxable","16":"purchasable","17":"product-type-simple"},"_links":{"self":[{"href":"https:\/\/pizbube.ch\/en\/wp-json\/wp\/v2\/product\/151610","targetHints":{"allow":["GET"]}}],"collection":[{"href":"https:\/\/pizbube.ch\/en\/wp-json\/wp\/v2\/product"}],"about":[{"href":"https:\/\/pizbube.ch\/en\/wp-json\/wp\/v2\/types\/product"}],"wp:featuredmedia":[{"embeddable":true,"href":"https:\/\/pizbube.ch\/en\/wp-json\/wp\/v2\/media\/34438"}],"wp:attachment":[{"href":"https:\/\/pizbube.ch\/en\/wp-json\/wp\/v2\/media?parent=151610"}],"wp:term":[{"taxonomy":"product_brand","embeddable":true,"href":"https:\/\/pizbube.ch\/en\/wp-json\/wp\/v2\/product_brand?post=151610"},{"taxonomy":"product_cat","embeddable":true,"href":"https:\/\/pizbube.ch\/en\/wp-json\/wp\/v2\/product_cat?post=151610"},{"taxonomy":"product_tag","embeddable":true,"href":"https:\/\/pizbube.ch\/en\/wp-json\/wp\/v2\/product_tag?post=151610"}],"curies":[{"name":"wp","href":"https:\/\/api.w.org\/{rel}","templated":true}]}}