{"id":151611,"date":"2021-01-15T12:01:07","date_gmt":"2021-01-15T12:01:07","guid":{"rendered":"https:\/\/codengine3.ch\/?product=import-placeholder-for-204926"},"modified":"2021-01-15T14:37:22","modified_gmt":"2021-01-15T14:37:22","slug":"les-amants-des-drus-dvd","status":"publish","type":"product","link":"https:\/\/pizbube.ch\/en\/shop\/les-amants-des-drus-dvd\/","title":{"rendered":"Les Amants des Drus DVD"},"content":{"rendered":"<p>Les Drus constituent deux sommets d&#8217;une montagne situ\u00e9e dans le massif du<br \/>\nMont-Blanc.<br \/>\nHier encore, seuls les grands acteurs de l&#8217;alpinisme international pouvaient<br \/>\ncourtiser sa Face Ouest.<br \/>\nAujourd&#8217;hui encore, toute tentative est forc\u00e9ment un voyage au long court sans<br \/>\ncertitude de r\u00e9ussite.  <\/p>\n<p>Depuis l&#8217;hiver 2004, trois grimpeurs de la derni\u00e8re g\u00e9n\u00e9ration, Guillaume<br \/>\nAvrisiani, Philippe Batoux et Christophe Dumarest, s&#8217;aventurent dans la voie<br \/>\nLafaille, le plus moderne des itin\u00e9raires trac\u00e9s dans la face.<br \/>\nLes trois amants s&#8217;immergent dans le coeur de la cath\u00e9drales du Massif du<br \/>\nMont-Blanc pour un voyage \u00e0 travers l&#8217;histoire.  <\/p>\n<p>Ce film retrace parall\u00e8lement leurs ascensions et celles de leurs a\u00een\u00e9s.<br \/>\nAinsi, \u00e0 partir de nombreuses archives film\u00e9es et des t\u00e9moignages de Guido<br \/>\nMagnone, Catherine Destivelle, et Christophe Profit, le r\u00e9alisateur Bertrand<br \/>\nDelapierre tente de retracer l&#8217;histoire de cette montagne mythique.  <\/p>\n<p>PAL. AUDIO STEREO, Format image 4\/3, DVD Video, Toutes zones  <\/p>","protected":false},"excerpt":{"rendered":"<p>Les Drus constituent deux sommets d&#8217;une montagne situ\u00e9e dans le massif du Mont-Blanc. Hier encore, seuls les grands acteurs de l&#8217;alpinisme international pouvaient courtiser sa Face Ouest. Aujourd&#8217;hui encore, toute tentative est forc\u00e9ment un voyage au long court sans certitude de r\u00e9ussite. Depuis l&#8217;hiver 2004, trois grimpeurs de la derni\u00e8re g\u00e9n\u00e9ration, Guillaume Avrisiani, Philippe Batoux [&#8230;]\n","protected":false},"featured_media":33476,"template":"","meta":[],"product_brand":[],"product_cat":[21628],"product_tag":[],"class_list":{"0":"post-151611","1":"product","2":"type-product","3":"status-publish","4":"has-post-thumbnail","6":"product_cat-video-dvd-multimedia","7":"pa_autor-delapierre","8":"pa_erscheinungsjahr-21842","9":"pa_region-frankreich","10":"pa_sprache-fr","12":"first","13":"instock","14":"taxable","15":"shipping-taxable","16":"purchasable","17":"product-type-simple"},"_links":{"self":[{"href":"https:\/\/pizbube.ch\/en\/wp-json\/wp\/v2\/product\/151611","targetHints":{"allow":["GET"]}}],"collection":[{"href":"https:\/\/pizbube.ch\/en\/wp-json\/wp\/v2\/product"}],"about":[{"href":"https:\/\/pizbube.ch\/en\/wp-json\/wp\/v2\/types\/product"}],"wp:featuredmedia":[{"embeddable":true,"href":"https:\/\/pizbube.ch\/en\/wp-json\/wp\/v2\/media\/33476"}],"wp:attachment":[{"href":"https:\/\/pizbube.ch\/en\/wp-json\/wp\/v2\/media?parent=151611"}],"wp:term":[{"taxonomy":"product_brand","embeddable":true,"href":"https:\/\/pizbube.ch\/en\/wp-json\/wp\/v2\/product_brand?post=151611"},{"taxonomy":"product_cat","embeddable":true,"href":"https:\/\/pizbube.ch\/en\/wp-json\/wp\/v2\/product_cat?post=151611"},{"taxonomy":"product_tag","embeddable":true,"href":"https:\/\/pizbube.ch\/en\/wp-json\/wp\/v2\/product_tag?post=151611"}],"curies":[{"name":"wp","href":"https:\/\/api.w.org\/{rel}","templated":true}]}}