{"id":151612,"date":"2021-01-15T12:01:07","date_gmt":"2021-01-15T12:01:07","guid":{"rendered":"https:\/\/codengine3.ch\/?product=import-placeholder-for-201388"},"modified":"2021-01-15T12:01:11","modified_gmt":"2021-01-15T12:01:11","slug":"la-face-perdue","status":"publish","type":"product","link":"https:\/\/pizbube.ch\/en\/shop\/la-face-perdue\/","title":{"rendered":"la face perdue"},"content":{"rendered":"<p>Roberts d\u00e9monte la m\u00e9canique psychologique de l`alpiniste et s`attache \u00e0<br \/>\nsaisir derri\u00e8re le grimpeur, l`homme qui grimpe- un roman qui se d\u00e9vore comme<br \/>\nun thriller!<\/p>","protected":false},"excerpt":{"rendered":"<p>Roberts d\u00e9monte la m\u00e9canique psychologique de l`alpiniste et s`attache \u00e0 saisir derri\u00e8re le grimpeur, l`homme qui grimpe- un roman qui se d\u00e9vore comme un thriller!<\/p>","protected":false},"featured_media":28724,"template":"","meta":[],"product_brand":[],"product_cat":[21629],"product_tag":[],"class_list":{"0":"post-151612","1":"product","2":"type-product","3":"status-publish","4":"has-post-thumbnail","6":"product_cat-belletristik","7":"pa_autor-roberts","8":"pa_erscheinungsjahr-22133","9":"pa_region-amerika-nord","10":"pa_sprache-fr","12":"first","13":"instock","14":"taxable","15":"shipping-taxable","16":"purchasable","17":"product-type-simple"},"_links":{"self":[{"href":"https:\/\/pizbube.ch\/en\/wp-json\/wp\/v2\/product\/151612","targetHints":{"allow":["GET"]}}],"collection":[{"href":"https:\/\/pizbube.ch\/en\/wp-json\/wp\/v2\/product"}],"about":[{"href":"https:\/\/pizbube.ch\/en\/wp-json\/wp\/v2\/types\/product"}],"wp:featuredmedia":[{"embeddable":true,"href":"https:\/\/pizbube.ch\/en\/wp-json\/wp\/v2\/media\/28724"}],"wp:attachment":[{"href":"https:\/\/pizbube.ch\/en\/wp-json\/wp\/v2\/media?parent=151612"}],"wp:term":[{"taxonomy":"product_brand","embeddable":true,"href":"https:\/\/pizbube.ch\/en\/wp-json\/wp\/v2\/product_brand?post=151612"},{"taxonomy":"product_cat","embeddable":true,"href":"https:\/\/pizbube.ch\/en\/wp-json\/wp\/v2\/product_cat?post=151612"},{"taxonomy":"product_tag","embeddable":true,"href":"https:\/\/pizbube.ch\/en\/wp-json\/wp\/v2\/product_tag?post=151612"}],"curies":[{"name":"wp","href":"https:\/\/api.w.org\/{rel}","templated":true}]}}