{"id":151613,"date":"2021-01-15T12:01:07","date_gmt":"2021-01-15T12:01:07","guid":{"rendered":"https:\/\/codengine3.ch\/?product=import-placeholder-for-202596"},"modified":"2025-08-19T17:52:03","modified_gmt":"2025-08-19T15:52:03","slug":"was-zaehlt-ist-das-erlebnis","status":"publish","type":"product","link":"https:\/\/pizbube.ch\/en\/shop\/was-zaehlt-ist-das-erlebnis\/","title":{"rendered":"Was z\u00e4hlt ist das Erlebnis"},"content":{"rendered":"<p align=\"left\">Auffermann schreibt in dem reich illustrierten Portrait \u00fcber Heckmairs aufregendes Leben, \u00fcber seine Triumphe am Berg, seine Abenteuer als Bergvagabund und Weltreisender sowie sein Wirken als Bergf\u00fchrer und Alpinp\u00e4dagoge. Im Vordergrund aber steht Anderl Heckmair als Mensch, als Person mit einem au\u00dfergew\u00f6hnlichen Lebensentwurf.<\/p>\n<p align=\"left\"><span style=\"font-family: Verdana, Arial, Helvetica, sans-serif;font-size: small\">Mit der Erstdurchsteigung der Eiger-Nordwand ist Anderl Heckmair ganz oben auf der Liste der alpinen Pioniere zu finden. Der heute sechsundneunzigj\u00e4hrige Bergf\u00fchrer verk\u00f6rpert als lebende Legende die Werte des gro\u00dfen klassischen Alpinismus.<br \/>\nUli Auffermann schreibt in dem reich illustrierten Portrait \u00fcber Heckmairs aufregendes Leben, \u00fcber seine Triumphe am Berg, seine Abenteuer als Bergvagabund und Weltreisender sowie sein Wirken als Bergf\u00fchrer und Alpinp\u00e4dagoge. Im Vordergrund aber steht Anderl Heckmair als Mensch, als Person mit einem au\u00dfergew\u00f6hnlichen Lebensentwurf. Ein Lebensentwurf, der auch den Nichtbergsteiger begeistert: mit allen Sinnen zu genie\u00dfen, sich immer wieder freimachend von Zw\u00e4ngen und Normen, den Lebenssinn in abenteuerlichen Herausforderungen, in Begegnungen mit verschiedensten Menschen, fremden Kulturen und der Natur in ihrer ganzen Intensit\u00e4t zu finden.<\/span><\/p>\n<p><span style=\"font-family: Verdana, Arial, Helvetica, sans-serif;font-size: small\">Rund 250 S\/W-Abbildungen, viele bisher unver\u00f6ffentlichte Zeitdokumente<\/span><\/p>\n<p>368 Seiten;<br \/>\n4. Auflage 2020<\/p>","protected":false},"excerpt":{"rendered":"<p>Auffermann schreibt in dem reich illustrierten Portrait \u00fcber Heckmairs aufregendes Leben, \u00fcber seine Triumphe am Berg, seine Abenteuer als Bergvagabund und Weltreisender sowie sein Wirken als Bergf\u00fchrer und Alpinp\u00e4dagoge. Im Vordergrund aber steht Anderl Heckmair als Mensch, als Person mit einem au\u00dfergew\u00f6hnlichen Lebensentwurf. Mit der Erstdurchsteigung der Eiger-Nordwand ist Anderl Heckmair ganz oben auf der [&#8230;]\n","protected":false},"featured_media":174467,"template":"","meta":[],"product_brand":[],"product_cat":[21542],"product_tag":[],"class_list":{"0":"post-151613","1":"product","2":"type-product","3":"status-publish","4":"has-post-thumbnail","6":"product_cat-sachbuecher-dokumentationen","7":"pa_autor-auffermann","8":"pa_erscheinungsjahr-21558","9":"pa_region-deutschland","10":"pa_sprache-de","12":"first","13":"instock","14":"taxable","15":"shipping-taxable","16":"purchasable","17":"product-type-simple"},"_links":{"self":[{"href":"https:\/\/pizbube.ch\/en\/wp-json\/wp\/v2\/product\/151613","targetHints":{"allow":["GET"]}}],"collection":[{"href":"https:\/\/pizbube.ch\/en\/wp-json\/wp\/v2\/product"}],"about":[{"href":"https:\/\/pizbube.ch\/en\/wp-json\/wp\/v2\/types\/product"}],"wp:featuredmedia":[{"embeddable":true,"href":"https:\/\/pizbube.ch\/en\/wp-json\/wp\/v2\/media\/174467"}],"wp:attachment":[{"href":"https:\/\/pizbube.ch\/en\/wp-json\/wp\/v2\/media?parent=151613"}],"wp:term":[{"taxonomy":"product_brand","embeddable":true,"href":"https:\/\/pizbube.ch\/en\/wp-json\/wp\/v2\/product_brand?post=151613"},{"taxonomy":"product_cat","embeddable":true,"href":"https:\/\/pizbube.ch\/en\/wp-json\/wp\/v2\/product_cat?post=151613"},{"taxonomy":"product_tag","embeddable":true,"href":"https:\/\/pizbube.ch\/en\/wp-json\/wp\/v2\/product_tag?post=151613"}],"curies":[{"name":"wp","href":"https:\/\/api.w.org\/{rel}","templated":true}]}}