{"id":151614,"date":"2021-01-15T12:01:07","date_gmt":"2021-01-15T12:01:07","guid":{"rendered":"https:\/\/codengine3.ch\/?product=import-placeholder-for-201810"},"modified":"2021-01-15T12:04:48","modified_gmt":"2021-01-15T12:04:48","slug":"anderl-heckmair-eigernordwand-grand-jorasses-und-andere-abenteuer","status":"publish","type":"product","link":"https:\/\/pizbube.ch\/en\/shop\/anderl-heckmair-eigernordwand-grand-jorasses-und-andere-abenteuer\/","title":{"rendered":"Anderl Heckmair Eigernordwand, Grand Jorasses und andere Abenteuer"},"content":{"rendered":"<p>Reich illustrierte Autobiografie des Erstdurchsteigers der Eigernordwand. Als<br \/>\ndem M\u00fcnchner Anderl Heckmair 1938 zusammen mit der von ihm gef\u00fchrten<br \/>\nViererseilschaft die Erstdurchsteigung der Eigernordwand gelang, war er in<br \/>\nBergsteigerkreisen l\u00e4ngst kein Unbekannter mehr, seine Touren in den Dolomiten<br \/>\nund den Grandes<br \/>\nJorasses waren bereits Legende. Der Sieg \u00fcber die Eigernordwand wie die<br \/>\nErstdurchsteigung im Jargon der Zeit genannt wurde machte ihn aber \u00fcber Nacht<br \/>\npopul\u00e4r und \u00f6ffnete ihm \u00fcberall Tor und T\u00fcr, hinauf bis zum F\u00fchrer Adolf<br \/>\nHitler pers\u00f6nlich.<br \/>\n\u00dcber 100 Fotografien aus Heckmairs Privatarchiv halten die wichtigen Stationen<br \/>\nim Leben des ber\u00fchmten Bergsteigers auch im Bild fest.<\/p>","protected":false},"excerpt":{"rendered":"<ul>\n<li><b>INFO: Neuauflage geplant, Dezember 2006<b><\/li>\n<\/ul>","protected":false},"featured_media":29195,"template":"","meta":[],"product_brand":[],"product_cat":[21542],"product_tag":[],"class_list":{"0":"post-151614","1":"product","2":"type-product","3":"status-publish","4":"has-post-thumbnail","6":"product_cat-sachbuecher-dokumentationen","7":"pa_autor-kopp","8":"pa_erscheinungsjahr-22144","9":"pa_region-deutschland","10":"pa_sprache-de","12":"first","13":"outofstock","14":"taxable","15":"shipping-taxable","16":"purchasable","17":"product-type-simple"},"_links":{"self":[{"href":"https:\/\/pizbube.ch\/en\/wp-json\/wp\/v2\/product\/151614","targetHints":{"allow":["GET"]}}],"collection":[{"href":"https:\/\/pizbube.ch\/en\/wp-json\/wp\/v2\/product"}],"about":[{"href":"https:\/\/pizbube.ch\/en\/wp-json\/wp\/v2\/types\/product"}],"wp:featuredmedia":[{"embeddable":true,"href":"https:\/\/pizbube.ch\/en\/wp-json\/wp\/v2\/media\/29195"}],"wp:attachment":[{"href":"https:\/\/pizbube.ch\/en\/wp-json\/wp\/v2\/media?parent=151614"}],"wp:term":[{"taxonomy":"product_brand","embeddable":true,"href":"https:\/\/pizbube.ch\/en\/wp-json\/wp\/v2\/product_brand?post=151614"},{"taxonomy":"product_cat","embeddable":true,"href":"https:\/\/pizbube.ch\/en\/wp-json\/wp\/v2\/product_cat?post=151614"},{"taxonomy":"product_tag","embeddable":true,"href":"https:\/\/pizbube.ch\/en\/wp-json\/wp\/v2\/product_tag?post=151614"}],"curies":[{"name":"wp","href":"https:\/\/api.w.org\/{rel}","templated":true}]}}