{"id":151615,"date":"2021-01-15T12:01:07","date_gmt":"2021-01-15T12:01:07","guid":{"rendered":"https:\/\/codengine3.ch\/?product=import-placeholder-for-201390"},"modified":"2021-01-15T12:01:12","modified_gmt":"2021-01-15T12:01:12","slug":"au-dela-de-la-verticale","status":"publish","type":"product","link":"https:\/\/pizbube.ch\/en\/shop\/au-dela-de-la-verticale\/","title":{"rendered":"Au- del\u00e0 de la Verticale"},"content":{"rendered":"<p>Selon Livanos, l\u2019escalade consiste \u00e0 partir d\u2019en bas, arriver en haut et<br \/>\nredescendre, pas trop vite\u2026 Livanos r\u00e9sume sa carri\u00e8re de grimpeur en quelques<br \/>\nchiffres (25 000 pitons, 300 premi\u00e8res, 700 rappels). Au rythme du tintement<br \/>\ndes pitons, il aura port\u00e9 l\u2019humour et la d\u00e9rision bien au-del\u00e0 de la<br \/>\nverticale.<br \/>\n350 pages, 250 photos.  <\/p>","protected":false},"excerpt":{"rendered":"<p>Selon Livanos, l\u2019escalade consiste \u00e0 partir d\u2019en bas, arriver en haut et redescendre, pas trop vite\u2026 Livanos r\u00e9sume sa carri\u00e8re de grimpeur en quelques chiffres (25 000 pitons, 300 premi\u00e8res, 700 rappels). Au rythme du tintement des pitons, il aura port\u00e9 l\u2019humour et la d\u00e9rision bien au-del\u00e0 de la verticale. 350 pages, 250 photos.<\/p>","protected":false},"featured_media":28726,"template":"","meta":[],"product_brand":[],"product_cat":[21542],"product_tag":[],"class_list":{"0":"post-151615","1":"product","2":"type-product","3":"status-publish","4":"has-post-thumbnail","6":"product_cat-sachbuecher-dokumentationen","7":"pa_autor-livanos","8":"pa_erscheinungsjahr-22242","9":"pa_region-frankreich","10":"pa_sprache-fr","12":"first","13":"instock","14":"taxable","15":"shipping-taxable","16":"purchasable","17":"product-type-simple"},"_links":{"self":[{"href":"https:\/\/pizbube.ch\/en\/wp-json\/wp\/v2\/product\/151615","targetHints":{"allow":["GET"]}}],"collection":[{"href":"https:\/\/pizbube.ch\/en\/wp-json\/wp\/v2\/product"}],"about":[{"href":"https:\/\/pizbube.ch\/en\/wp-json\/wp\/v2\/types\/product"}],"wp:featuredmedia":[{"embeddable":true,"href":"https:\/\/pizbube.ch\/en\/wp-json\/wp\/v2\/media\/28726"}],"wp:attachment":[{"href":"https:\/\/pizbube.ch\/en\/wp-json\/wp\/v2\/media?parent=151615"}],"wp:term":[{"taxonomy":"product_brand","embeddable":true,"href":"https:\/\/pizbube.ch\/en\/wp-json\/wp\/v2\/product_brand?post=151615"},{"taxonomy":"product_cat","embeddable":true,"href":"https:\/\/pizbube.ch\/en\/wp-json\/wp\/v2\/product_cat?post=151615"},{"taxonomy":"product_tag","embeddable":true,"href":"https:\/\/pizbube.ch\/en\/wp-json\/wp\/v2\/product_tag?post=151615"}],"curies":[{"name":"wp","href":"https:\/\/api.w.org\/{rel}","templated":true}]}}