{"id":151617,"date":"2021-01-15T12:01:07","date_gmt":"2021-01-15T12:01:07","guid":{"rendered":"https:\/\/codengine3.ch\/?product=import-placeholder-for-202147"},"modified":"2021-04-21T17:55:08","modified_gmt":"2021-04-21T15:55:08","slug":"grand-alpinisme","status":"publish","type":"product","link":"https:\/\/pizbube.ch\/en\/shop\/grand-alpinisme\/","title":{"rendered":"Grand Alpinisme"},"content":{"rendered":"<p>Le Groupe de Haute Montagne GHM f\u00eate ses 80 ans.<\/p>\n<p>Terray, Lachenal, Livanos s&#8217;y sont inscrits et d&#8217;autres du m\u00eame acabit. Voici une s\u00e9lection des meilleurs<br \/>\ntextes publi\u00e9s dans leurs revues et g\u00e9n\u00e9ralement in\u00e9dits sous forme d&#8217;ouvrage.<\/p>\n<p>Edit\u00e9 \u00e0 l&#8217;occasion des 80 ans du Groupe de Haute Montagne, cet ouvrage de luxe retrace les moments forts de l&#8217;alpinisme de haut niveau tel qu&#8217;il a \u00e9t\u00e9 v\u00e9cu, pens\u00e9 ou r\u00eav\u00e9 par ses membres depuis 1919.<\/p>\n<p>Ouvrage unique sur l&#8217;oeuvre collective du Groupe, accompagn\u00e9 d\u00edune iconographie originale de haute qualit\u00e9, ce livre rassemble des textes exceptionnels puis\u00e9s dans les revues du Groupe, Alpinisme et les Annales, ainsi que dans la revue la Montagne &amp; Alpinisme.<\/p>\n<p>Ascensions c\u00e9l\u00e8bres dans les Alpes, conqu\u00eate de l&#8217;Himalaya, exp\u00e9ditions dans des massifs lointains, portraits, r\u00e9flexions sur l&#8217;alpinisme dans ses fondements et sa pratique, ces textes ont \u00e9t\u00e9 choisis pour leur importance historique et litt\u00e9raire. La plupart d&#8217;entre eux n&#8217;ont jamais \u00e9t\u00e9 publi\u00e9s ailleurs, ce qui donne un int\u00e9r\u00eat suppl\u00e9mentaire \u00e0 ce floril\u00e8ge.<\/p>","protected":false},"excerpt":{"rendered":"<p>Le Groupe de Haute Montagne GHM f\u00eate ses 80 ans. Terray, Lachenal, Livanos s&#8217;y sont inscrits et d&#8217;autres du m\u00eame acabit. Voici une s\u00e9lection des meilleurs textes publi\u00e9s dans leurs revues et g\u00e9n\u00e9ralement in\u00e9dits sous forme d&#8217;ouvrage. Edit\u00e9 \u00e0 l&#8217;occasion des 80 ans du Groupe de Haute Montagne, cet ouvrage de luxe retrace les moments [&#8230;]\n","protected":false},"featured_media":157003,"template":"","meta":[],"product_brand":[],"product_cat":[21542],"product_tag":[],"class_list":{"0":"post-151617","1":"product","2":"type-product","3":"status-publish","4":"has-post-thumbnail","6":"product_cat-sachbuecher-dokumentationen","7":"pa_autor-ghm","8":"pa_erscheinungsjahr-22242","9":"pa_region-frankreich","10":"pa_sprache-fr","12":"first","13":"instock","14":"taxable","15":"shipping-taxable","16":"purchasable","17":"product-type-simple"},"_links":{"self":[{"href":"https:\/\/pizbube.ch\/en\/wp-json\/wp\/v2\/product\/151617","targetHints":{"allow":["GET"]}}],"collection":[{"href":"https:\/\/pizbube.ch\/en\/wp-json\/wp\/v2\/product"}],"about":[{"href":"https:\/\/pizbube.ch\/en\/wp-json\/wp\/v2\/types\/product"}],"wp:featuredmedia":[{"embeddable":true,"href":"https:\/\/pizbube.ch\/en\/wp-json\/wp\/v2\/media\/157003"}],"wp:attachment":[{"href":"https:\/\/pizbube.ch\/en\/wp-json\/wp\/v2\/media?parent=151617"}],"wp:term":[{"taxonomy":"product_brand","embeddable":true,"href":"https:\/\/pizbube.ch\/en\/wp-json\/wp\/v2\/product_brand?post=151617"},{"taxonomy":"product_cat","embeddable":true,"href":"https:\/\/pizbube.ch\/en\/wp-json\/wp\/v2\/product_cat?post=151617"},{"taxonomy":"product_tag","embeddable":true,"href":"https:\/\/pizbube.ch\/en\/wp-json\/wp\/v2\/product_tag?post=151617"}],"curies":[{"name":"wp","href":"https:\/\/api.w.org\/{rel}","templated":true}]}}