{"id":151619,"date":"2021-01-15T12:01:07","date_gmt":"2021-01-15T12:01:07","guid":{"rendered":"https:\/\/codengine3.ch\/?product=import-placeholder-for-206343"},"modified":"2021-01-15T14:48:14","modified_gmt":"2021-01-15T14:48:14","slug":"la-montagne-en-direct-la-vie-de-rene-desmaison","status":"publish","type":"product","link":"https:\/\/pizbube.ch\/en\/shop\/la-montagne-en-direct-la-vie-de-rene-desmaison\/","title":{"rendered":"La montagne en direct &#8211; La vie de Ren\u00e9 Desmaison"},"content":{"rendered":"<p>Antoine Chandellier signe la premi\u00e8re grande biographie de l\u2019alpiniste. Un<br \/>\nlivre \u00e9v\u00e9nement \u00e0 plusieurs titres:<br \/>\n&#8211; Jusque-l\u00e0, trois ans apr\u00e8s sa mort en 2007, aucun livre aussi exhaustif,<br \/>\naucune enqu\u00eate aussi compl\u00e8te, n\u2019ont retrac\u00e9 la vie mouvement\u00e9e de Ren\u00e9<br \/>\nDesmaison, l\u2019un des plus grands alpinistes de tous les temps.<br \/>\n&#8211; La vie de Ren\u00e9 Desmaison est un roman d\u2019aventure digne des plus grands<br \/>\nfilms de Jos\u00e9 Giovanni (qui devint son beau-fr\u00e8re), o\u00f9 se m\u00ealent tous les<br \/>\ningr\u00e9dients d\u2019un bon polar.  <\/p>","protected":false},"excerpt":{"rendered":"<p>Antoine Chandellier signe la premi\u00e8re grande biographie de l\u2019alpiniste. Un livre \u00e9v\u00e9nement \u00e0 plusieurs titres: &#8211; Jusque-l\u00e0, trois ans apr\u00e8s sa mort en 2007, aucun livre aussi exhaustif, aucune enqu\u00eate aussi compl\u00e8te, n\u2019ont retrac\u00e9 la vie mouvement\u00e9e de Ren\u00e9 Desmaison, l\u2019un des plus grands alpinistes de tous les temps. &#8211; La vie de Ren\u00e9 Desmaison [&#8230;]\n","protected":false},"featured_media":35348,"template":"","meta":[],"product_brand":[],"product_cat":[21542],"product_tag":[],"class_list":{"0":"post-151619","1":"product","2":"type-product","3":"status-publish","4":"has-post-thumbnail","6":"product_cat-sachbuecher-dokumentationen","7":"pa_autor-chandellier","8":"pa_erscheinungsjahr-21830","9":"pa_region-frankreich","10":"pa_sprache-fr","12":"first","13":"instock","14":"taxable","15":"shipping-taxable","16":"purchasable","17":"product-type-simple"},"_links":{"self":[{"href":"https:\/\/pizbube.ch\/en\/wp-json\/wp\/v2\/product\/151619","targetHints":{"allow":["GET"]}}],"collection":[{"href":"https:\/\/pizbube.ch\/en\/wp-json\/wp\/v2\/product"}],"about":[{"href":"https:\/\/pizbube.ch\/en\/wp-json\/wp\/v2\/types\/product"}],"wp:featuredmedia":[{"embeddable":true,"href":"https:\/\/pizbube.ch\/en\/wp-json\/wp\/v2\/media\/35348"}],"wp:attachment":[{"href":"https:\/\/pizbube.ch\/en\/wp-json\/wp\/v2\/media?parent=151619"}],"wp:term":[{"taxonomy":"product_brand","embeddable":true,"href":"https:\/\/pizbube.ch\/en\/wp-json\/wp\/v2\/product_brand?post=151619"},{"taxonomy":"product_cat","embeddable":true,"href":"https:\/\/pizbube.ch\/en\/wp-json\/wp\/v2\/product_cat?post=151619"},{"taxonomy":"product_tag","embeddable":true,"href":"https:\/\/pizbube.ch\/en\/wp-json\/wp\/v2\/product_tag?post=151619"}],"curies":[{"name":"wp","href":"https:\/\/api.w.org\/{rel}","templated":true}]}}