{"id":151620,"date":"2021-01-15T12:01:07","date_gmt":"2021-01-15T12:01:07","guid":{"rendered":"https:\/\/codengine3.ch\/?product=import-placeholder-for-206226"},"modified":"2021-01-15T14:47:22","modified_gmt":"2021-01-15T14:47:22","slug":"les-petits-conquerants","status":"publish","type":"product","link":"https:\/\/pizbube.ch\/en\/shop\/les-petits-conquerants\/","title":{"rendered":"Les Petits Conqu\u00e9rants"},"content":{"rendered":"<p>La premi\u00e8re collection &#8218;jeunesse&#8216; pour raconter les aventures des grands<br \/>\nalpinistes aux plus jeunes lecteurs! Cette collection d\u00e9bute avec les<br \/>\naventures de Lionel Terray.  <\/p>\n<p>Les parents du jeune Terray d\u00e9testaient l\u2019alpinisme.<br \/>\nEst-ce l\u2019attrait de ce qui est d\u00e9fendu? Lionel fascin\u00e9 par l\u2019escalade fait ses<br \/>\npremi\u00e8res exp\u00e9riences en cachette.<br \/>\nEnsuite, il va d\u00e9couvrir les plus grandes aventures en montagne avec son ami<br \/>\nLouis Lachenal : l\u2019ascension de la Walker puis de l\u2019Eiger et enfin,<br \/>\nl\u2019Annapurna qui les propulse dans une autre monde, celui, au del\u00e0 de 8000<br \/>\nm\u00e8tres, ou rien ni personne ne peut survivre\u2026<br \/>\nAssortie de notes pour expliquer le vocabulaire et les techniques de<br \/>\nl\u2019alpinisme, l\u2019autobiographie de Lionel Terray est ici enti\u00e8rement r\u00e9\u00e9crite \u00e0<br \/>\nl\u2019intention des jeunes lecteurs. L\u2019aventure, le fantastique, la d\u00e9couverte<br \/>\nd\u2019un univers inconnu\u2026<br \/>\nTexte de Vic \u00c9patin, d\u2019apr\u00e8s Lionel Terray,<br \/>\nFormat : 15 x 19 cm, illustrations originales de Ronan B\u00e9goc<br \/>\nenviron 200 pages  <\/p>","protected":false},"excerpt":{"rendered":"<p>La premi\u00e8re collection &#8218;jeunesse&#8216; pour raconter les aventures des grands alpinistes aux plus jeunes lecteurs! Cette collection d\u00e9bute avec les aventures de Lionel Terray. Les parents du jeune Terray d\u00e9testaient l\u2019alpinisme. Est-ce l\u2019attrait de ce qui est d\u00e9fendu? Lionel fascin\u00e9 par l\u2019escalade fait ses premi\u00e8res exp\u00e9riences en cachette. Ensuite, il va d\u00e9couvrir les plus grandes [&#8230;]\n","protected":false},"featured_media":35193,"template":"","meta":[],"product_brand":[],"product_cat":[21542],"product_tag":[],"class_list":{"0":"post-151620","1":"product","2":"type-product","3":"status-publish","4":"has-post-thumbnail","6":"product_cat-sachbuecher-dokumentationen","7":"pa_autor-epatin-terray","8":"pa_erscheinungsjahr-21830","9":"pa_region-frankreich","10":"pa_sprache-fr","12":"first","13":"instock","14":"taxable","15":"shipping-taxable","16":"purchasable","17":"product-type-simple"},"_links":{"self":[{"href":"https:\/\/pizbube.ch\/en\/wp-json\/wp\/v2\/product\/151620","targetHints":{"allow":["GET"]}}],"collection":[{"href":"https:\/\/pizbube.ch\/en\/wp-json\/wp\/v2\/product"}],"about":[{"href":"https:\/\/pizbube.ch\/en\/wp-json\/wp\/v2\/types\/product"}],"wp:featuredmedia":[{"embeddable":true,"href":"https:\/\/pizbube.ch\/en\/wp-json\/wp\/v2\/media\/35193"}],"wp:attachment":[{"href":"https:\/\/pizbube.ch\/en\/wp-json\/wp\/v2\/media?parent=151620"}],"wp:term":[{"taxonomy":"product_brand","embeddable":true,"href":"https:\/\/pizbube.ch\/en\/wp-json\/wp\/v2\/product_brand?post=151620"},{"taxonomy":"product_cat","embeddable":true,"href":"https:\/\/pizbube.ch\/en\/wp-json\/wp\/v2\/product_cat?post=151620"},{"taxonomy":"product_tag","embeddable":true,"href":"https:\/\/pizbube.ch\/en\/wp-json\/wp\/v2\/product_tag?post=151620"}],"curies":[{"name":"wp","href":"https:\/\/api.w.org\/{rel}","templated":true}]}}