{"id":151621,"date":"2021-01-15T12:01:07","date_gmt":"2021-01-15T12:01:07","guid":{"rendered":"https:\/\/codengine3.ch\/?product=import-placeholder-for-201392"},"modified":"2021-01-15T12:01:13","modified_gmt":"2021-01-15T12:01:13","slug":"carnets-du-vertige","status":"publish","type":"product","link":"https:\/\/pizbube.ch\/en\/shop\/carnets-du-vertige\/","title":{"rendered":"Carnets du Vertige"},"content":{"rendered":"<p>3 juin 1950 : Lachenal et Herzog atteignent le sommet de l&#8216; Annapurna. Au<br \/>\nretour c&#8216; est la gloire : Herzog publie son r\u00e9cit, Lachenal se tait. cinquante<br \/>\nans apr\u00e8s l&#8217;exp\u00e9dition \u00e0 l&#8217;Annapurna, le Journal de Lachenal enfin<br \/>\nint\u00e9gralement publi\u00e9! (avec 400 photos)  <\/p>","protected":false},"excerpt":{"rendered":"<ul>\n<li><b>INFO: Neuauflage unbestimmt<b><\/li>\n<\/ul>","protected":false},"featured_media":28728,"template":"","meta":[],"product_brand":[],"product_cat":[21542],"product_tag":[],"class_list":{"0":"post-151621","1":"product","2":"type-product","3":"status-publish","4":"has-post-thumbnail","6":"product_cat-sachbuecher-dokumentationen","7":"pa_autor-lachenal","8":"pa_erscheinungsjahr-22133","9":"pa_region-frankreich","10":"pa_sprache-fr","12":"first","13":"outofstock","14":"taxable","15":"shipping-taxable","16":"purchasable","17":"product-type-simple"},"_links":{"self":[{"href":"https:\/\/pizbube.ch\/en\/wp-json\/wp\/v2\/product\/151621","targetHints":{"allow":["GET"]}}],"collection":[{"href":"https:\/\/pizbube.ch\/en\/wp-json\/wp\/v2\/product"}],"about":[{"href":"https:\/\/pizbube.ch\/en\/wp-json\/wp\/v2\/types\/product"}],"wp:featuredmedia":[{"embeddable":true,"href":"https:\/\/pizbube.ch\/en\/wp-json\/wp\/v2\/media\/28728"}],"wp:attachment":[{"href":"https:\/\/pizbube.ch\/en\/wp-json\/wp\/v2\/media?parent=151621"}],"wp:term":[{"taxonomy":"product_brand","embeddable":true,"href":"https:\/\/pizbube.ch\/en\/wp-json\/wp\/v2\/product_brand?post=151621"},{"taxonomy":"product_cat","embeddable":true,"href":"https:\/\/pizbube.ch\/en\/wp-json\/wp\/v2\/product_cat?post=151621"},{"taxonomy":"product_tag","embeddable":true,"href":"https:\/\/pizbube.ch\/en\/wp-json\/wp\/v2\/product_tag?post=151621"}],"curies":[{"name":"wp","href":"https:\/\/api.w.org\/{rel}","templated":true}]}}