{"id":151622,"date":"2021-01-15T12:01:08","date_gmt":"2021-01-15T12:01:08","guid":{"rendered":"https:\/\/codengine3.ch\/?product=import-placeholder-for-207647"},"modified":"2021-01-15T16:05:34","modified_gmt":"2021-01-15T16:05:34","slug":"lionel-terray-linoubliable-conquerant","status":"publish","type":"product","link":"https:\/\/pizbube.ch\/en\/shop\/lionel-terray-linoubliable-conquerant\/","title":{"rendered":"Lionel Terray &#8211; l&#8217;inoubliable conqu\u00e9rant"},"content":{"rendered":"<p>La premi\u00e8re biographie sur l&#8217;un des plus grands noms de l&#8217;alpinisme, h\u00e9ros de<br \/>\nl&#8217;Annapurna.<\/p>\n<p>Lionel Terray. Le destin hors du commun d&#8217;un fils de bonne famille qui avait<br \/>\nchoisi d&#8217;\u00eatre paysan. Tout \u00e0 la fois ind\u00e9pendant et faisant preuve d&#8217;un fort<br \/>\nesprit d&#8217;\u00e9quipe, intimement li\u00e9 aux parcours de Louis Lachenal et Guido<br \/>\nMagnone avec lesquels il a form\u00e9 des cord\u00e9es l\u00e9gendaires, cet \u00eatre complexe et<br \/>\nformidable, alliant la simplicit\u00e9 et le g\u00e9nie, va \u00e9crire quelques-unes des<br \/>\nplus belles pages de l&#8217;alpinisme et des exp\u00e9ditions lointaines (Annapurna,<br \/>\nJannu, Makalu, P\u00e9rou, Patagonie, etc.).<\/p>\n<p>Face \u00e0 l&#8217;attentisme de la compagnie des guides de Chamonix et de l&#8217;arm\u00e9e, il<br \/>\nparticipera activement \u00e0 l&#8217;un des \u00e9pisodes les plus dramatiques de l&#8217;alpinisme<br \/>\nen organisant une cord\u00e9e de secours terrestre pour aller sauver les alpinistes<br \/>\nVincendon et Henry en perdition sous le mont Blanc.<\/p>\n<p>Au-del\u00e0 de ces exploits, il a marqu\u00e9 \u00e0 jamais la litt\u00e9rature de montagne avec<br \/>\nla parution en 1961 de son remarquable livre Les Conqu\u00e9rants de l&#8217;inutile,<br \/>\ntr\u00e8s en avance sur son temps.<\/p>\n<p>C&#8217;est sans doute pour cela que personne n&#8217;a os\u00e9 jusque-l\u00e0 \u00e9crire sa<br \/>\nbiographie. C&#8217;est aujourd&#8217;hui chose faite gr\u00e2ce \u00e0 Marcel P\u00e9r\u00e8s, qui par ses<br \/>\nrecherches approfondies et les nombreux t\u00e9moignages recueillis r\u00e9cemment, nous<br \/>\napporte les \u00e9clairages indispensables pour d\u00e9couvrir les multiples facettes de<br \/>\nce conqu\u00e9rant oubli\u00e9.<\/p>","protected":false},"excerpt":{"rendered":"<p>La premi\u00e8re biographie sur l&#8217;un des plus grands noms de l&#8217;alpinisme, h\u00e9ros de l&#8217;Annapurna. Lionel Terray. Le destin hors du commun d&#8217;un fils de bonne famille qui avait choisi d&#8217;\u00eatre paysan. Tout \u00e0 la fois ind\u00e9pendant et faisant preuve d&#8217;un fort esprit d&#8217;\u00e9quipe, intimement li\u00e9 aux parcours de Louis Lachenal et Guido Magnone avec lesquels [&#8230;]\n","protected":false},"featured_media":38039,"template":"","meta":[],"product_brand":[],"product_cat":[21542],"product_tag":[],"class_list":{"0":"post-151622","1":"product","2":"type-product","3":"status-publish","4":"has-post-thumbnail","6":"product_cat-sachbuecher-dokumentationen","7":"pa_autor-peres","8":"pa_erscheinungsjahr-21571","9":"pa_region-frankreich","10":"pa_sprache-fr","12":"first","13":"instock","14":"taxable","15":"shipping-taxable","16":"purchasable","17":"product-type-simple"},"_links":{"self":[{"href":"https:\/\/pizbube.ch\/en\/wp-json\/wp\/v2\/product\/151622","targetHints":{"allow":["GET"]}}],"collection":[{"href":"https:\/\/pizbube.ch\/en\/wp-json\/wp\/v2\/product"}],"about":[{"href":"https:\/\/pizbube.ch\/en\/wp-json\/wp\/v2\/types\/product"}],"wp:featuredmedia":[{"embeddable":true,"href":"https:\/\/pizbube.ch\/en\/wp-json\/wp\/v2\/media\/38039"}],"wp:attachment":[{"href":"https:\/\/pizbube.ch\/en\/wp-json\/wp\/v2\/media?parent=151622"}],"wp:term":[{"taxonomy":"product_brand","embeddable":true,"href":"https:\/\/pizbube.ch\/en\/wp-json\/wp\/v2\/product_brand?post=151622"},{"taxonomy":"product_cat","embeddable":true,"href":"https:\/\/pizbube.ch\/en\/wp-json\/wp\/v2\/product_cat?post=151622"},{"taxonomy":"product_tag","embeddable":true,"href":"https:\/\/pizbube.ch\/en\/wp-json\/wp\/v2\/product_tag?post=151622"}],"curies":[{"name":"wp","href":"https:\/\/api.w.org\/{rel}","templated":true}]}}