{"id":151623,"date":"2021-01-15T12:01:08","date_gmt":"2021-01-15T12:01:08","guid":{"rendered":"https:\/\/codengine3.ch\/?product=import-placeholder-for-207267"},"modified":"2025-05-27T10:22:33","modified_gmt":"2025-05-27T08:22:33","slug":"rappels-du-mont-blanc-a-lannapurna","status":"publish","type":"product","link":"https:\/\/pizbube.ch\/en\/shop\/rappels-du-mont-blanc-a-lannapurna\/","title":{"rendered":"Rappels &#8211; Du mont Blanc \u00e0 l&#8217;Annapurna"},"content":{"rendered":"<p>Voici enfin la version non censur\u00e9e (et augment\u00e9e d&#8217;in\u00e9dits) de l&#8217;homme qui<br \/>\naccompagna Maurice Herzog au sommet de l&#8217;Annapurna il y a 70 ans : Louis<br \/>\nLachenal.<\/p>\n<p>1950 : Maurice Herzog est le premier \u00e0 gravir un sommet de plus de 8000 m\u00e8tres<br \/>\navec Louis Lachenal. Comme cela se fait souvent \u00e0 l&#8217;\u00e9poque, il interdit \u00e0 son<br \/>\ncompagnon, par contrat, de publier le r\u00e9cit de cet exploit. Lui seul le peut.<br \/>\nCe sera Annapurna, premier 8000. Et le succ\u00e8s que l&#8217;on conna\u00eet.<\/p>\n<p>1956 : les carnets que Louis Lachenal a tout juste termin\u00e9 d&#8217;\u00e9crire avant sa<br \/>\nmort sont publi\u00e9s de mani\u00e8re posthume, enti\u00e8rement revus et coup\u00e9s par Maurice<br \/>\nHerzog lui-m\u00eame, qui donne de Lachenal l&#8217;image d&#8217;un fou. 1996 : Michel Gu\u00e9rin,<br \/>\nun an apr\u00e8s la cr\u00e9ation de sa maison d&#8217;\u00e9dition, publie la version non censur\u00e9e<br \/>\ndes Carnets du vertige de Louis Lachenal en version illustr\u00e9e. La famille<br \/>\nHerzog intente un proc\u00e8s. Le livre est retir\u00e9 de la vente.<\/p>\n<p>Aujourd\u2019hui, il est temps de faire un pas de plus au-del\u00e0 de la pol\u00e9mique, et<br \/>\nd\u2019\u00e9couter la belle voix \u00ab a cappella \u00bb de Lachenal. De l&#8217;Eiger \u00e0 l&#8217;Annapurna<br \/>\ns\u2019approche au plus pr\u00e8s du livre que Lachenal avait commenc\u00e9 \u00e0 \u00e9crire dans les<br \/>\nderniers mois de sa vie : tous ses textes, et seulement ses textes. Car leur<br \/>\npuissance et leur beaut\u00e9 brute n\u2019ont pas pris une ride. Ils sont accompagn\u00e9s<br \/>\npar un appareillage de notes, textes introductifs, et par des dessins et<br \/>\ndocuments de l\u2019auteur fournis par sa famille.<\/p>","protected":false},"excerpt":{"rendered":"<p>Voici enfin la version non censur\u00e9e (et augment\u00e9e d&#8217;in\u00e9dits) de l&#8217;homme qui accompagna Maurice Herzog au sommet de l&#8217;Annapurna il y a 70 ans : Louis Lachenal. 1950 : Maurice Herzog est le premier \u00e0 gravir un sommet de plus de 8000 m\u00e8tres avec Louis Lachenal. Comme cela se fait souvent \u00e0 l&#8217;\u00e9poque, il interdit [&#8230;]\n","protected":false},"featured_media":179826,"template":"","meta":[],"product_brand":[],"product_cat":[21542],"product_tag":[],"class_list":{"0":"post-151623","1":"product","2":"type-product","3":"status-publish","4":"has-post-thumbnail","6":"product_cat-sachbuecher-dokumentationen","7":"pa_autor-lachenal","8":"pa_erscheinungsjahr-21558","9":"pa_region-frankreich","10":"pa_sprache-fr","12":"first","13":"onbackorder","14":"taxable","15":"shipping-taxable","16":"purchasable","17":"product-type-simple"},"_links":{"self":[{"href":"https:\/\/pizbube.ch\/en\/wp-json\/wp\/v2\/product\/151623","targetHints":{"allow":["GET"]}}],"collection":[{"href":"https:\/\/pizbube.ch\/en\/wp-json\/wp\/v2\/product"}],"about":[{"href":"https:\/\/pizbube.ch\/en\/wp-json\/wp\/v2\/types\/product"}],"wp:featuredmedia":[{"embeddable":true,"href":"https:\/\/pizbube.ch\/en\/wp-json\/wp\/v2\/media\/179826"}],"wp:attachment":[{"href":"https:\/\/pizbube.ch\/en\/wp-json\/wp\/v2\/media?parent=151623"}],"wp:term":[{"taxonomy":"product_brand","embeddable":true,"href":"https:\/\/pizbube.ch\/en\/wp-json\/wp\/v2\/product_brand?post=151623"},{"taxonomy":"product_cat","embeddable":true,"href":"https:\/\/pizbube.ch\/en\/wp-json\/wp\/v2\/product_cat?post=151623"},{"taxonomy":"product_tag","embeddable":true,"href":"https:\/\/pizbube.ch\/en\/wp-json\/wp\/v2\/product_tag?post=151623"}],"curies":[{"name":"wp","href":"https:\/\/api.w.org\/{rel}","templated":true}]}}