{"id":151624,"date":"2021-01-15T12:01:08","date_gmt":"2021-01-15T12:01:08","guid":{"rendered":"https:\/\/codengine3.ch\/?product=import-placeholder-for-201524"},"modified":"2021-01-15T12:02:23","modified_gmt":"2021-01-15T12:02:23","slug":"annapurna-premier-huit-mille","status":"publish","type":"product","link":"https:\/\/pizbube.ch\/en\/shop\/annapurna-premier-huit-mille\/","title":{"rendered":"Annapurna premier huit mille"},"content":{"rendered":"<p>T\u00e9moinage humain captivant, Annapurna premier huit mille est aussi un<br \/>\nreportage passionnant sur une exp\u00e9dition pionni\u00e8re et une \u00e9poque d\u00e9terminante.<\/p>","protected":false},"excerpt":{"rendered":"<p>T\u00e9moinage humain captivant, Annapurna premier huit mille est aussi un reportage passionnant sur une exp\u00e9dition pionni\u00e8re et une \u00e9poque d\u00e9terminante.<\/p>","protected":false},"featured_media":28881,"template":"","meta":[],"product_brand":[],"product_cat":[21542],"product_tag":[],"class_list":{"0":"post-151624","1":"product","2":"type-product","3":"status-publish","4":"has-post-thumbnail","6":"product_cat-sachbuecher-dokumentationen","7":"pa_autor-herzog","8":"pa_erscheinungsjahr-21750","9":"pa_region-frankreich","10":"pa_sprache-fr","12":"first","13":"instock","14":"taxable","15":"shipping-taxable","16":"purchasable","17":"product-type-simple"},"_links":{"self":[{"href":"https:\/\/pizbube.ch\/en\/wp-json\/wp\/v2\/product\/151624","targetHints":{"allow":["GET"]}}],"collection":[{"href":"https:\/\/pizbube.ch\/en\/wp-json\/wp\/v2\/product"}],"about":[{"href":"https:\/\/pizbube.ch\/en\/wp-json\/wp\/v2\/types\/product"}],"wp:featuredmedia":[{"embeddable":true,"href":"https:\/\/pizbube.ch\/en\/wp-json\/wp\/v2\/media\/28881"}],"wp:attachment":[{"href":"https:\/\/pizbube.ch\/en\/wp-json\/wp\/v2\/media?parent=151624"}],"wp:term":[{"taxonomy":"product_brand","embeddable":true,"href":"https:\/\/pizbube.ch\/en\/wp-json\/wp\/v2\/product_brand?post=151624"},{"taxonomy":"product_cat","embeddable":true,"href":"https:\/\/pizbube.ch\/en\/wp-json\/wp\/v2\/product_cat?post=151624"},{"taxonomy":"product_tag","embeddable":true,"href":"https:\/\/pizbube.ch\/en\/wp-json\/wp\/v2\/product_tag?post=151624"}],"curies":[{"name":"wp","href":"https:\/\/api.w.org\/{rel}","templated":true}]}}