{"id":151625,"date":"2021-01-15T12:01:08","date_gmt":"2021-01-15T12:01:08","guid":{"rendered":"https:\/\/codengine3.ch\/?product=import-placeholder-for-201393"},"modified":"2021-01-15T12:01:13","modified_gmt":"2021-01-15T12:01:13","slug":"tragedie-a-leverest","status":"publish","type":"product","link":"https:\/\/pizbube.ch\/en\/shop\/tragedie-a-leverest\/","title":{"rendered":"Trag\u00e9die \u00e0 l`Everest"},"content":{"rendered":"<p>pour illustrer ce texte unique, Krakauer a tenu \u00e0 nous r\u00e9server les photos<br \/>\nin\u00e9dites de sa collection personnelle.<\/p>","protected":false},"excerpt":{"rendered":"<p>pour illustrer ce texte unique, Krakauer a tenu \u00e0 nous r\u00e9server les photos in\u00e9dites de sa collection personnelle.<\/p>","protected":false},"featured_media":28729,"template":"","meta":[],"product_brand":[],"product_cat":[21542],"product_tag":[],"class_list":{"0":"post-151625","1":"product","2":"type-product","3":"status-publish","4":"has-post-thumbnail","6":"product_cat-sachbuecher-dokumentationen","7":"pa_autor-krakauer","8":"pa_erscheinungsjahr-22060","9":"pa_region-asien","10":"pa_sprache-fr","12":"first","13":"instock","14":"taxable","15":"shipping-taxable","16":"purchasable","17":"product-type-simple"},"_links":{"self":[{"href":"https:\/\/pizbube.ch\/en\/wp-json\/wp\/v2\/product\/151625","targetHints":{"allow":["GET"]}}],"collection":[{"href":"https:\/\/pizbube.ch\/en\/wp-json\/wp\/v2\/product"}],"about":[{"href":"https:\/\/pizbube.ch\/en\/wp-json\/wp\/v2\/types\/product"}],"wp:featuredmedia":[{"embeddable":true,"href":"https:\/\/pizbube.ch\/en\/wp-json\/wp\/v2\/media\/28729"}],"wp:attachment":[{"href":"https:\/\/pizbube.ch\/en\/wp-json\/wp\/v2\/media?parent=151625"}],"wp:term":[{"taxonomy":"product_brand","embeddable":true,"href":"https:\/\/pizbube.ch\/en\/wp-json\/wp\/v2\/product_brand?post=151625"},{"taxonomy":"product_cat","embeddable":true,"href":"https:\/\/pizbube.ch\/en\/wp-json\/wp\/v2\/product_cat?post=151625"},{"taxonomy":"product_tag","embeddable":true,"href":"https:\/\/pizbube.ch\/en\/wp-json\/wp\/v2\/product_tag?post=151625"}],"curies":[{"name":"wp","href":"https:\/\/api.w.org\/{rel}","templated":true}]}}