{"id":151626,"date":"2021-01-15T12:01:08","date_gmt":"2021-01-15T12:01:08","guid":{"rendered":"https:\/\/codengine3.ch\/?product=import-placeholder-for-205247"},"modified":"2021-01-15T14:39:48","modified_gmt":"2021-01-15T14:39:48","slug":"double-ascension-a-leverest","status":"publish","type":"product","link":"https:\/\/pizbube.ch\/en\/shop\/double-ascension-a-leverest\/","title":{"rendered":"Double ascension \u00e0 l&#8217;Everest"},"content":{"rendered":"<p>Envisager un jour dans sa vie de tenter l&#8217;ascension des 8850 m\u00e8tres de<br \/>\nl&#8217;Everest, c&#8217;est v\u00e9hiculer un r\u00eave. Un r\u00eave qu&#8217;une \u00e9quipe compos\u00e9e<br \/>\nd?alpinistes amateurs et professionnels r\u00e9alise en ce printemps 2003, presque<br \/>\n50 ans jour pour jour apr\u00e8s la premi\u00e8re ascension.<br \/>\nParmi eux, Alexia Zuberer, une jeune alpiniste suisse et seule femme de<br \/>\nl&#8217;exp\u00e9dition. Elle r\u00e9ussit \u00e0 atteindre le sommet avec trois compagnons aux<br \/>\nderniers jours de l&#8217;exp\u00e9dition, en profitant d&#8217;une courte fen\u00eatre de beau<br \/>\ntemps.  <\/p>\n<p>Quelques ann\u00e9es plus tard, elle a l&#8217;opportunit\u00e9 de retourner \u00e0 l&#8217;Everest,<br \/>\ncette fois pour en tenter l&#8217;ascension par le versant tib\u00e9tain. Un d\u00e9fi<br \/>\nremarquable, lui aussi couronn\u00e9 de succ\u00e8s, la faisant rentrer dans le club<br \/>\nextr\u00eamement ferm\u00e9 des personnes ayant r\u00e9ussi \u00e0 atteindre le toit du monde par<br \/>\nses deux versants.  <\/p>\n<p>Alexia Zuberer nous livre dans ces pages, illustr\u00e9es de photos<br \/>\nexceptionnelles, un regard intense sur l&#8217;Everest et un t\u00e9moignage intime de<br \/>\nl&#8217;exp\u00e9rience de la haute altitude, o\u00f9 l&#8217;on sent vibrer tout l&#8217;engagement<br \/>\nphysique et spirituel d&#8217;une telle aventure.  <\/p>","protected":false},"excerpt":{"rendered":"<p>Envisager un jour dans sa vie de tenter l&#8217;ascension des 8850 m\u00e8tres de l&#8217;Everest, c&#8217;est v\u00e9hiculer un r\u00eave. Un r\u00eave qu&#8217;une \u00e9quipe compos\u00e9e d?alpinistes amateurs et professionnels r\u00e9alise en ce printemps 2003, presque 50 ans jour pour jour apr\u00e8s la premi\u00e8re ascension. Parmi eux, Alexia Zuberer, une jeune alpiniste suisse et seule femme de l&#8217;exp\u00e9dition. [&#8230;]\n","protected":false},"featured_media":33898,"template":"","meta":[],"product_brand":[],"product_cat":[21542],"product_tag":[],"class_list":{"0":"post-151626","1":"product","2":"type-product","3":"status-publish","4":"has-post-thumbnail","6":"product_cat-sachbuecher-dokumentationen","7":"pa_autor-zuberer","8":"pa_erscheinungsjahr-21591","9":"pa_region-asien","10":"pa_sprache-fr","12":"first","13":"instock","14":"taxable","15":"shipping-taxable","16":"purchasable","17":"product-type-simple"},"_links":{"self":[{"href":"https:\/\/pizbube.ch\/en\/wp-json\/wp\/v2\/product\/151626","targetHints":{"allow":["GET"]}}],"collection":[{"href":"https:\/\/pizbube.ch\/en\/wp-json\/wp\/v2\/product"}],"about":[{"href":"https:\/\/pizbube.ch\/en\/wp-json\/wp\/v2\/types\/product"}],"wp:featuredmedia":[{"embeddable":true,"href":"https:\/\/pizbube.ch\/en\/wp-json\/wp\/v2\/media\/33898"}],"wp:attachment":[{"href":"https:\/\/pizbube.ch\/en\/wp-json\/wp\/v2\/media?parent=151626"}],"wp:term":[{"taxonomy":"product_brand","embeddable":true,"href":"https:\/\/pizbube.ch\/en\/wp-json\/wp\/v2\/product_brand?post=151626"},{"taxonomy":"product_cat","embeddable":true,"href":"https:\/\/pizbube.ch\/en\/wp-json\/wp\/v2\/product_cat?post=151626"},{"taxonomy":"product_tag","embeddable":true,"href":"https:\/\/pizbube.ch\/en\/wp-json\/wp\/v2\/product_tag?post=151626"}],"curies":[{"name":"wp","href":"https:\/\/api.w.org\/{rel}","templated":true}]}}