{"id":151627,"date":"2021-01-15T12:01:08","date_gmt":"2021-01-15T12:01:08","guid":{"rendered":"https:\/\/codengine3.ch\/?product=import-placeholder-for-203948"},"modified":"2021-01-15T14:28:09","modified_gmt":"2021-01-15T14:28:09","slug":"zbaerg-wege-zum-alpkaese-amt-obersimmental-band-4","status":"publish","type":"product","link":"https:\/\/pizbube.ch\/en\/shop\/zbaerg-wege-zum-alpkaese-amt-obersimmental-band-4\/","title":{"rendered":"z&#8217;B\u00e4rg &#8211; Wege zum Alpk\u00e4se, Amt Obersimmental, Band 4"},"content":{"rendered":"<p>Der F\u00fchrer z&#8217;B\u00e4rg &#8211; Wege zum Alpk\u00e4se erm\u00f6glicht Bekanntschaften mit<br \/>\nLandschaften, Menschen und Tieren der K\u00e4sealpen im Frutigland. Er liefert alle<br \/>\nDaten der 64 beschriebenen Alpen und ihren Sennten, gibt Antworten \u00fcber deren<br \/>\ngenauen Standorte, \u00fcber Eigent\u00fcmer und das Alppersonal des Sommers 2003 sowie<br \/>\n\u00fcber die K\u00e4seproduktion und -spezialit\u00e4ten.<br \/>\nGebiete:<br \/>\nSuldtal, Kiental, Spiggengrund, Kandertal, Frutigen, Adelboden und der<br \/>\nNiesenkette<\/p>","protected":false},"excerpt":{"rendered":"<p>Der F\u00fchrer z&#8217;B\u00e4rg &#8211; Wege zum Alpk\u00e4se erm\u00f6glicht Bekanntschaften mit Landschaften, Menschen und Tieren der K\u00e4sealpen im Frutigland. Er liefert alle Daten der 64 beschriebenen Alpen und ihren Sennten, gibt Antworten \u00fcber deren genauen Standorte, \u00fcber Eigent\u00fcmer und das Alppersonal des Sommers 2003 sowie \u00fcber die K\u00e4seproduktion und -spezialit\u00e4ten. Gebiete: Suldtal, Kiental, Spiggengrund, Kandertal, Frutigen, [&#8230;]\n","protected":false},"featured_media":31662,"template":"","meta":[],"product_brand":[],"product_cat":[21542],"product_tag":[],"class_list":{"0":"post-151627","1":"product","2":"type-product","3":"status-publish","4":"has-post-thumbnail","6":"product_cat-sachbuecher-dokumentationen","7":"pa_autor-roth-straubhaar","8":"pa_erscheinungsjahr-21776","9":"pa_region-schweiz","10":"pa_sprache-de","12":"first","13":"instock","14":"taxable","15":"shipping-taxable","16":"purchasable","17":"product-type-simple"},"_links":{"self":[{"href":"https:\/\/pizbube.ch\/en\/wp-json\/wp\/v2\/product\/151627","targetHints":{"allow":["GET"]}}],"collection":[{"href":"https:\/\/pizbube.ch\/en\/wp-json\/wp\/v2\/product"}],"about":[{"href":"https:\/\/pizbube.ch\/en\/wp-json\/wp\/v2\/types\/product"}],"wp:featuredmedia":[{"embeddable":true,"href":"https:\/\/pizbube.ch\/en\/wp-json\/wp\/v2\/media\/31662"}],"wp:attachment":[{"href":"https:\/\/pizbube.ch\/en\/wp-json\/wp\/v2\/media?parent=151627"}],"wp:term":[{"taxonomy":"product_brand","embeddable":true,"href":"https:\/\/pizbube.ch\/en\/wp-json\/wp\/v2\/product_brand?post=151627"},{"taxonomy":"product_cat","embeddable":true,"href":"https:\/\/pizbube.ch\/en\/wp-json\/wp\/v2\/product_cat?post=151627"},{"taxonomy":"product_tag","embeddable":true,"href":"https:\/\/pizbube.ch\/en\/wp-json\/wp\/v2\/product_tag?post=151627"}],"curies":[{"name":"wp","href":"https:\/\/api.w.org\/{rel}","templated":true}]}}