{"id":151628,"date":"2021-01-15T12:01:08","date_gmt":"2021-01-15T12:01:08","guid":{"rendered":"https:\/\/codengine3.ch\/?product=import-placeholder-for-204281"},"modified":"2023-02-08T17:10:01","modified_gmt":"2023-02-08T16:10:01","slug":"praettigauer-alpen","status":"publish","type":"product","link":"https:\/\/pizbube.ch\/en\/shop\/praettigauer-alpen\/","title":{"rendered":"Pr\u00e4ttigauer Alpen"},"content":{"rendered":"<p>Mit 32 Kuhalpen, 5 Schafalpen, einer Ziegenalp und zahlreiche Allmeinden,<br \/>\nMutterkuh- und Jungviehalpen zwischen St\u00fcrvis und Obersilvretta, Fr\u00f6mdvereina<br \/>\nund Zanutsch, ist das Pr\u00e4ttigau auch ein Alp-Tal. Knapp ein Drittel aller<br \/>\nMilchkuhalpen Grab\u00fcndens liegen auf den H\u00f6hen dieses einen Tales und seiner<br \/>\nSeitent\u00e4ler.<\/p>\n<p>In diesem Buch schauen verschiedene Autorinnen und Autoren und ein Fotograf<br \/>\naus unterschiedlichen Blickwinkeln auf die Vielfalt an Landschaften, Tieren<br \/>\nund Menschen der Pr\u00e4ttigauer Alpen. Sie beleuchten Vergangenes, Gegenw\u00e4rtiges<br \/>\nund Zuk\u00fcnftiges.<\/p>\n<p>Herausgegeben vom Bauernverein Pr\u00e4ttigau. Fotos von Peter Donatsch, Texte von<br \/>\nverschiedenen Autoren. 144 Seiten, Grossformat.<\/p>","protected":false},"excerpt":{"rendered":"<p>Mit 32 Kuhalpen, 5 Schafalpen, einer Ziegenalp und zahlreiche Allmeinden, Mutterkuh- und Jungviehalpen zwischen St\u00fcrvis und Obersilvretta, Fr\u00f6mdvereina und Zanutsch, ist das Pr\u00e4ttigau auch ein Alp-Tal. Knapp ein Drittel aller Milchkuhalpen Grab\u00fcndens liegen auf den H\u00f6hen dieses einen Tales und seiner Seitent\u00e4ler. In diesem Buch schauen verschiedene Autorinnen und Autoren und ein Fotograf aus unterschiedlichen [&#8230;]\n","protected":false},"featured_media":32106,"template":"","meta":[],"product_brand":[],"product_cat":[21542],"product_tag":[],"class_list":{"0":"post-151628","1":"product","2":"type-product","3":"status-publish","4":"has-post-thumbnail","6":"product_cat-sachbuecher-dokumentationen","7":"pa_autor-donatsch","8":"pa_erscheinungsjahr-21920","9":"pa_region-schweiz","10":"pa_sprache-de","12":"first","13":"outofstock","14":"taxable","15":"shipping-taxable","16":"purchasable","17":"product-type-simple"},"_links":{"self":[{"href":"https:\/\/pizbube.ch\/en\/wp-json\/wp\/v2\/product\/151628","targetHints":{"allow":["GET"]}}],"collection":[{"href":"https:\/\/pizbube.ch\/en\/wp-json\/wp\/v2\/product"}],"about":[{"href":"https:\/\/pizbube.ch\/en\/wp-json\/wp\/v2\/types\/product"}],"wp:featuredmedia":[{"embeddable":true,"href":"https:\/\/pizbube.ch\/en\/wp-json\/wp\/v2\/media\/32106"}],"wp:attachment":[{"href":"https:\/\/pizbube.ch\/en\/wp-json\/wp\/v2\/media?parent=151628"}],"wp:term":[{"taxonomy":"product_brand","embeddable":true,"href":"https:\/\/pizbube.ch\/en\/wp-json\/wp\/v2\/product_brand?post=151628"},{"taxonomy":"product_cat","embeddable":true,"href":"https:\/\/pizbube.ch\/en\/wp-json\/wp\/v2\/product_cat?post=151628"},{"taxonomy":"product_tag","embeddable":true,"href":"https:\/\/pizbube.ch\/en\/wp-json\/wp\/v2\/product_tag?post=151628"}],"curies":[{"name":"wp","href":"https:\/\/api.w.org\/{rel}","templated":true}]}}