{"id":151629,"date":"2021-01-15T12:01:08","date_gmt":"2021-01-15T12:01:08","guid":{"rendered":"https:\/\/codengine3.ch\/?product=import-placeholder-for-204993"},"modified":"2021-01-15T14:37:52","modified_gmt":"2021-01-15T14:37:52","slug":"zbaerg-wege-zum-alpkaese-im-haslital-band-6","status":"publish","type":"product","link":"https:\/\/pizbube.ch\/en\/shop\/zbaerg-wege-zum-alpkaese-im-haslital-band-6\/","title":{"rendered":"z&#8217;B\u00e4rg &#8211; Wege zum Alpk\u00e4se im Haslital, Band 6"},"content":{"rendered":"<p>Der Wanderbegleiter &#8218;z&#8217;B\u00e4rg im Haslital&#8216;<br \/>\naus der Serie &#8218;Wege zum Alpk\u00e4se&#8216; erm\u00f6glicht Bekanntschaft mit Landschaften,<br \/>\nMenschen und Tieren auf den Alpen zwischen Brienz und Grimsel sowie Nachtr\u00e4ge<br \/>\nanderer Gebiete.  <\/p>\n<p>Er liefert eine F\u00fclle von Daten der 41 beschriebenen Alpen und ihrer 80<br \/>\nSennten, gibt Auskunft \u00fcber deren genauen Standort, \u00fcber Eigent\u00fcmer,<br \/>\nBewirtschafter und \u00fcbriges Alppersonal des Sommers 2006 sowie \u00fcber die K\u00e4se-<br \/>\nund Spezialit\u00e4tenproduktion.  <\/p>\n<p>384 Seiten, \u00fcber 1000 farbigen Fotos und Kartenausschnitten.  <\/p>","protected":false},"excerpt":{"rendered":"<p>Der Wanderbegleiter &#8218;z&#8217;B\u00e4rg im Haslital&#8216; aus der Serie &#8218;Wege zum Alpk\u00e4se&#8216; erm\u00f6glicht Bekanntschaft mit Landschaften, Menschen und Tieren auf den Alpen zwischen Brienz und Grimsel sowie Nachtr\u00e4ge anderer Gebiete. Er liefert eine F\u00fclle von Daten der 41 beschriebenen Alpen und ihrer 80 Sennten, gibt Auskunft \u00fcber deren genauen Standort, \u00fcber Eigent\u00fcmer, Bewirtschafter und \u00fcbriges Alppersonal [&#8230;]\n","protected":false},"featured_media":33566,"template":"","meta":[],"product_brand":[],"product_cat":[21605],"product_tag":[],"class_list":{"0":"post-151629","1":"product","2":"type-product","3":"status-publish","4":"has-post-thumbnail","6":"product_cat-wanderfuehrer-trekking","7":"pa_autor-roth-straubhaar","8":"pa_erscheinungsjahr-21842","9":"pa_region-schweiz","10":"pa_sprache-de","12":"first","13":"outofstock","14":"taxable","15":"shipping-taxable","16":"purchasable","17":"product-type-simple"},"_links":{"self":[{"href":"https:\/\/pizbube.ch\/en\/wp-json\/wp\/v2\/product\/151629","targetHints":{"allow":["GET"]}}],"collection":[{"href":"https:\/\/pizbube.ch\/en\/wp-json\/wp\/v2\/product"}],"about":[{"href":"https:\/\/pizbube.ch\/en\/wp-json\/wp\/v2\/types\/product"}],"wp:featuredmedia":[{"embeddable":true,"href":"https:\/\/pizbube.ch\/en\/wp-json\/wp\/v2\/media\/33566"}],"wp:attachment":[{"href":"https:\/\/pizbube.ch\/en\/wp-json\/wp\/v2\/media?parent=151629"}],"wp:term":[{"taxonomy":"product_brand","embeddable":true,"href":"https:\/\/pizbube.ch\/en\/wp-json\/wp\/v2\/product_brand?post=151629"},{"taxonomy":"product_cat","embeddable":true,"href":"https:\/\/pizbube.ch\/en\/wp-json\/wp\/v2\/product_cat?post=151629"},{"taxonomy":"product_tag","embeddable":true,"href":"https:\/\/pizbube.ch\/en\/wp-json\/wp\/v2\/product_tag?post=151629"}],"curies":[{"name":"wp","href":"https:\/\/api.w.org\/{rel}","templated":true}]}}