{"id":151630,"date":"2021-01-15T12:01:08","date_gmt":"2021-01-15T12:01:08","guid":{"rendered":"https:\/\/codengine3.ch\/?product=import-placeholder-for-201643"},"modified":"2022-12-28T14:44:24","modified_gmt":"2022-12-28T13:44:24","slug":"bauern-am-berg","status":"publish","type":"product","link":"https:\/\/pizbube.ch\/en\/shop\/bauern-am-berg\/","title":{"rendered":"Bauern am Berg"},"content":{"rendered":"<p>13 Bild- und Textreportagen aus dem Wallis, Berner Oberland, Innerschweiz,<br \/>\nTessin und Graub\u00fcnden. Wir begegnen 13 Bergbauern und Hirten aus der ganzen<br \/>\nSchweiz. Ihre Familien, die Arbeit und die Verbundenheit mit der Bergwelt sind<br \/>\nimmerw\u00e4hrende Motive der Bild- und Textreportagen.<\/p>\n<p>Diese sind verwoben ebenso wie eigenst\u00e4ndig und zeigen die Bergbauern und -b\u00e4uerinnen anders, als sie<br \/>\nHerr Blocher sehen will und mag. Erg\u00e4nzt werden die Portraits durch zwei<br \/>\nBeitr\u00e4ge von Jon Mathieu und Peter Rieder, die die Berglandwirtschaft in einen<br \/>\nweiterf\u00fchrenden Zusammenhang stellen.<\/p>","protected":false},"excerpt":{"rendered":"<p>13 Bild- und Textreportagen aus dem Wallis, Berner Oberland, Innerschweiz, Tessin und Graub\u00fcnden. Wir begegnen 13 Bergbauern und Hirten aus der ganzen Schweiz. Ihre Familien, die Arbeit und die Verbundenheit mit der Bergwelt sind immerw\u00e4hrende Motive der Bild- und Textreportagen. Diese sind verwoben ebenso wie eigenst\u00e4ndig und zeigen die Bergbauern und -b\u00e4uerinnen anders, als sie [&#8230;]\n","protected":false},"featured_media":29017,"template":"","meta":[],"product_brand":[],"product_cat":[21542],"product_tag":[],"class_list":{"0":"post-151630","1":"product","2":"type-product","3":"status-publish","4":"has-post-thumbnail","6":"product_cat-sachbuecher-dokumentationen","7":"pa_autor-ruef-ladurner","8":"pa_erscheinungsjahr-22060","9":"pa_region-schweiz","10":"pa_sprache-de","12":"first","13":"outofstock","14":"taxable","15":"shipping-taxable","16":"purchasable","17":"product-type-simple"},"_links":{"self":[{"href":"https:\/\/pizbube.ch\/en\/wp-json\/wp\/v2\/product\/151630","targetHints":{"allow":["GET"]}}],"collection":[{"href":"https:\/\/pizbube.ch\/en\/wp-json\/wp\/v2\/product"}],"about":[{"href":"https:\/\/pizbube.ch\/en\/wp-json\/wp\/v2\/types\/product"}],"wp:featuredmedia":[{"embeddable":true,"href":"https:\/\/pizbube.ch\/en\/wp-json\/wp\/v2\/media\/29017"}],"wp:attachment":[{"href":"https:\/\/pizbube.ch\/en\/wp-json\/wp\/v2\/media?parent=151630"}],"wp:term":[{"taxonomy":"product_brand","embeddable":true,"href":"https:\/\/pizbube.ch\/en\/wp-json\/wp\/v2\/product_brand?post=151630"},{"taxonomy":"product_cat","embeddable":true,"href":"https:\/\/pizbube.ch\/en\/wp-json\/wp\/v2\/product_cat?post=151630"},{"taxonomy":"product_tag","embeddable":true,"href":"https:\/\/pizbube.ch\/en\/wp-json\/wp\/v2\/product_tag?post=151630"}],"curies":[{"name":"wp","href":"https:\/\/api.w.org\/{rel}","templated":true}]}}