{"id":151631,"date":"2021-01-15T12:01:08","date_gmt":"2021-01-15T12:01:08","guid":{"rendered":"https:\/\/codengine3.ch\/?product=import-placeholder-for-202936"},"modified":"2023-07-03T11:38:17","modified_gmt":"2023-07-03T09:38:17","slug":"kein-volk-von-hirten-alpwirtschaft-im-wallis","status":"publish","type":"product","link":"https:\/\/pizbube.ch\/en\/shop\/kein-volk-von-hirten-alpwirtschaft-im-wallis\/","title":{"rendered":"Kein Volk von Hirten Alpwirtschaft im Wallis"},"content":{"rendered":"<p>Die Publikation verfolgt die Geschichte der Alpwirtschaft im Wallis von ihren<br \/>\nAnf\u00e4ngen bis zur Gegenwart. Dabei r\u00e4umt sie den materiellen \u00c4usserungen des<br \/>\nAlplebens einen besonderen Platz ein. Neben der historischen Tiefe setzt das<br \/>\nBuch einen starken Akzent auf gegenw\u00e4rtige Tendenzen und Strategien.<\/p>\n<p>Die Alpwirtschaft im Wallis muss sich heute in einem von Tourismus und Agrar-<br \/>\nHightech gepr\u00e4gten Umfeld behaupten. Eine ausf\u00fchrliche Darstellung erfahren<br \/>\nschliesslich die Eringer K\u00fche. Dank dieser k\u00e4mpfenden Kuhrasse hat sich die<br \/>\nAlptradition ihren Platz in der postmodernen Mediengesellschaft gesichert.<\/p>","protected":false},"excerpt":{"rendered":"<p>Die Publikation verfolgt die Geschichte der Alpwirtschaft im Wallis von ihren Anf\u00e4ngen bis zur Gegenwart. Dabei r\u00e4umt sie den materiellen \u00c4usserungen des Alplebens einen besonderen Platz ein. Neben der historischen Tiefe setzt das Buch einen starken Akzent auf gegenw\u00e4rtige Tendenzen und Strategien. Die Alpwirtschaft im Wallis muss sich heute in einem von Tourismus und Agrar- [&#8230;]\n","protected":false},"featured_media":30425,"template":"","meta":[],"product_brand":[],"product_cat":[21580],"product_tag":[],"class_list":{"0":"post-151631","1":"product","2":"type-product","3":"status-publish","4":"has-post-thumbnail","6":"product_cat-kunst-kultur","7":"pa_autor-antonietti","8":"pa_erscheinungsjahr-21763","9":"pa_region-schweiz","10":"pa_sprache-de","12":"first","13":"instock","14":"taxable","15":"shipping-taxable","16":"purchasable","17":"product-type-simple"},"_links":{"self":[{"href":"https:\/\/pizbube.ch\/en\/wp-json\/wp\/v2\/product\/151631","targetHints":{"allow":["GET"]}}],"collection":[{"href":"https:\/\/pizbube.ch\/en\/wp-json\/wp\/v2\/product"}],"about":[{"href":"https:\/\/pizbube.ch\/en\/wp-json\/wp\/v2\/types\/product"}],"wp:featuredmedia":[{"embeddable":true,"href":"https:\/\/pizbube.ch\/en\/wp-json\/wp\/v2\/media\/30425"}],"wp:attachment":[{"href":"https:\/\/pizbube.ch\/en\/wp-json\/wp\/v2\/media?parent=151631"}],"wp:term":[{"taxonomy":"product_brand","embeddable":true,"href":"https:\/\/pizbube.ch\/en\/wp-json\/wp\/v2\/product_brand?post=151631"},{"taxonomy":"product_cat","embeddable":true,"href":"https:\/\/pizbube.ch\/en\/wp-json\/wp\/v2\/product_cat?post=151631"},{"taxonomy":"product_tag","embeddable":true,"href":"https:\/\/pizbube.ch\/en\/wp-json\/wp\/v2\/product_tag?post=151631"}],"curies":[{"name":"wp","href":"https:\/\/api.w.org\/{rel}","templated":true}]}}