{"id":151632,"date":"2021-01-15T12:01:08","date_gmt":"2021-01-15T12:01:08","guid":{"rendered":"https:\/\/codengine3.ch\/?product=import-placeholder-for-202498"},"modified":"2021-01-15T12:36:48","modified_gmt":"2021-01-15T12:36:48","slug":"vom-leben-der-urner-aelpler","status":"publish","type":"product","link":"https:\/\/pizbube.ch\/en\/shop\/vom-leben-der-urner-aelpler\/","title":{"rendered":"Vom Leben der Urner \u00c4lpler"},"content":{"rendered":"<p>Unvergessliche Erlebnisse vom \u00c4lplerleben stehen in diesem Buch neben<br \/>\nUnglaublichem aus fr\u00fcheren Zeiten. Die vielen Schwarz- Weiss- Bilder erz\u00e4hlen<br \/>\neigene, faszinierende Geschichten. Erlebnisberichte vom Aufenthalt auf zwei<br \/>\nurt\u00fcmlichen Alpen und Portr\u00e4ts verschiedener \u00c4lpler bilden den Hauptteil des<br \/>\nBuches. Abwechslung bieten eine Liebesgeschichte, ein \u00c4lpler-ABC der<br \/>\nbesonderen Art und neuste Statistiken vom Leben, Denken und Glauben der Urner<br \/>\n\u00c4lpler.<br \/>\nEin Psychologe, ein Heiler, ein Historiker und ein Pfarrer erz\u00e4hlen zudem<br \/>\nErstaunliches \u00fcber die Alpgeister-Geschichten, ihre Entstehung, ihre Deutung<br \/>\nund ihre Wirkung bis auf den heutigen Tag.<br \/>\nBerichte vom Leben der Bergbauern anderer Erdteile runden das Bild der Urner<br \/>\n\u00c4lpler auf interessante Weise ab. Sehns\u00fcchte werden wach: Unbekannte Welten<br \/>\nbereisen, in den Urner Bergen oder anderswo.<br \/>\nDas Buch Vom Leben der Urner \u00c4lpler ist eine Liebeserkl\u00e4rung an die Menschen<br \/>\nin den Bergen. Ein verstecktes St\u00fcck Schweiz wird durch einf\u00fchlsame Texte und<br \/>\nFotos neu zum Leben erweckt. 4. Auflg.<\/p>","protected":false},"excerpt":{"rendered":"<p>Unvergessliche Erlebnisse vom \u00c4lplerleben stehen in diesem Buch neben Unglaublichem aus fr\u00fcheren Zeiten. Die vielen Schwarz- Weiss- Bilder erz\u00e4hlen eigene, faszinierende Geschichten. Erlebnisberichte vom Aufenthalt auf zwei urt\u00fcmlichen Alpen und Portr\u00e4ts verschiedener \u00c4lpler bilden den Hauptteil des Buches. Abwechslung bieten eine Liebesgeschichte, ein \u00c4lpler-ABC der besonderen Art und neuste Statistiken vom Leben, Denken und Glauben [&#8230;]\n","protected":false},"featured_media":29892,"template":"","meta":[],"product_brand":[],"product_cat":[21542],"product_tag":[],"class_list":{"0":"post-151632","1":"product","2":"type-product","3":"status-publish","4":"has-post-thumbnail","6":"product_cat-sachbuecher-dokumentationen","7":"pa_autor-amrein","8":"pa_erscheinungsjahr-21776","9":"pa_region-schweiz","10":"pa_sprache-de","12":"first","13":"outofstock","14":"taxable","15":"shipping-taxable","16":"purchasable","17":"product-type-simple"},"_links":{"self":[{"href":"https:\/\/pizbube.ch\/en\/wp-json\/wp\/v2\/product\/151632","targetHints":{"allow":["GET"]}}],"collection":[{"href":"https:\/\/pizbube.ch\/en\/wp-json\/wp\/v2\/product"}],"about":[{"href":"https:\/\/pizbube.ch\/en\/wp-json\/wp\/v2\/types\/product"}],"wp:featuredmedia":[{"embeddable":true,"href":"https:\/\/pizbube.ch\/en\/wp-json\/wp\/v2\/media\/29892"}],"wp:attachment":[{"href":"https:\/\/pizbube.ch\/en\/wp-json\/wp\/v2\/media?parent=151632"}],"wp:term":[{"taxonomy":"product_brand","embeddable":true,"href":"https:\/\/pizbube.ch\/en\/wp-json\/wp\/v2\/product_brand?post=151632"},{"taxonomy":"product_cat","embeddable":true,"href":"https:\/\/pizbube.ch\/en\/wp-json\/wp\/v2\/product_cat?post=151632"},{"taxonomy":"product_tag","embeddable":true,"href":"https:\/\/pizbube.ch\/en\/wp-json\/wp\/v2\/product_tag?post=151632"}],"curies":[{"name":"wp","href":"https:\/\/api.w.org\/{rel}","templated":true}]}}