{"id":151636,"date":"2021-01-15T12:01:08","date_gmt":"2021-01-15T12:01:08","guid":{"rendered":"https:\/\/codengine3.ch\/?product=import-placeholder-for-201770"},"modified":"2021-01-15T12:04:26","modified_gmt":"2021-01-15T12:04:26","slug":"wege-zum-alpkaese-band-1-zbaerg-in-den-aemtern-signau-thun-und-niedersimmental","status":"publish","type":"product","link":"https:\/\/pizbube.ch\/en\/shop\/wege-zum-alpkaese-band-1-zbaerg-in-den-aemtern-signau-thun-und-niedersimmental\/","title":{"rendered":"Wege zum Alpk\u00e4se Band 1 &#8211; z&#8217;B\u00e4rg in den \u00c4mtern Signau, Thun und Niedersimmental"},"content":{"rendered":"<p>66 K\u00e4sealpen zwischen Emmental und Niedersimmental.<br \/>\nDer F\u00fchrer erm\u00f6glicht Bekanntschaften mit Landschaften, Menschen und Tieren<br \/>\nder K\u00e4sealpen am Eingang zum Berner Oberland. Er liefert alle Daten der 66<br \/>\nbeschriebenen Alpen und ihren Sennten, gibt Antworten \u00fcber deren genauen<br \/>\nStandort, \u00fcber Eigent\u00fcmer und das Alppersonal des Sommers 2001 sowie \u00fcber die<br \/>\nK\u00e4seproduktion und -spezialit\u00e4ten. Zudem sind die Besonderheiten der Alpen,<br \/>\ndie Geschichte der Alpgeb\u00e4ude und die touristischen M\u00f6glichkeiten beschrieben.<br \/>\nDie Alpen werden dabei mit einer repr\u00e4sentativen Bildauswahl vorgestellt mit<br \/>\nFotos einzigartiger Landschaften sowie stimmungsvollen Details des Alplebens<br \/>\nund der K\u00e4seproduktion.<br \/>\nDer F\u00fchrer soll K\u00e4seliebhaber, Freunde des \u00c4lplerlebens, Wanderer und<br \/>\nNaturfreunde auf Touren zu den Produktionsst\u00e4tten ihrer Lieblingsk\u00e4se<br \/>\nbegleiten und dabei als T\u00fcr\u00f6ffner f\u00fcr gute Begegnungen mit dem Alppersonal<br \/>\ndienen.<\/p>","protected":false},"excerpt":{"rendered":"<p>66 K\u00e4sealpen zwischen Emmental und Niedersimmental. Der F\u00fchrer erm\u00f6glicht Bekanntschaften mit Landschaften, Menschen und Tieren der K\u00e4sealpen am Eingang zum Berner Oberland. Er liefert alle Daten der 66 beschriebenen Alpen und ihren Sennten, gibt Antworten \u00fcber deren genauen Standort, \u00fcber Eigent\u00fcmer und das Alppersonal des Sommers 2001 sowie \u00fcber die K\u00e4seproduktion und -spezialit\u00e4ten. Zudem sind [&#8230;]\n","protected":false},"featured_media":29154,"template":"","meta":[],"product_brand":[],"product_cat":[21542],"product_tag":[],"class_list":{"0":"post-151636","1":"product","2":"type-product","3":"status-publish","4":"has-post-thumbnail","6":"product_cat-sachbuecher-dokumentationen","7":"pa_autor-roth-straubhaar","8":"pa_erscheinungsjahr-22144","9":"pa_region-schweiz","10":"pa_sprache-de","12":"first","13":"outofstock","14":"taxable","15":"shipping-taxable","16":"purchasable","17":"product-type-simple"},"_links":{"self":[{"href":"https:\/\/pizbube.ch\/en\/wp-json\/wp\/v2\/product\/151636","targetHints":{"allow":["GET"]}}],"collection":[{"href":"https:\/\/pizbube.ch\/en\/wp-json\/wp\/v2\/product"}],"about":[{"href":"https:\/\/pizbube.ch\/en\/wp-json\/wp\/v2\/types\/product"}],"wp:featuredmedia":[{"embeddable":true,"href":"https:\/\/pizbube.ch\/en\/wp-json\/wp\/v2\/media\/29154"}],"wp:attachment":[{"href":"https:\/\/pizbube.ch\/en\/wp-json\/wp\/v2\/media?parent=151636"}],"wp:term":[{"taxonomy":"product_brand","embeddable":true,"href":"https:\/\/pizbube.ch\/en\/wp-json\/wp\/v2\/product_brand?post=151636"},{"taxonomy":"product_cat","embeddable":true,"href":"https:\/\/pizbube.ch\/en\/wp-json\/wp\/v2\/product_cat?post=151636"},{"taxonomy":"product_tag","embeddable":true,"href":"https:\/\/pizbube.ch\/en\/wp-json\/wp\/v2\/product_tag?post=151636"}],"curies":[{"name":"wp","href":"https:\/\/api.w.org\/{rel}","templated":true}]}}