{"id":151638,"date":"2021-01-15T12:01:09","date_gmt":"2021-01-15T12:01:09","guid":{"rendered":"https:\/\/codengine3.ch\/?product=import-placeholder-for-201397"},"modified":"2021-01-15T12:01:14","modified_gmt":"2021-01-15T12:01:14","slug":"alpenreport-1","status":"publish","type":"product","link":"https:\/\/pizbube.ch\/en\/shop\/alpenreport-1\/","title":{"rendered":"Alpenreport 1"},"content":{"rendered":"<p>Daten, Fakten, Probleme und L\u00f6sungsans\u00e4tze zum 1. Alpenreport<br \/>\nEs gibt viele Bildb\u00e4nde \u00fcber die Alpen mit majest\u00e4tischen Bergpanoramen und<br \/>\nwundersch\u00f6nen Kulturlandschaften. Der Alpenreport schaut genauer hin. Wie<br \/>\nsteht es in diesem vielf\u00e4ltigen Natur- und Kulturraum um den Landschafts- und<br \/>\nNaturschutz? Welche Bedeutung und Auswirkungen hat der Tourismus? Wie ist das<br \/>\nVerkehrsaufkommen auf den Transitachsen? Auf diese und viele weitere Fragen<br \/>\nantwortet diese erste gesamtalpine \u00dcbersicht mit konkreten Daten und<br \/>\nInterpretationen. Was urspr\u00fcnglich als Taschenbuch mit 320 Seiten geplant war,<br \/>\nerscheint nun als gr\u00f6sseres Format mit 472. Das Material war zu gut f\u00fcr ein<br \/>\nTaschenb\u00fcchlein&#8230;.<br \/>\nVerkehr und Transport, Tourismus und Freizeit sowie Natur und Landschaft<br \/>\nbilden die Schwerpunktthemen des ersten Bandes.<br \/>\nDer Alpenreport beschr\u00e4nkt sich aber nicht auf diese erstmalige Pr\u00e4sentation<br \/>\nvon aktuellen Zahlen und Fakten, sondern l\u00e4sst auch zahlreiche<br \/>\nPers\u00f6nlichkeiten, die sich in diesen Themenbereichen einen Namen geschaffen<br \/>\nhaben, zu Wort kommen. In verst\u00e4ndlicher Sprache werden einzelne Aspekte,<br \/>\nProbleme wie auch m\u00f6gliche L\u00f6sungsans\u00e4tze in mehr als 70 Kurzbeitr\u00e4gen<br \/>\naufgezeigt. Der Alpenreport bietet damit eine Plattform des gesammelten<br \/>\nFachwissens in konzentrierter, abwechslungsreicher Form. Wer sich schnell, gut<br \/>\nund sachlich informieren will, der wird in diesem ersten Alpenreport<br \/>\nzahlreiche Antworten, aber auch Denkanst\u00f6sse finden.<br \/>\nInhalts\u00fcbersicht:<br \/>\nWas mir die Alpen bedeuten<br \/>\nEurop\u00e4isches Natur- und Kulturerbe<br \/>\nTier- und Pflanzenwelt<br \/>\nMenschen, Mythen, Politik<br \/>\nTun und Unterlassen<br \/>\nNachhaltiges Wirtschaften<br \/>\nNatur und Landschaft<br \/>\nTourismus, Freizeit und Sport<br \/>\nVerkehr und Transport<br \/>\nAlpenkonvention<br \/>\nAlpen-Daten und ihre Interpretation  <\/p>","protected":false},"excerpt":{"rendered":"<p>Daten, Fakten, Probleme und L\u00f6sungsans\u00e4tze zum 1. Alpenreport Es gibt viele Bildb\u00e4nde \u00fcber die Alpen mit majest\u00e4tischen Bergpanoramen und wundersch\u00f6nen Kulturlandschaften. Der Alpenreport schaut genauer hin. Wie steht es in diesem vielf\u00e4ltigen Natur- und Kulturraum um den Landschafts- und Naturschutz? Welche Bedeutung und Auswirkungen hat der Tourismus? Wie ist das Verkehrsaufkommen auf den Transitachsen? Auf [&#8230;]\n","protected":false},"featured_media":28733,"template":"","meta":[],"product_brand":[],"product_cat":[21542],"product_tag":[],"class_list":{"0":"post-151638","1":"product","2":"type-product","3":"status-publish","4":"has-post-thumbnail","6":"product_cat-sachbuecher-dokumentationen","7":"pa_autor-cipra","8":"pa_erscheinungsjahr-22060","9":"pa_region-schweiz","10":"pa_sprache-de","12":"first","13":"instock","14":"taxable","15":"shipping-taxable","16":"purchasable","17":"product-type-simple"},"_links":{"self":[{"href":"https:\/\/pizbube.ch\/en\/wp-json\/wp\/v2\/product\/151638","targetHints":{"allow":["GET"]}}],"collection":[{"href":"https:\/\/pizbube.ch\/en\/wp-json\/wp\/v2\/product"}],"about":[{"href":"https:\/\/pizbube.ch\/en\/wp-json\/wp\/v2\/types\/product"}],"wp:featuredmedia":[{"embeddable":true,"href":"https:\/\/pizbube.ch\/en\/wp-json\/wp\/v2\/media\/28733"}],"wp:attachment":[{"href":"https:\/\/pizbube.ch\/en\/wp-json\/wp\/v2\/media?parent=151638"}],"wp:term":[{"taxonomy":"product_brand","embeddable":true,"href":"https:\/\/pizbube.ch\/en\/wp-json\/wp\/v2\/product_brand?post=151638"},{"taxonomy":"product_cat","embeddable":true,"href":"https:\/\/pizbube.ch\/en\/wp-json\/wp\/v2\/product_cat?post=151638"},{"taxonomy":"product_tag","embeddable":true,"href":"https:\/\/pizbube.ch\/en\/wp-json\/wp\/v2\/product_tag?post=151638"}],"curies":[{"name":"wp","href":"https:\/\/api.w.org\/{rel}","templated":true}]}}