{"id":151639,"date":"2021-01-15T12:01:09","date_gmt":"2021-01-15T12:01:09","guid":{"rendered":"https:\/\/codengine3.ch\/?product=import-placeholder-for-203995"},"modified":"2023-01-14T14:28:23","modified_gmt":"2023-01-14T13:28:23","slug":"die-gebirgsgruppen-der-alpen","status":"publish","type":"product","link":"https:\/\/pizbube.ch\/en\/shop\/die-gebirgsgruppen-der-alpen\/","title":{"rendered":"Die Gebirgsgruppen der Alpen"},"content":{"rendered":"<p>Die Gebirgsgruppen der Alpen<\/p>\n<p>Ansichten, Systematiken und Methoden zur Einteilung der Alpen<br \/>\n(Band 39 aus der Reihe der Wissenschaftlichen Alpenvereinshefte) Herausgegeben<br \/>\nvon Peter Grimm und Claus Roderich Mattm\u00fcller.<\/p>\n<p>Die un\u00fcberschaubare Zahl der Berge in den Alpen systematisch zu sichten und zu ordnen, sie zu Gruppen zusammenzufassen und Wissenschaftern, Reisenden und Bergsteigern eine Orientierungshilfe und einen Ordnungsrahmen zu geben, ist eine schwierige Aufgabe, die Mitte des 19. Jahrhunderts begonnen wurde. Auch heute, nach mehr als 150 Jahren, sind immer noch Fragen offen und entziehen sich wohl auch einer klaren Antwort: Ist der Alpenbogen in Ost- und Westalpen einzuteilen oder ist eher einer dreiteiligen Gliederung der Vorzug zu geben? Wo beginnen und enden die Alpen an ihren R\u00e4ndern und Ausl\u00e4ufern? Wie gro\u00dfe oder wie klein sollen Gebirgsgruppen h\u00f6chstens sein? Decken sich regionale Namen mit denen von Gebirgen? Welche Bedeutung haben topographische, geographische, geologische\u00a0und orogenetische Gegebenheiten? Welche politischen und soziologischen Anspr\u00fcche gibt es?<\/p>\n<p>Zur Einteilung der Gebirgsgruppen gibt es keinen einheitlichen Standard. Je nach Personenkreis &#8211; Alpinisten, Touristen oder Geologen &#8211; existieren unterschiedliche Sichtweisen. Ein ausf\u00fchrlicher \u00dcberblick \u00fcber die Bem\u00fchungen, eine umfassende Gliederung in den Alpen zu finden, leitet den wissenschaftlichen Diskurs \u00fcber die Einteilung der Alpen ein. Er zieht dabei einen Bogen vom Altertum bis hin zu modernen Ans\u00e4tzen.\u00a0Dabei wird\u00a0die Notwendigkeit einer einheitlichen Einteilung hervor gehoben und\u00a0angemerkt, dass es im Alpenraum noch keine grenz\u00fcbergreifende Sprachregelung gibt.<\/p>\n<p>Zur Veranschaulichung bietet das Wissenschaftliche Alpenvereinsheft farbige Karten, die einen Vergleich der unterschiedlichen Gebietseinteilungen erm\u00f6glichen. Eine beigelegte CD enth\u00e4lt die Karten zus\u00e4tzlich in digitaler Form. Erg\u00e4nzt wird das Heft durch einen Anhang, der die Gebirgsgruppeneinteilungen verschiedener Autoren auflistet.<\/p>\n<p>Das Werk ist\u00a0in erster Linie als wissenschaftlicher Beitrag zur Gebirgsforschung des Alpenvereins zu sehen. Aber nicht zuletzt aufgrund der anschaulichen Karten ist dieses Heft f\u00fcr alle Alpenliebhaber eine interessante Lekt\u00fcre.<\/p>\n<p>171 Seiten, 4 Bilder, 6 Karten im Text,<br \/>\n10 Kartenbeilagen, 1 CD in der Beilage<\/p>","protected":false},"excerpt":{"rendered":"<p>Die Gebirgsgruppen der Alpen Ansichten, Systematiken und Methoden zur Einteilung der Alpen (Band 39 aus der Reihe der Wissenschaftlichen Alpenvereinshefte) Herausgegeben von Peter Grimm und Claus Roderich Mattm\u00fcller. Die un\u00fcberschaubare Zahl der Berge in den Alpen systematisch zu sichten und zu ordnen, sie zu Gruppen zusammenzufassen und Wissenschaftern, Reisenden und Bergsteigern eine Orientierungshilfe und einen [&#8230;]\n","protected":false},"featured_media":165607,"template":"","meta":[],"product_brand":[],"product_cat":[21580,21542],"product_tag":[],"class_list":{"0":"post-151639","1":"product","2":"type-product","3":"status-publish","4":"has-post-thumbnail","6":"product_cat-kunst-kultur","7":"product_cat-sachbuecher-dokumentationen","8":"pa_autor-grimm-mattmueller","9":"pa_erscheinungsjahr-21920","10":"pa_region-schweiz","11":"pa_sprache-de","13":"first","14":"outofstock","15":"taxable","16":"shipping-taxable","17":"purchasable","18":"product-type-simple"},"_links":{"self":[{"href":"https:\/\/pizbube.ch\/en\/wp-json\/wp\/v2\/product\/151639","targetHints":{"allow":["GET"]}}],"collection":[{"href":"https:\/\/pizbube.ch\/en\/wp-json\/wp\/v2\/product"}],"about":[{"href":"https:\/\/pizbube.ch\/en\/wp-json\/wp\/v2\/types\/product"}],"wp:featuredmedia":[{"embeddable":true,"href":"https:\/\/pizbube.ch\/en\/wp-json\/wp\/v2\/media\/165607"}],"wp:attachment":[{"href":"https:\/\/pizbube.ch\/en\/wp-json\/wp\/v2\/media?parent=151639"}],"wp:term":[{"taxonomy":"product_brand","embeddable":true,"href":"https:\/\/pizbube.ch\/en\/wp-json\/wp\/v2\/product_brand?post=151639"},{"taxonomy":"product_cat","embeddable":true,"href":"https:\/\/pizbube.ch\/en\/wp-json\/wp\/v2\/product_cat?post=151639"},{"taxonomy":"product_tag","embeddable":true,"href":"https:\/\/pizbube.ch\/en\/wp-json\/wp\/v2\/product_tag?post=151639"}],"curies":[{"name":"wp","href":"https:\/\/api.w.org\/{rel}","templated":true}]}}