{"id":151640,"date":"2021-01-15T12:01:09","date_gmt":"2021-01-15T12:01:09","guid":{"rendered":"https:\/\/codengine3.ch\/?product=import-placeholder-for-203940"},"modified":"2021-01-15T14:28:06","modified_gmt":"2021-01-15T14:28:06","slug":"zwei-bergtaeler-im-wandel","status":"publish","type":"product","link":"https:\/\/pizbube.ch\/en\/shop\/zwei-bergtaeler-im-wandel\/","title":{"rendered":"Zwei Bergt\u00e4ler im Wandel"},"content":{"rendered":"<p>Abgesang ohne nostalgische Verkl\u00e4rung<br \/>\nVom Verschwinden einer Kultur: Wie das L\u00f6tschental im Wallis und das<br \/>\nDurnholzertal bei Bozen sozusagen vom Mittelalter direkt in die Neuzeit<br \/>\nbef\u00f6rdert wurden. Aussagen Beteiligter, Hinweise aus der Fachliteratur und<br \/>\nstatistisches Begleitmaterial. 336 Seiten, 230 Abbildungen<\/p>","protected":false},"excerpt":{"rendered":"<p>Abgesang ohne nostalgische Verkl\u00e4rung Vom Verschwinden einer Kultur: Wie das L\u00f6tschental im Wallis und das Durnholzertal bei Bozen sozusagen vom Mittelalter direkt in die Neuzeit bef\u00f6rdert wurden. Aussagen Beteiligter, Hinweise aus der Fachliteratur und statistisches Begleitmaterial. 336 Seiten, 230 Abbildungen<\/p>","protected":false},"featured_media":31654,"template":"","meta":[],"product_brand":[],"product_cat":[21542],"product_tag":[],"class_list":{"0":"post-151640","1":"product","2":"type-product","3":"status-publish","4":"has-post-thumbnail","6":"product_cat-sachbuecher-dokumentationen","7":"pa_autor-siegen","8":"pa_erscheinungsjahr-21776","9":"pa_region-schweiz","10":"pa_sprache-de","12":"first","13":"instock","14":"taxable","15":"shipping-taxable","16":"purchasable","17":"product-type-simple"},"_links":{"self":[{"href":"https:\/\/pizbube.ch\/en\/wp-json\/wp\/v2\/product\/151640","targetHints":{"allow":["GET"]}}],"collection":[{"href":"https:\/\/pizbube.ch\/en\/wp-json\/wp\/v2\/product"}],"about":[{"href":"https:\/\/pizbube.ch\/en\/wp-json\/wp\/v2\/types\/product"}],"wp:featuredmedia":[{"embeddable":true,"href":"https:\/\/pizbube.ch\/en\/wp-json\/wp\/v2\/media\/31654"}],"wp:attachment":[{"href":"https:\/\/pizbube.ch\/en\/wp-json\/wp\/v2\/media?parent=151640"}],"wp:term":[{"taxonomy":"product_brand","embeddable":true,"href":"https:\/\/pizbube.ch\/en\/wp-json\/wp\/v2\/product_brand?post=151640"},{"taxonomy":"product_cat","embeddable":true,"href":"https:\/\/pizbube.ch\/en\/wp-json\/wp\/v2\/product_cat?post=151640"},{"taxonomy":"product_tag","embeddable":true,"href":"https:\/\/pizbube.ch\/en\/wp-json\/wp\/v2\/product_tag?post=151640"}],"curies":[{"name":"wp","href":"https:\/\/api.w.org\/{rel}","templated":true}]}}