{"id":151641,"date":"2021-01-15T12:01:09","date_gmt":"2021-01-15T12:01:09","guid":{"rendered":"https:\/\/codengine3.ch\/?product=import-placeholder-for-202470"},"modified":"2021-01-15T12:36:33","modified_gmt":"2021-01-15T12:36:33","slug":"alpenreport-2","status":"publish","type":"product","link":"https:\/\/pizbube.ch\/en\/shop\/alpenreport-2\/","title":{"rendered":"Alpenreport 2"},"content":{"rendered":"<p>Pointierte Essays und f\u00fcr Laien verst\u00e4ndliche Fachaufs\u00e4tze zum Thema Leben in<br \/>\nden Alpen: ein fundiertes Portrait eines faszinierenden Lebensraumes.<br \/>\nDer 2. Alpenreport setzt eine Tradition fort. Wie die erste Edition b\u00fcndelt er<br \/>\ndas internationale Fachwissen, versteht sich als Barometer aktueller<br \/>\nEntwicklungen, pr\u00e4sentiert sich als Plattform f\u00fcr Initiativen und<br \/>\nzukunftsweisende Modelle. Fachleute aus allen Alpenl\u00e4ndern zwischen Frankreich<br \/>\nund Slowenien haben an dieser bisher umfassendsten Bestandsaufnahme<br \/>\nmitgearbeitet.<br \/>\nIn Kapiteln wie Bev\u00f6lkerung und Kultur, Zukunftsf\u00e4hige Entwicklung,<br \/>\nAlpenpolitik und Netzwerke sowie Klimawandel entsteht ein neues Bild vom Leben<br \/>\nin den Alpen. Pointierte Essays und auch f\u00fcr Laien verst\u00e4ndliche Fachaufs\u00e4tze<br \/>\nwerden erg\u00e4nzt durch exklusiv f\u00fcr diesen Band erhobene Daten und Studien. Sie<br \/>\nanalysieren die Bereiche Berglandwirtschaft, Bergwald, Energie sowie<br \/>\nRaumplanung und Bodenschutz.<br \/>\nDamit ist dieses Buch eine unentbehrliche Quelle f\u00fcr alle, die in den Alpen<br \/>\nleben und arbeiten, planen und Politik machen. Aber auch f\u00fcr diejenigen<br \/>\nTouristinnen und Touristen, die nicht nur durchreisen, sondern durchblicken<br \/>\nwollen.<br \/>\nDer Alpenreport &#8211; fundiertes Portrait eines faszinierenden Lebensraumes.<br \/>\nInhalts\u00fcbersicht:<br \/>\nLeben in den Alpen<br \/>\nBev\u00f6lkerung und Kultur<br \/>\nZukunftsf\u00e4hige Entwicklung<br \/>\nKlimawandel<br \/>\nAlpenpolitik und Netzwerke<br \/>\nBerglandwirtschaft<br \/>\nBergwald<br \/>\nEnergie<br \/>\nRaumplanung und Bodenschutz  <\/p>","protected":false},"excerpt":{"rendered":"<p>Pointierte Essays und f\u00fcr Laien verst\u00e4ndliche Fachaufs\u00e4tze zum Thema Leben in den Alpen: ein fundiertes Portrait eines faszinierenden Lebensraumes. Der 2. Alpenreport setzt eine Tradition fort. Wie die erste Edition b\u00fcndelt er das internationale Fachwissen, versteht sich als Barometer aktueller Entwicklungen, pr\u00e4sentiert sich als Plattform f\u00fcr Initiativen und zukunftsweisende Modelle. Fachleute aus allen Alpenl\u00e4ndern zwischen [&#8230;]\n","protected":false},"featured_media":29858,"template":"","meta":[],"product_brand":[],"product_cat":[21542],"product_tag":[],"class_list":{"0":"post-151641","1":"product","2":"type-product","3":"status-publish","4":"has-post-thumbnail","6":"product_cat-sachbuecher-dokumentationen","7":"pa_autor-cipra","8":"pa_erscheinungsjahr-22242","9":"pa_region-schweiz","10":"pa_sprache-de","12":"first","13":"instock","14":"taxable","15":"shipping-taxable","16":"purchasable","17":"product-type-simple"},"_links":{"self":[{"href":"https:\/\/pizbube.ch\/en\/wp-json\/wp\/v2\/product\/151641","targetHints":{"allow":["GET"]}}],"collection":[{"href":"https:\/\/pizbube.ch\/en\/wp-json\/wp\/v2\/product"}],"about":[{"href":"https:\/\/pizbube.ch\/en\/wp-json\/wp\/v2\/types\/product"}],"wp:featuredmedia":[{"embeddable":true,"href":"https:\/\/pizbube.ch\/en\/wp-json\/wp\/v2\/media\/29858"}],"wp:attachment":[{"href":"https:\/\/pizbube.ch\/en\/wp-json\/wp\/v2\/media?parent=151641"}],"wp:term":[{"taxonomy":"product_brand","embeddable":true,"href":"https:\/\/pizbube.ch\/en\/wp-json\/wp\/v2\/product_brand?post=151641"},{"taxonomy":"product_cat","embeddable":true,"href":"https:\/\/pizbube.ch\/en\/wp-json\/wp\/v2\/product_cat?post=151641"},{"taxonomy":"product_tag","embeddable":true,"href":"https:\/\/pizbube.ch\/en\/wp-json\/wp\/v2\/product_tag?post=151641"}],"curies":[{"name":"wp","href":"https:\/\/api.w.org\/{rel}","templated":true}]}}