{"id":151643,"date":"2021-01-15T12:01:09","date_gmt":"2021-01-15T12:01:09","guid":{"rendered":"https:\/\/codengine3.ch\/?product=import-placeholder-for-202950"},"modified":"2021-01-15T12:52:44","modified_gmt":"2021-01-15T12:52:44","slug":"swiss-singletrail-map-15-baern-150-000","status":"publish","type":"product","link":"https:\/\/pizbube.ch\/en\/shop\/swiss-singletrail-map-15-baern-150-000\/","title":{"rendered":"Swiss Singletrail Map 15. B\u00e4rn. 1:50 000"},"content":{"rendered":"<p>Mountainbikekarte. B\u00e4rn-Thun. \u00dcber 1450 km Biketrails, drei<br \/>\nSchwierigkeitsgrade, ausf\u00fchrlicher Trailguide. Top-Loops mit Wegbeschreibung.<br \/>\nReiss und wasserfestes Spezialpapier.<\/p>","protected":false},"excerpt":{"rendered":"<p>Mountainbikekarte. B\u00e4rn-Thun. \u00dcber 1450 km Biketrails, drei Schwierigkeitsgrade, ausf\u00fchrlicher Trailguide. Top-Loops mit Wegbeschreibung. Reiss und wasserfestes Spezialpapier.<\/p>","protected":false},"featured_media":30445,"template":"","meta":[],"product_brand":[],"product_cat":[21543],"product_tag":[],"class_list":{"0":"post-151643","1":"product","2":"type-product","3":"status-publish","4":"has-post-thumbnail","6":"product_cat-landkarten","7":"pa_autor-ssp","8":"pa_erscheinungsjahr-22144","9":"pa_region-schweiz","10":"pa_sprache-de","12":"first","13":"instock","14":"taxable","15":"shipping-taxable","16":"purchasable","17":"product-type-simple"},"_links":{"self":[{"href":"https:\/\/pizbube.ch\/en\/wp-json\/wp\/v2\/product\/151643","targetHints":{"allow":["GET"]}}],"collection":[{"href":"https:\/\/pizbube.ch\/en\/wp-json\/wp\/v2\/product"}],"about":[{"href":"https:\/\/pizbube.ch\/en\/wp-json\/wp\/v2\/types\/product"}],"wp:featuredmedia":[{"embeddable":true,"href":"https:\/\/pizbube.ch\/en\/wp-json\/wp\/v2\/media\/30445"}],"wp:attachment":[{"href":"https:\/\/pizbube.ch\/en\/wp-json\/wp\/v2\/media?parent=151643"}],"wp:term":[{"taxonomy":"product_brand","embeddable":true,"href":"https:\/\/pizbube.ch\/en\/wp-json\/wp\/v2\/product_brand?post=151643"},{"taxonomy":"product_cat","embeddable":true,"href":"https:\/\/pizbube.ch\/en\/wp-json\/wp\/v2\/product_cat?post=151643"},{"taxonomy":"product_tag","embeddable":true,"href":"https:\/\/pizbube.ch\/en\/wp-json\/wp\/v2\/product_tag?post=151643"}],"curies":[{"name":"wp","href":"https:\/\/api.w.org\/{rel}","templated":true}]}}