{"id":151644,"date":"2021-01-15T12:01:09","date_gmt":"2021-01-15T12:01:09","guid":{"rendered":"https:\/\/codengine3.ch\/?product=import-placeholder-for-201881"},"modified":"2021-01-15T12:31:32","modified_gmt":"2021-01-15T12:31:32","slug":"prealpes-ouest-et-emmental-mountainbike-erlebnis","status":"publish","type":"product","link":"https:\/\/pizbube.ch\/en\/shop\/prealpes-ouest-et-emmental-mountainbike-erlebnis\/","title":{"rendered":"Pr\u00e9alpes ouest et Emmental- Mountainbike Erlebnis"},"content":{"rendered":"<p>Die 40 sch\u00f6nsten Rundtouren: Emmental, Gantrisch, Gruy\u00e8re, Alpes Vaudoises  <\/p>\n<p>Unvergessliche Bike-Erlebnisse zwischen Napf und Genfersee  <\/p>\n<p>Der sechste Band in der Reihe Mountainbike Erlebnis beschreibt die 40<br \/>\nsch\u00f6nsten Rundtouren des Emmentals, der Berner, Freiburger der Waadtl\u00e4nder<br \/>\nAlpen.  <\/p>\n<p>192 S. \/ ca. 58 Abb. \/ 41 Routenskizzen mit H\u00f6henprofil  <\/p>","protected":false},"excerpt":{"rendered":"<p>Die 40 sch\u00f6nsten Rundtouren: Emmental, Gantrisch, Gruy\u00e8re, Alpes Vaudoises Unvergessliche Bike-Erlebnisse zwischen Napf und Genfersee Der sechste Band in der Reihe Mountainbike Erlebnis beschreibt die 40 sch\u00f6nsten Rundtouren des Emmentals, der Berner, Freiburger der Waadtl\u00e4nder Alpen. 192 S. \/ ca. 58 Abb. \/ 41 Routenskizzen mit H\u00f6henprofil<\/p>","protected":false},"featured_media":29271,"template":"","meta":[],"product_brand":[],"product_cat":[21606],"product_tag":[],"class_list":{"0":"post-151644","1":"product","2":"type-product","3":"status-publish","4":"has-post-thumbnail","6":"product_cat-mountainbikefuehrer","7":"pa_autor-kaelin-nigg-gerber","8":"pa_erscheinungsjahr-22150","9":"pa_region-schweiz","10":"pa_sprache-d","11":"pa_sprache-f","13":"first","14":"instock","15":"taxable","16":"shipping-taxable","17":"purchasable","18":"product-type-simple"},"_links":{"self":[{"href":"https:\/\/pizbube.ch\/en\/wp-json\/wp\/v2\/product\/151644","targetHints":{"allow":["GET"]}}],"collection":[{"href":"https:\/\/pizbube.ch\/en\/wp-json\/wp\/v2\/product"}],"about":[{"href":"https:\/\/pizbube.ch\/en\/wp-json\/wp\/v2\/types\/product"}],"wp:featuredmedia":[{"embeddable":true,"href":"https:\/\/pizbube.ch\/en\/wp-json\/wp\/v2\/media\/29271"}],"wp:attachment":[{"href":"https:\/\/pizbube.ch\/en\/wp-json\/wp\/v2\/media?parent=151644"}],"wp:term":[{"taxonomy":"product_brand","embeddable":true,"href":"https:\/\/pizbube.ch\/en\/wp-json\/wp\/v2\/product_brand?post=151644"},{"taxonomy":"product_cat","embeddable":true,"href":"https:\/\/pizbube.ch\/en\/wp-json\/wp\/v2\/product_cat?post=151644"},{"taxonomy":"product_tag","embeddable":true,"href":"https:\/\/pizbube.ch\/en\/wp-json\/wp\/v2\/product_tag?post=151644"}],"curies":[{"name":"wp","href":"https:\/\/api.w.org\/{rel}","templated":true}]}}