{"id":151646,"date":"2021-01-15T12:01:15","date_gmt":"2021-01-15T12:01:15","guid":{"rendered":"https:\/\/codengine3.ch\/?product=import-placeholder-for-201399"},"modified":"2021-01-15T12:01:18","modified_gmt":"2021-01-15T12:01:18","slug":"bike-faszination-emmental","status":"publish","type":"product","link":"https:\/\/pizbube.ch\/en\/shop\/bike-faszination-emmental\/","title":{"rendered":"Bike- Faszination Emmental"},"content":{"rendered":"<p>Abwechslungsreiche Bike- Rundtouren nicht nur f\u00fcr ambitionnierte BikerInnen  <\/p>\n<p>20 Mountainbike-Rundtouren aus der Mitte der Schweiz<br \/>\nEin Bike-F\u00fchrer f\u00fcr ambitionierte Biker und routinierte Familien als Schl\u00fcssel<br \/>\nzu den sch\u00f6nsten Mountainbike-Touren des Emmentals. Die Touren sind<br \/>\nuntereinander und mit den Velowanderrouten zur erweiterten Tagestour oder<br \/>\nmehrt\u00e4gigen Traversierung beliebig kombinierbar. Pr\u00e4zise Routenskizzen und<br \/>\nH\u00f6henprofile geben mit Kurztexten Auskunft \u00fcber Schwierigkeit, L\u00e4nge,<br \/>\nSteilheit, H\u00f6henunterschiede,&#8230;<\/p>","protected":false},"excerpt":{"rendered":"<p>Abwechslungsreiche Bike- Rundtouren nicht nur f\u00fcr ambitionnierte BikerInnen 20 Mountainbike-Rundtouren aus der Mitte der Schweiz Ein Bike-F\u00fchrer f\u00fcr ambitionierte Biker und routinierte Familien als Schl\u00fcssel zu den sch\u00f6nsten Mountainbike-Touren des Emmentals. Die Touren sind untereinander und mit den Velowanderrouten zur erweiterten Tagestour oder mehrt\u00e4gigen Traversierung beliebig kombinierbar. Pr\u00e4zise Routenskizzen und H\u00f6henprofile geben mit Kurztexten Auskunft [&#8230;]\n","protected":false},"featured_media":28735,"template":"","meta":[],"product_brand":[],"product_cat":[21606],"product_tag":[],"class_list":{"0":"post-151646","1":"product","2":"type-product","3":"status-publish","4":"has-post-thumbnail","6":"product_cat-mountainbikefuehrer","7":"pa_autor-nigg-kaelin","8":"pa_erscheinungsjahr-22060","9":"pa_region-schweiz","10":"pa_sprache-de","12":"first","13":"outofstock","14":"taxable","15":"shipping-taxable","16":"purchasable","17":"product-type-simple"},"_links":{"self":[{"href":"https:\/\/pizbube.ch\/en\/wp-json\/wp\/v2\/product\/151646","targetHints":{"allow":["GET"]}}],"collection":[{"href":"https:\/\/pizbube.ch\/en\/wp-json\/wp\/v2\/product"}],"about":[{"href":"https:\/\/pizbube.ch\/en\/wp-json\/wp\/v2\/types\/product"}],"wp:featuredmedia":[{"embeddable":true,"href":"https:\/\/pizbube.ch\/en\/wp-json\/wp\/v2\/media\/28735"}],"wp:attachment":[{"href":"https:\/\/pizbube.ch\/en\/wp-json\/wp\/v2\/media?parent=151646"}],"wp:term":[{"taxonomy":"product_brand","embeddable":true,"href":"https:\/\/pizbube.ch\/en\/wp-json\/wp\/v2\/product_brand?post=151646"},{"taxonomy":"product_cat","embeddable":true,"href":"https:\/\/pizbube.ch\/en\/wp-json\/wp\/v2\/product_cat?post=151646"},{"taxonomy":"product_tag","embeddable":true,"href":"https:\/\/pizbube.ch\/en\/wp-json\/wp\/v2\/product_tag?post=151646"}],"curies":[{"name":"wp","href":"https:\/\/api.w.org\/{rel}","templated":true}]}}