{"id":151651,"date":"2021-01-15T12:01:15","date_gmt":"2021-01-15T12:01:15","guid":{"rendered":"https:\/\/codengine3.ch\/?product=import-placeholder-for-202518"},"modified":"2021-01-15T12:36:58","modified_gmt":"2021-01-15T12:36:58","slug":"alle-meine-gipfel","status":"publish","type":"product","link":"https:\/\/pizbube.ch\/en\/shop\/alle-meine-gipfel\/","title":{"rendered":"Alle meine Gipfel"},"content":{"rendered":"<p>Immer wieder hat er als Freikletterer (Dolomiten), als H\u00f6henbergsteiger (alle<br \/>\nAchttausender), als Grenzg\u00e4nger (W\u00fcsten und Pole) und als Forscher (Yeti und<br \/>\nMallory- Mythos) Tabus gebrochen. Jetzt pflegt er das kulturelle Erbe des<br \/>\nAlpinismus. Sein grosses farbiges Tourenbuch mit \u00fcber 700 Fotos erz\u00e4hlt von<br \/>\nseinem langen Weg zum erfolgreichsten Bergsteiger und Grenzg\u00e4nger unserer<br \/>\nZeit.<\/p>","protected":false},"excerpt":{"rendered":"<p>Immer wieder hat er als Freikletterer (Dolomiten), als H\u00f6henbergsteiger (alle Achttausender), als Grenzg\u00e4nger (W\u00fcsten und Pole) und als Forscher (Yeti und Mallory- Mythos) Tabus gebrochen. Jetzt pflegt er das kulturelle Erbe des Alpinismus. Sein grosses farbiges Tourenbuch mit \u00fcber 700 Fotos erz\u00e4hlt von seinem langen Weg zum erfolgreichsten Bergsteiger und Grenzg\u00e4nger unserer Zeit.<\/p>","protected":false},"featured_media":29917,"template":"","meta":[],"product_brand":[],"product_cat":[21542],"product_tag":[],"class_list":{"0":"post-151651","1":"product","2":"type-product","3":"status-publish","4":"has-post-thumbnail","6":"product_cat-sachbuecher-dokumentationen","7":"pa_autor-messner","8":"pa_erscheinungsjahr-22242","9":"pa_region-deutschland","10":"pa_sprache-de","12":"first","13":"instock","14":"taxable","15":"shipping-taxable","16":"purchasable","17":"product-type-simple"},"_links":{"self":[{"href":"https:\/\/pizbube.ch\/en\/wp-json\/wp\/v2\/product\/151651","targetHints":{"allow":["GET"]}}],"collection":[{"href":"https:\/\/pizbube.ch\/en\/wp-json\/wp\/v2\/product"}],"about":[{"href":"https:\/\/pizbube.ch\/en\/wp-json\/wp\/v2\/types\/product"}],"wp:featuredmedia":[{"embeddable":true,"href":"https:\/\/pizbube.ch\/en\/wp-json\/wp\/v2\/media\/29917"}],"wp:attachment":[{"href":"https:\/\/pizbube.ch\/en\/wp-json\/wp\/v2\/media?parent=151651"}],"wp:term":[{"taxonomy":"product_brand","embeddable":true,"href":"https:\/\/pizbube.ch\/en\/wp-json\/wp\/v2\/product_brand?post=151651"},{"taxonomy":"product_cat","embeddable":true,"href":"https:\/\/pizbube.ch\/en\/wp-json\/wp\/v2\/product_cat?post=151651"},{"taxonomy":"product_tag","embeddable":true,"href":"https:\/\/pizbube.ch\/en\/wp-json\/wp\/v2\/product_tag?post=151651"}],"curies":[{"name":"wp","href":"https:\/\/api.w.org\/{rel}","templated":true}]}}