{"id":151652,"date":"2021-01-15T12:01:15","date_gmt":"2021-01-15T12:01:15","guid":{"rendered":"https:\/\/codengine3.ch\/?product=import-placeholder-for-203108"},"modified":"2022-12-08T09:27:35","modified_gmt":"2022-12-08T08:27:35","slug":"albert-precht-tausendundein-weg","status":"publish","type":"product","link":"https:\/\/pizbube.ch\/en\/shop\/albert-precht-tausendundein-weg\/","title":{"rendered":"Albert Precht Tausendundein Weg"},"content":{"rendered":"<p>Die Zahl seiner Erstbegehungen hat mittlerweile 800 \u00fcberschritten,<br \/>\ndoch er hat l\u00e4ngst aufgeh\u00f6rt, sie zu z\u00e4hlen. Der \u00f6sterreichische<br \/>\nAusnahmekletterer Albert Precht, dem unter Insidern ein legend\u00e4rer<br \/>\nRuf vorausgeht, erschloss vor allem Routen im heimischen Hochk\u00f6nig-<br \/>\nGebiet, im Tennengebirge und im Dachstein, aber auch in den Dolomiten, auf<br \/>\nKorsika, im jordanischen Jabel Rum oder im Oman.<\/p>\n<p>Er nahm an Expeditionen in den Kaukasus, nach Peru, zum Makalu und zum Nanga Parbat teil und befuhr<br \/>\neinige Steilw\u00e4nde mit Ski, doch seine eigentliche Passion \u2013 er selbst spricht<br \/>\nvon Sucht \u2013 blieb das Klettern, zunehmend auch in Alleing\u00e4ngen. Dort verbindet<br \/>\nsich seine geniale Kletterkunst mit dem Instinkt und den Erfahrungen aus<br \/>\nHunderten grossartiger Routen zu Anstiegen von kompromisslosem<br \/>\nSchwung bei minimalem Einsatz technischer Hilfsmittel.<\/p>\n<p>Seine Autobiografie legt eine tiefgr\u00fcndige Pers\u00f6nlichkeit offen und dokumentiert die Entwicklung<br \/>\ndes modernen Alpinismus \u00fcber vier Jahrzehnte.<\/p>\n<p>&nbsp;<\/p>","protected":false},"excerpt":{"rendered":"<p>Die Zahl seiner Erstbegehungen hat mittlerweile 800 \u00fcberschritten, doch er hat l\u00e4ngst aufgeh\u00f6rt, sie zu z\u00e4hlen. Der \u00f6sterreichische Ausnahmekletterer Albert Precht, dem unter Insidern ein legend\u00e4rer Ruf vorausgeht, erschloss vor allem Routen im heimischen Hochk\u00f6nig- Gebiet, im Tennengebirge und im Dachstein, aber auch in den Dolomiten, auf Korsika, im jordanischen Jabel Rum oder im Oman. [&#8230;]\n","protected":false},"featured_media":30637,"template":"","meta":[],"product_brand":[],"product_cat":[21542],"product_tag":[],"class_list":{"0":"post-151652","1":"product","2":"type-product","3":"status-publish","4":"has-post-thumbnail","6":"product_cat-sachbuecher-dokumentationen","7":"pa_autor-precht","8":"pa_erscheinungsjahr-22292","9":"pa_region-oesterreich","10":"pa_sprache-de","12":"first","13":"instock","14":"taxable","15":"shipping-taxable","16":"purchasable","17":"product-type-simple"},"_links":{"self":[{"href":"https:\/\/pizbube.ch\/en\/wp-json\/wp\/v2\/product\/151652","targetHints":{"allow":["GET"]}}],"collection":[{"href":"https:\/\/pizbube.ch\/en\/wp-json\/wp\/v2\/product"}],"about":[{"href":"https:\/\/pizbube.ch\/en\/wp-json\/wp\/v2\/types\/product"}],"wp:featuredmedia":[{"embeddable":true,"href":"https:\/\/pizbube.ch\/en\/wp-json\/wp\/v2\/media\/30637"}],"wp:attachment":[{"href":"https:\/\/pizbube.ch\/en\/wp-json\/wp\/v2\/media?parent=151652"}],"wp:term":[{"taxonomy":"product_brand","embeddable":true,"href":"https:\/\/pizbube.ch\/en\/wp-json\/wp\/v2\/product_brand?post=151652"},{"taxonomy":"product_cat","embeddable":true,"href":"https:\/\/pizbube.ch\/en\/wp-json\/wp\/v2\/product_cat?post=151652"},{"taxonomy":"product_tag","embeddable":true,"href":"https:\/\/pizbube.ch\/en\/wp-json\/wp\/v2\/product_tag?post=151652"}],"curies":[{"name":"wp","href":"https:\/\/api.w.org\/{rel}","templated":true}]}}