{"id":151656,"date":"2021-01-15T12:01:16","date_gmt":"2021-01-15T12:01:16","guid":{"rendered":"https:\/\/codengine3.ch\/?product=import-placeholder-for-201709"},"modified":"2021-01-15T12:03:56","modified_gmt":"2021-01-15T12:03:56","slug":"insider-hotels","status":"publish","type":"product","link":"https:\/\/pizbube.ch\/en\/shop\/insider-hotels\/","title":{"rendered":"INSIDER HOTELS"},"content":{"rendered":"<p>200 Hotels in Weekend -Reichweite quer durch die Schweiz: von ehemaligen<br \/>\nbauernh\u00f6fen bis Luftschl\u00f6ssern&#8230; Die 200 sehr speziellen H\u00e4user f\u00fcr spannende<br \/>\nund entspannte Weekendtrips vom B\u00fcndnerland bis zum Genfersee, vom Elsass bis<br \/>\nin die Lombardei, vom Tirol bis in die Provence sind echte Trouvaillen f\u00fcr<br \/>\nalle, die Lust versp\u00fcren, sich f\u00fcr ein paar Tage aus dem Alltag auszuklinken.<br \/>\n5., v\u00f6llig \u00fcberarb., aktual. A. 2006.<\/p>","protected":false},"excerpt":{"rendered":"<p>200 Hotels in Weekend -Reichweite quer durch die Schweiz: von ehemaligen bauernh\u00f6fen bis Luftschl\u00f6ssern&#8230; Die 200 sehr speziellen H\u00e4user f\u00fcr spannende und entspannte Weekendtrips vom B\u00fcndnerland bis zum Genfersee, vom Elsass bis in die Lombardei, vom Tirol bis in die Provence sind echte Trouvaillen f\u00fcr alle, die Lust versp\u00fcren, sich f\u00fcr ein paar Tage aus [&#8230;]\n","protected":false},"featured_media":29092,"template":"","meta":[],"product_brand":[],"product_cat":[22143],"product_tag":[],"class_list":{"0":"post-151656","1":"product","2":"type-product","3":"status-publish","4":"has-post-thumbnail","6":"product_cat-huettenverzeichnisse-hotelfuehrer","7":"pa_autor-schweitzer","8":"pa_erscheinungsjahr-21763","9":"pa_region-schweiz","10":"pa_sprache-de","12":"first","13":"instock","14":"taxable","15":"shipping-taxable","16":"purchasable","17":"product-type-simple"},"_links":{"self":[{"href":"https:\/\/pizbube.ch\/en\/wp-json\/wp\/v2\/product\/151656","targetHints":{"allow":["GET"]}}],"collection":[{"href":"https:\/\/pizbube.ch\/en\/wp-json\/wp\/v2\/product"}],"about":[{"href":"https:\/\/pizbube.ch\/en\/wp-json\/wp\/v2\/types\/product"}],"wp:featuredmedia":[{"embeddable":true,"href":"https:\/\/pizbube.ch\/en\/wp-json\/wp\/v2\/media\/29092"}],"wp:attachment":[{"href":"https:\/\/pizbube.ch\/en\/wp-json\/wp\/v2\/media?parent=151656"}],"wp:term":[{"taxonomy":"product_brand","embeddable":true,"href":"https:\/\/pizbube.ch\/en\/wp-json\/wp\/v2\/product_brand?post=151656"},{"taxonomy":"product_cat","embeddable":true,"href":"https:\/\/pizbube.ch\/en\/wp-json\/wp\/v2\/product_cat?post=151656"},{"taxonomy":"product_tag","embeddable":true,"href":"https:\/\/pizbube.ch\/en\/wp-json\/wp\/v2\/product_tag?post=151656"}],"curies":[{"name":"wp","href":"https:\/\/api.w.org\/{rel}","templated":true}]}}