{"id":151657,"date":"2021-01-15T12:01:16","date_gmt":"2021-01-15T12:01:16","guid":{"rendered":"https:\/\/codengine3.ch\/?product=import-placeholder-for-202716"},"modified":"2021-01-15T12:38:42","modified_gmt":"2021-01-15T12:38:42","slug":"landbeizli-fuehrer-2006-07","status":"publish","type":"product","link":"https:\/\/pizbube.ch\/en\/shop\/landbeizli-fuehrer-2006-07\/","title":{"rendered":"Landbeizli F\u00fchrer 2006 \/ 07"},"content":{"rendered":"<p>Stark erweiterte Ausgabe mit neu 1093 Lokalen. Der einzige<br \/>\ngesamtschweizerische Guide in Farbe, ohne irgendwelche Zuwendungen von Seiten<br \/>\nder teilnehmenden Lokale. Zweisprachig deutsch\/franz\u00f6sisch.<br \/>\nAlle einsamen Land-Beizli werden mit Farbfoto, allen wesentlichen<br \/>\nInformationen wie genaueste \u00f6rtliche Angabe (inkl. LK Landes-Koordinaten,<br \/>\nWanderkarte), \u00d6ffnungszeiten, Telefonnummern, Speisekarte, Hausspezialit\u00e4ten,<br \/>\nusw. beschrieben. Ausg. 06\/07<\/p>","protected":false},"excerpt":{"rendered":"<p>Stark erweiterte Ausgabe mit neu 1093 Lokalen. Der einzige gesamtschweizerische Guide in Farbe, ohne irgendwelche Zuwendungen von Seiten der teilnehmenden Lokale. Zweisprachig deutsch\/franz\u00f6sisch. Alle einsamen Land-Beizli werden mit Farbfoto, allen wesentlichen Informationen wie genaueste \u00f6rtliche Angabe (inkl. LK Landes-Koordinaten, Wanderkarte), \u00d6ffnungszeiten, Telefonnummern, Speisekarte, Hausspezialit\u00e4ten, usw. beschrieben. Ausg. 06\/07<\/p>","protected":false},"featured_media":30154,"template":"","meta":[],"product_brand":[],"product_cat":[22143],"product_tag":[],"class_list":{"0":"post-151657","1":"product","2":"type-product","3":"status-publish","4":"has-post-thumbnail","6":"product_cat-huettenverzeichnisse-hotelfuehrer","7":"pa_autor-kennel-spillmann","8":"pa_erscheinungsjahr-21763","9":"pa_region-schweiz","10":"pa_sprache-d","11":"pa_sprache-f","13":"first","14":"instock","15":"taxable","16":"shipping-taxable","17":"purchasable","18":"product-type-simple"},"_links":{"self":[{"href":"https:\/\/pizbube.ch\/en\/wp-json\/wp\/v2\/product\/151657","targetHints":{"allow":["GET"]}}],"collection":[{"href":"https:\/\/pizbube.ch\/en\/wp-json\/wp\/v2\/product"}],"about":[{"href":"https:\/\/pizbube.ch\/en\/wp-json\/wp\/v2\/types\/product"}],"wp:featuredmedia":[{"embeddable":true,"href":"https:\/\/pizbube.ch\/en\/wp-json\/wp\/v2\/media\/30154"}],"wp:attachment":[{"href":"https:\/\/pizbube.ch\/en\/wp-json\/wp\/v2\/media?parent=151657"}],"wp:term":[{"taxonomy":"product_brand","embeddable":true,"href":"https:\/\/pizbube.ch\/en\/wp-json\/wp\/v2\/product_brand?post=151657"},{"taxonomy":"product_cat","embeddable":true,"href":"https:\/\/pizbube.ch\/en\/wp-json\/wp\/v2\/product_cat?post=151657"},{"taxonomy":"product_tag","embeddable":true,"href":"https:\/\/pizbube.ch\/en\/wp-json\/wp\/v2\/product_tag?post=151657"}],"curies":[{"name":"wp","href":"https:\/\/api.w.org\/{rel}","templated":true}]}}