{"id":151658,"date":"2021-01-15T12:01:16","date_gmt":"2021-01-15T12:01:16","guid":{"rendered":"https:\/\/codengine3.ch\/?product=import-placeholder-for-207569"},"modified":"2021-01-15T16:04:44","modified_gmt":"2021-01-15T16:04:44","slug":"der-grosse-alpbeizli-fuehrer","status":"publish","type":"product","link":"https:\/\/pizbube.ch\/en\/shop\/der-grosse-alpbeizli-fuehrer\/","title":{"rendered":"Der grosse Alpbeizli-F\u00fchrer"},"content":{"rendered":"<p>Die 100 sch\u00f6nsten Alp- und Bergwirtschaften der Schweiz, Bildband<\/p>\n<p>Im 18. Jahrhundert boten nur die Alph\u00fctten Schutz und Schirm, Speis und Trank.<br \/>\nDie in den beliebten Alpbeizli-F\u00fchrern beschriebenen Alpansprecher und Sennen<br \/>\nf\u00fchren somit eine alte Tradition weiter. Sie bieten w\u00e4hrend der Alpzeit den<br \/>\nAlp-Freunden und Wanderern ihre Produkte an. Nun werden zum ersten Mal Bilder<br \/>\nvon den sch\u00f6nsten Alpbeizli der Schweiz in einem grossz\u00fcgigen Bildband<br \/>\nversammelt.<\/p>\n<p>1. Auflage 2015; ca. 224 Seiten, 28 x 28 cm, gebunden; zahlreiche farbige<br \/>\nAbbildungen<\/p>","protected":false},"excerpt":{"rendered":"<p>Die 100 sch\u00f6nsten Alp- und Bergwirtschaften der Schweiz, Bildband Im 18. Jahrhundert boten nur die Alph\u00fctten Schutz und Schirm, Speis und Trank. Die in den beliebten Alpbeizli-F\u00fchrern beschriebenen Alpansprecher und Sennen f\u00fchren somit eine alte Tradition weiter. Sie bieten w\u00e4hrend der Alpzeit den Alp-Freunden und Wanderern ihre Produkte an. Nun werden zum ersten Mal Bilder [&#8230;]\n","protected":false},"featured_media":37846,"template":"","meta":[],"product_brand":[],"product_cat":[21542],"product_tag":[],"class_list":{"0":"post-151658","1":"product","2":"type-product","3":"status-publish","4":"has-post-thumbnail","6":"product_cat-sachbuecher-dokumentationen","7":"pa_autor-werd-weber-verlag","8":"pa_erscheinungsjahr-21597","9":"pa_region-schweiz","10":"pa_sprache-de","12":"first","13":"instock","14":"taxable","15":"shipping-taxable","16":"purchasable","17":"product-type-simple"},"_links":{"self":[{"href":"https:\/\/pizbube.ch\/en\/wp-json\/wp\/v2\/product\/151658","targetHints":{"allow":["GET"]}}],"collection":[{"href":"https:\/\/pizbube.ch\/en\/wp-json\/wp\/v2\/product"}],"about":[{"href":"https:\/\/pizbube.ch\/en\/wp-json\/wp\/v2\/types\/product"}],"wp:featuredmedia":[{"embeddable":true,"href":"https:\/\/pizbube.ch\/en\/wp-json\/wp\/v2\/media\/37846"}],"wp:attachment":[{"href":"https:\/\/pizbube.ch\/en\/wp-json\/wp\/v2\/media?parent=151658"}],"wp:term":[{"taxonomy":"product_brand","embeddable":true,"href":"https:\/\/pizbube.ch\/en\/wp-json\/wp\/v2\/product_brand?post=151658"},{"taxonomy":"product_cat","embeddable":true,"href":"https:\/\/pizbube.ch\/en\/wp-json\/wp\/v2\/product_cat?post=151658"},{"taxonomy":"product_tag","embeddable":true,"href":"https:\/\/pizbube.ch\/en\/wp-json\/wp\/v2\/product_tag?post=151658"}],"curies":[{"name":"wp","href":"https:\/\/api.w.org\/{rel}","templated":true}]}}