{"id":151664,"date":"2021-01-15T12:01:16","date_gmt":"2021-01-15T12:01:16","guid":{"rendered":"https:\/\/codengine3.ch\/?product=import-placeholder-for-201408"},"modified":"2021-07-10T09:43:19","modified_gmt":"2021-07-10T07:43:19","slug":"auf-der-spur-des-schneeleoparden","status":"publish","type":"product","link":"https:\/\/pizbube.ch\/en\/shop\/auf-der-spur-des-schneeleoparden\/","title":{"rendered":"Auf der Spur des Schneeleoparden"},"content":{"rendered":"<p>Im Visier der sch\u00f6nsten Raubkatze der Welt: eine Reise an den Rand des Himmels und an die Grenzen unserer Wahrnehmung<\/p>\n<p>Im Herbst 1973 bricht Peter Matthiessen mit dem Biologen George Schaller in die h\u00f6chsten ganzj\u00e4hrig bewohnten Bergt\u00e4ler der Erde auf: ins nepalesische Dolpo. Hier trotzen Menschen und Tiere extremen Bedingungen ein Leben voller Sch\u00e4rfe und Kontur ab. Und seit Jahrhunderten bl\u00fcht hier eine Tradition des tibetischen Buddhismus. Schaller will das Brunftverhalten hochalpiner Blauschafe dokumentieren, Matthiessen die Trauer \u00fcber den Krebstod seiner Frau verarbeiten. Beide verbindet die Faszination f\u00fcr den geheimnisvollsten Bewohner des Dolpos: den Schneeleoparden.<\/p>\n<p>In diesem Meisterwerk, f\u00fcr das Matthiessen gleich zweimal \u2013 1979 und 1980 in unterschiedlichen Kategorien \u2013 den National Book Award erhielt, verbinden sich naturkundliche Klarheit, spirituelle Wachsamkeit und die lyrische Kunst der Sprachverknappung zu einem lebensver\u00e4ndernden Leseerlebnis. Noch nie war dieses literarische Zeugnis f\u00fcr den unermesslichen Reichtum der Welt, der geistige wie materielle Entsagung bedeuten kann, dringlicher und zeitgem\u00e4\u00dfer als heute.<\/p>\n<p>\u00dcberarbeitet und mit einem Nachwort versehen von Bernhard Malkmus.<\/p>\n<p>330 Seiten, Hardcover gebunden Leinenband<\/p>","protected":false},"excerpt":{"rendered":"<p>Im Visier der sch\u00f6nsten Raubkatze der Welt: eine Reise an den Rand des Himmels und an die Grenzen unserer Wahrnehmung Im Herbst 1973 bricht Peter Matthiessen mit dem Biologen George Schaller in die h\u00f6chsten ganzj\u00e4hrig bewohnten Bergt\u00e4ler der Erde auf: ins nepalesische Dolpo. Hier trotzen Menschen und Tiere extremen Bedingungen ein Leben voller Sch\u00e4rfe und [&#8230;]\n","protected":false},"featured_media":157978,"template":"","meta":[],"product_brand":[],"product_cat":[21629],"product_tag":[],"class_list":{"0":"post-151664","1":"product","2":"type-product","3":"status-publish","4":"has-post-thumbnail","6":"product_cat-belletristik","7":"pa_autor-matthiessen","8":"pa_erscheinungsjahr-25440","9":"pa_region-asien","10":"pa_sprache-de","12":"first","13":"instock","14":"taxable","15":"shipping-taxable","16":"purchasable","17":"product-type-simple"},"_links":{"self":[{"href":"https:\/\/pizbube.ch\/en\/wp-json\/wp\/v2\/product\/151664","targetHints":{"allow":["GET"]}}],"collection":[{"href":"https:\/\/pizbube.ch\/en\/wp-json\/wp\/v2\/product"}],"about":[{"href":"https:\/\/pizbube.ch\/en\/wp-json\/wp\/v2\/types\/product"}],"wp:featuredmedia":[{"embeddable":true,"href":"https:\/\/pizbube.ch\/en\/wp-json\/wp\/v2\/media\/157978"}],"wp:attachment":[{"href":"https:\/\/pizbube.ch\/en\/wp-json\/wp\/v2\/media?parent=151664"}],"wp:term":[{"taxonomy":"product_brand","embeddable":true,"href":"https:\/\/pizbube.ch\/en\/wp-json\/wp\/v2\/product_brand?post=151664"},{"taxonomy":"product_cat","embeddable":true,"href":"https:\/\/pizbube.ch\/en\/wp-json\/wp\/v2\/product_cat?post=151664"},{"taxonomy":"product_tag","embeddable":true,"href":"https:\/\/pizbube.ch\/en\/wp-json\/wp\/v2\/product_tag?post=151664"}],"curies":[{"name":"wp","href":"https:\/\/api.w.org\/{rel}","templated":true}]}}