{"id":151665,"date":"2021-01-15T12:01:16","date_gmt":"2021-01-15T12:01:16","guid":{"rendered":"https:\/\/codengine3.ch\/?product=import-placeholder-for-201692"},"modified":"2021-01-15T12:03:49","modified_gmt":"2021-01-15T12:03:49","slug":"esau","status":"publish","type":"product","link":"https:\/\/pizbube.ch\/en\/shop\/esau\/","title":{"rendered":"Esau"},"content":{"rendered":"<p>Gibt es den Yeti doch? Spannender Thriller mit vielen wissenschaftlichen<br \/>\nEckdaten.  <\/p>\n<p>Ein atemberaubender Thriller: Gibt es den Yeti noch? Jack Furness, ein<br \/>\nkalifornischer Bergsteiger will einen der h\u00f6chsten Gipfel Nepals bezwingen. In<br \/>\neiner t\u00fcckischen Eiswand st\u00fcrzen er und seine Begleiter ab. Doch in einer<br \/>\nGletscherspalte macht Jack einen aufsehenerregenden Fund&#8230;  <\/p>\n<p>5. Auflg.  <\/p>","protected":false},"excerpt":{"rendered":"<p>Gibt es den Yeti doch? Spannender Thriller mit vielen wissenschaftlichen Eckdaten. Ein atemberaubender Thriller: Gibt es den Yeti noch? Jack Furness, ein kalifornischer Bergsteiger will einen der h\u00f6chsten Gipfel Nepals bezwingen. In einer t\u00fcckischen Eiswand st\u00fcrzen er und seine Begleiter ab. Doch in einer Gletscherspalte macht Jack einen aufsehenerregenden Fund&#8230; 5. Auflg.<\/p>","protected":false},"featured_media":29072,"template":"","meta":[],"product_brand":[],"product_cat":[21629],"product_tag":[],"class_list":{"0":"post-151665","1":"product","2":"type-product","3":"status-publish","4":"has-post-thumbnail","6":"product_cat-belletristik","7":"pa_autor-kerr","8":"pa_erscheinungsjahr-21842","9":"pa_region-asien","10":"pa_sprache-de","12":"first","13":"instock","14":"taxable","15":"shipping-taxable","16":"purchasable","17":"product-type-simple"},"_links":{"self":[{"href":"https:\/\/pizbube.ch\/en\/wp-json\/wp\/v2\/product\/151665","targetHints":{"allow":["GET"]}}],"collection":[{"href":"https:\/\/pizbube.ch\/en\/wp-json\/wp\/v2\/product"}],"about":[{"href":"https:\/\/pizbube.ch\/en\/wp-json\/wp\/v2\/types\/product"}],"wp:featuredmedia":[{"embeddable":true,"href":"https:\/\/pizbube.ch\/en\/wp-json\/wp\/v2\/media\/29072"}],"wp:attachment":[{"href":"https:\/\/pizbube.ch\/en\/wp-json\/wp\/v2\/media?parent=151665"}],"wp:term":[{"taxonomy":"product_brand","embeddable":true,"href":"https:\/\/pizbube.ch\/en\/wp-json\/wp\/v2\/product_brand?post=151665"},{"taxonomy":"product_cat","embeddable":true,"href":"https:\/\/pizbube.ch\/en\/wp-json\/wp\/v2\/product_cat?post=151665"},{"taxonomy":"product_tag","embeddable":true,"href":"https:\/\/pizbube.ch\/en\/wp-json\/wp\/v2\/product_tag?post=151665"}],"curies":[{"name":"wp","href":"https:\/\/api.w.org\/{rel}","templated":true}]}}