{"id":151666,"date":"2021-01-15T12:01:16","date_gmt":"2021-01-15T12:01:16","guid":{"rendered":"https:\/\/codengine3.ch\/?product=import-placeholder-for-205056"},"modified":"2021-01-15T14:38:20","modified_gmt":"2021-01-15T14:38:20","slug":"der-mann-der-zum-himmel-ging","status":"publish","type":"product","link":"https:\/\/pizbube.ch\/en\/shop\/der-mann-der-zum-himmel-ging\/","title":{"rendered":"Der Mann, der zum Himmel ging"},"content":{"rendered":"<p>Ein Ungar in Tibet.  <\/p>\n<p>Anfang des 19. Jahrhunderts stolpert der junge ungarischer Student Csoma de<br \/>\nK\u00f6r\u00f6s w\u00e4hrend seines Studiums in G\u00f6ttingen \u00fcber die Theorie, die Ungarn<br \/>\nstammten von einem Volk im Himalaya ab, \u00fcber das in einem buddhistischen<br \/>\nKloster in der verbotenen Stadt Lhasa Aufzeichnungen existierten. Er setzt<br \/>\nsich in den Kopf, diese Aufzeichnungen zu finden, lernt 16 Sprachen &#8211;<br \/>\neinschlie\u00dflich des Tibetischen &#8211; und begibt sich 1818 zu Fu\u00df auf eine Reise,<br \/>\nvon der er nie zur\u00fcckkehren wird. In seiner fesselnd erz\u00e4hlten Geschichte<br \/>\nnimmt Edward Fox uns mit auf die strapazi\u00f6se und abenteuerliche Reise des<br \/>\nAlexander Csoma de K\u00f6r\u00f6s zum Dach der Welt.  <\/p>","protected":false},"excerpt":{"rendered":"<p>Ein Ungar in Tibet. Anfang des 19. Jahrhunderts stolpert der junge ungarischer Student Csoma de K\u00f6r\u00f6s w\u00e4hrend seines Studiums in G\u00f6ttingen \u00fcber die Theorie, die Ungarn stammten von einem Volk im Himalaya ab, \u00fcber das in einem buddhistischen Kloster in der verbotenen Stadt Lhasa Aufzeichnungen existierten. Er setzt sich in den Kopf, diese Aufzeichnungen zu [&#8230;]\n","protected":false},"featured_media":33650,"template":"","meta":[],"product_brand":[],"product_cat":[21629],"product_tag":[],"class_list":{"0":"post-151666","1":"product","2":"type-product","3":"status-publish","4":"has-post-thumbnail","6":"product_cat-belletristik","7":"pa_autor-fox","8":"pa_erscheinungsjahr-21842","9":"pa_region-deutschland","10":"pa_sprache-de","12":"first","13":"instock","14":"taxable","15":"shipping-taxable","16":"purchasable","17":"product-type-simple"},"_links":{"self":[{"href":"https:\/\/pizbube.ch\/en\/wp-json\/wp\/v2\/product\/151666","targetHints":{"allow":["GET"]}}],"collection":[{"href":"https:\/\/pizbube.ch\/en\/wp-json\/wp\/v2\/product"}],"about":[{"href":"https:\/\/pizbube.ch\/en\/wp-json\/wp\/v2\/types\/product"}],"wp:featuredmedia":[{"embeddable":true,"href":"https:\/\/pizbube.ch\/en\/wp-json\/wp\/v2\/media\/33650"}],"wp:attachment":[{"href":"https:\/\/pizbube.ch\/en\/wp-json\/wp\/v2\/media?parent=151666"}],"wp:term":[{"taxonomy":"product_brand","embeddable":true,"href":"https:\/\/pizbube.ch\/en\/wp-json\/wp\/v2\/product_brand?post=151666"},{"taxonomy":"product_cat","embeddable":true,"href":"https:\/\/pizbube.ch\/en\/wp-json\/wp\/v2\/product_cat?post=151666"},{"taxonomy":"product_tag","embeddable":true,"href":"https:\/\/pizbube.ch\/en\/wp-json\/wp\/v2\/product_tag?post=151666"}],"curies":[{"name":"wp","href":"https:\/\/api.w.org\/{rel}","templated":true}]}}