{"id":151667,"date":"2021-01-15T12:01:17","date_gmt":"2021-01-15T12:01:17","guid":{"rendered":"https:\/\/codengine3.ch\/?product=import-placeholder-for-203604"},"modified":"2021-11-27T09:37:18","modified_gmt":"2021-11-27T08:37:18","slug":"lucas-oder-der-himmel-ueber-nepal","status":"publish","type":"product","link":"https:\/\/pizbube.ch\/en\/shop\/lucas-oder-der-himmel-ueber-nepal\/","title":{"rendered":"Lucas oder Der Himmel \u00fcber Nepal"},"content":{"rendered":"<p>Ungew\u00f6hnlicher kann eine Freundschaft nicht beginnen. Als Lucas und seine<br \/>\nSchwester Maria aus dem Krankenhaus nach Hause zur\u00fcckkehren, erleben sie eine<br \/>\n\u00dcberraschung: Der junge Stra\u00dfenmusiker Marcos hat sich in ihrer Wohnung<br \/>\neinquartiert. Ohne gro\u00dfe Worte zu verlieren, fordern die beiden Alten den<br \/>\njungen Mann auf zu bleiben.<\/p>\n<p>Aus der Zufallsbekanntschaft wird schnell ein eingeschworenes Trio, das mit<br \/>\nunersch\u00fctterlicher Leichtigkeit und feinem Humor den Hindernissen des<br \/>\n\u00c4lterwerdens begegnet.<\/p>\n<p>Lucas ist weit \u00fcber achtzig und versinkt immer mehr in seiner eigenen Welt. Er<br \/>\nhat Schwierigkeiten, morgens aufzustehen, geht kaum aus dem Haus und kann<br \/>\nimmer weniger zwischen Erinnerung und Gegenwart unterscheiden. Sein<br \/>\nsehnlichster Wunsch: vor seinem Tod noch einen Achttausender, am liebsten den<br \/>\nShisha Pangma, zu besteigen. Marcos nimmt seinen Freund ernst.<\/p>","protected":false},"excerpt":{"rendered":"<p>Ungew\u00f6hnlicher kann eine Freundschaft nicht beginnen. Als Lucas und seine Schwester Maria aus dem Krankenhaus nach Hause zur\u00fcckkehren, erleben sie eine \u00dcberraschung: Der junge Stra\u00dfenmusiker Marcos hat sich in ihrer Wohnung einquartiert. Ohne gro\u00dfe Worte zu verlieren, fordern die beiden Alten den jungen Mann auf zu bleiben. Aus der Zufallsbekanntschaft wird schnell ein eingeschworenes Trio, [&#8230;]\n","protected":false},"featured_media":31251,"template":"","meta":[],"product_brand":[],"product_cat":[21629],"product_tag":[],"class_list":{"0":"post-151667","1":"product","2":"type-product","3":"status-publish","4":"has-post-thumbnail","6":"product_cat-belletristik","7":"pa_autor-elorriaga","8":"pa_erscheinungsjahr-21776","9":"pa_region-spanien","10":"pa_sprache-de","12":"first","13":"outofstock","14":"taxable","15":"shipping-taxable","16":"purchasable","17":"product-type-simple"},"_links":{"self":[{"href":"https:\/\/pizbube.ch\/en\/wp-json\/wp\/v2\/product\/151667","targetHints":{"allow":["GET"]}}],"collection":[{"href":"https:\/\/pizbube.ch\/en\/wp-json\/wp\/v2\/product"}],"about":[{"href":"https:\/\/pizbube.ch\/en\/wp-json\/wp\/v2\/types\/product"}],"wp:featuredmedia":[{"embeddable":true,"href":"https:\/\/pizbube.ch\/en\/wp-json\/wp\/v2\/media\/31251"}],"wp:attachment":[{"href":"https:\/\/pizbube.ch\/en\/wp-json\/wp\/v2\/media?parent=151667"}],"wp:term":[{"taxonomy":"product_brand","embeddable":true,"href":"https:\/\/pizbube.ch\/en\/wp-json\/wp\/v2\/product_brand?post=151667"},{"taxonomy":"product_cat","embeddable":true,"href":"https:\/\/pizbube.ch\/en\/wp-json\/wp\/v2\/product_cat?post=151667"},{"taxonomy":"product_tag","embeddable":true,"href":"https:\/\/pizbube.ch\/en\/wp-json\/wp\/v2\/product_tag?post=151667"}],"curies":[{"name":"wp","href":"https:\/\/api.w.org\/{rel}","templated":true}]}}