{"id":151668,"date":"2021-01-15T12:01:17","date_gmt":"2021-01-15T12:01:17","guid":{"rendered":"https:\/\/codengine3.ch\/?product=import-placeholder-for-202589"},"modified":"2021-01-15T12:37:36","modified_gmt":"2021-01-15T12:37:36","slug":"der-himmel-ueber-dem-himalaja","status":"publish","type":"product","link":"https:\/\/pizbube.ch\/en\/shop\/der-himmel-ueber-dem-himalaja\/","title":{"rendered":"Der Himmel \u00fcber dem Himalaja"},"content":{"rendered":"<p>Tibet 1980: Eine Lawine erfa\u00dft vier Freunde, die f\u00fcr `National Geographic` im<br \/>\nHimalaja unterwegs sind. Einer von ihnen, Jonathan Wright, stirbt und wird auf<br \/>\ndem Minya Konka bestattet. 1999 macht sich seine Tochter Asia auf, um das Grab<br \/>\nihres Vaters zu suchen.<\/p>","protected":false},"excerpt":{"rendered":"<p>Tibet 1980: Eine Lawine erfa\u00dft vier Freunde, die f\u00fcr `National Geographic` im Himalaja unterwegs sind. Einer von ihnen, Jonathan Wright, stirbt und wird auf dem Minya Konka bestattet. 1999 macht sich seine Tochter Asia auf, um das Grab ihres Vaters zu suchen.<\/p>","protected":false},"featured_media":30001,"template":"","meta":[],"product_brand":[],"product_cat":[21629],"product_tag":[],"class_list":{"0":"post-151668","1":"product","2":"type-product","3":"status-publish","4":"has-post-thumbnail","6":"product_cat-belletristik","7":"pa_autor-ridgeway","8":"pa_erscheinungsjahr-22144","9":"pa_region-asien","10":"pa_sprache-de","12":"first","13":"instock","14":"taxable","15":"shipping-taxable","16":"purchasable","17":"product-type-simple"},"_links":{"self":[{"href":"https:\/\/pizbube.ch\/en\/wp-json\/wp\/v2\/product\/151668","targetHints":{"allow":["GET"]}}],"collection":[{"href":"https:\/\/pizbube.ch\/en\/wp-json\/wp\/v2\/product"}],"about":[{"href":"https:\/\/pizbube.ch\/en\/wp-json\/wp\/v2\/types\/product"}],"wp:featuredmedia":[{"embeddable":true,"href":"https:\/\/pizbube.ch\/en\/wp-json\/wp\/v2\/media\/30001"}],"wp:attachment":[{"href":"https:\/\/pizbube.ch\/en\/wp-json\/wp\/v2\/media?parent=151668"}],"wp:term":[{"taxonomy":"product_brand","embeddable":true,"href":"https:\/\/pizbube.ch\/en\/wp-json\/wp\/v2\/product_brand?post=151668"},{"taxonomy":"product_cat","embeddable":true,"href":"https:\/\/pizbube.ch\/en\/wp-json\/wp\/v2\/product_cat?post=151668"},{"taxonomy":"product_tag","embeddable":true,"href":"https:\/\/pizbube.ch\/en\/wp-json\/wp\/v2\/product_tag?post=151668"}],"curies":[{"name":"wp","href":"https:\/\/api.w.org\/{rel}","templated":true}]}}