{"id":151669,"date":"2021-01-15T12:01:17","date_gmt":"2021-01-15T12:01:17","guid":{"rendered":"https:\/\/codengine3.ch\/?product=import-placeholder-for-203283"},"modified":"2021-01-15T14:21:45","modified_gmt":"2021-01-15T14:21:45","slug":"tessiner-sagen","status":"publish","type":"product","link":"https:\/\/pizbube.ch\/en\/shop\/tessiner-sagen\/","title":{"rendered":"Tessiner Sagen"},"content":{"rendered":"<p>Tessiner Sagen und Volksm\u00e4rchen. Die von Walter Keller mit Liebe und Hingabe<br \/>\ngesammelten Sagen und Volksm\u00e4rchen aus dem Tessin w\u00e4ren ohne sein Zutun, seine<br \/>\nBegeisterung und seine Wandert\u00fcchtigkeit &#8211; von Tal zu Tal, von Ort zu Ort &#8211;<br \/>\nl\u00e4ngst vergessen.<br \/>\nNachdruck aus dem Jahre 1940.<\/p>","protected":false},"excerpt":{"rendered":"<p>Tessiner Sagen und Volksm\u00e4rchen. Die von Walter Keller mit Liebe und Hingabe gesammelten Sagen und Volksm\u00e4rchen aus dem Tessin w\u00e4ren ohne sein Zutun, seine Begeisterung und seine Wandert\u00fcchtigkeit &#8211; von Tal zu Tal, von Ort zu Ort &#8211; l\u00e4ngst vergessen. Nachdruck aus dem Jahre 1940.<\/p>","protected":false},"featured_media":30862,"template":"","meta":[],"product_brand":[],"product_cat":[21580],"product_tag":[],"class_list":{"0":"post-151669","1":"product","2":"type-product","3":"status-publish","4":"has-post-thumbnail","6":"product_cat-kunst-kultur","7":"pa_autor-keller","8":"pa_erscheinungsjahr-21750","9":"pa_region-schweiz","10":"pa_sprache-de","12":"first","13":"outofstock","14":"taxable","15":"shipping-taxable","16":"purchasable","17":"product-type-simple"},"_links":{"self":[{"href":"https:\/\/pizbube.ch\/en\/wp-json\/wp\/v2\/product\/151669","targetHints":{"allow":["GET"]}}],"collection":[{"href":"https:\/\/pizbube.ch\/en\/wp-json\/wp\/v2\/product"}],"about":[{"href":"https:\/\/pizbube.ch\/en\/wp-json\/wp\/v2\/types\/product"}],"wp:featuredmedia":[{"embeddable":true,"href":"https:\/\/pizbube.ch\/en\/wp-json\/wp\/v2\/media\/30862"}],"wp:attachment":[{"href":"https:\/\/pizbube.ch\/en\/wp-json\/wp\/v2\/media?parent=151669"}],"wp:term":[{"taxonomy":"product_brand","embeddable":true,"href":"https:\/\/pizbube.ch\/en\/wp-json\/wp\/v2\/product_brand?post=151669"},{"taxonomy":"product_cat","embeddable":true,"href":"https:\/\/pizbube.ch\/en\/wp-json\/wp\/v2\/product_cat?post=151669"},{"taxonomy":"product_tag","embeddable":true,"href":"https:\/\/pizbube.ch\/en\/wp-json\/wp\/v2\/product_tag?post=151669"}],"curies":[{"name":"wp","href":"https:\/\/api.w.org\/{rel}","templated":true}]}}