{"id":151670,"date":"2021-01-15T12:01:17","date_gmt":"2021-01-15T12:01:17","guid":{"rendered":"https:\/\/codengine3.ch\/?product=import-placeholder-for-204125"},"modified":"2021-01-15T14:30:02","modified_gmt":"2021-01-15T14:30:02","slug":"puschlaver-maerchen","status":"publish","type":"product","link":"https:\/\/pizbube.ch\/en\/shop\/puschlaver-maerchen\/","title":{"rendered":"Puschlaver M\u00e4rchen"},"content":{"rendered":"<p>Das Puschlav, ein von trutzigen B\u00fcndner Bergen geh\u00fctetes St\u00fcck Schweiz, ist<br \/>\nmit dem Veltlin im Nachbarland Italien durch eine enge Talschlucht verbunden.<br \/>\nWohl nehmen viele Reisende den Weg durch diesen Eingang in die Schweiz, um<br \/>\n\u00fcber den Berninapass auf die Nordseite der Alpen zu gelangen. Dennoch hat das<br \/>\nTal nichts von seiner Urspr\u00fcnglichkeit und seiner eigenwilligen Romantik<br \/>\nverloren.<br \/>\nHier findet der Wanderer noch einsame Pfade in unber\u00fchrter Natur, grandiose<br \/>\neisige Wildnis mit zarter Lieblichkeit verkn\u00fcpft. Wenn er nach Angaben dieses<br \/>\nB\u00fcchleins wandert, findet er sich pl\u00f6tzlich inmitten einer m\u00e4rchenhaften Welt.<br \/>\nEr wird mit offenen Augen zu tr\u00e4umen vermeinen, w\u00e4hrend B\u00e4ume und Felsen ihm<br \/>\nGeschichten ins Ohr fl\u00fcstern. Mit Illustrationen von Katharina Dietschi, 50<br \/>\nSeiten, Broschur<\/p>","protected":false},"excerpt":{"rendered":"<p>Das Puschlav, ein von trutzigen B\u00fcndner Bergen geh\u00fctetes St\u00fcck Schweiz, ist mit dem Veltlin im Nachbarland Italien durch eine enge Talschlucht verbunden. Wohl nehmen viele Reisende den Weg durch diesen Eingang in die Schweiz, um \u00fcber den Berninapass auf die Nordseite der Alpen zu gelangen. Dennoch hat das Tal nichts von seiner Urspr\u00fcnglichkeit und seiner [&#8230;]\n","protected":false},"featured_media":31881,"template":"","meta":[],"product_brand":[],"product_cat":[21580],"product_tag":[],"class_list":{"0":"post-151670","1":"product","2":"type-product","3":"status-publish","4":"has-post-thumbnail","6":"product_cat-kunst-kultur","7":"pa_autor-semadeni","8":"pa_erscheinungsjahr-21920","9":"pa_region-schweiz","10":"pa_sprache-de","12":"first","13":"instock","14":"taxable","15":"shipping-taxable","16":"purchasable","17":"product-type-simple"},"_links":{"self":[{"href":"https:\/\/pizbube.ch\/en\/wp-json\/wp\/v2\/product\/151670","targetHints":{"allow":["GET"]}}],"collection":[{"href":"https:\/\/pizbube.ch\/en\/wp-json\/wp\/v2\/product"}],"about":[{"href":"https:\/\/pizbube.ch\/en\/wp-json\/wp\/v2\/types\/product"}],"wp:featuredmedia":[{"embeddable":true,"href":"https:\/\/pizbube.ch\/en\/wp-json\/wp\/v2\/media\/31881"}],"wp:attachment":[{"href":"https:\/\/pizbube.ch\/en\/wp-json\/wp\/v2\/media?parent=151670"}],"wp:term":[{"taxonomy":"product_brand","embeddable":true,"href":"https:\/\/pizbube.ch\/en\/wp-json\/wp\/v2\/product_brand?post=151670"},{"taxonomy":"product_cat","embeddable":true,"href":"https:\/\/pizbube.ch\/en\/wp-json\/wp\/v2\/product_cat?post=151670"},{"taxonomy":"product_tag","embeddable":true,"href":"https:\/\/pizbube.ch\/en\/wp-json\/wp\/v2\/product_tag?post=151670"}],"curies":[{"name":"wp","href":"https:\/\/api.w.org\/{rel}","templated":true}]}}