{"id":151671,"date":"2021-01-15T12:01:17","date_gmt":"2021-01-15T12:01:17","guid":{"rendered":"https:\/\/codengine3.ch\/?product=import-placeholder-for-201410"},"modified":"2022-07-01T11:48:41","modified_gmt":"2022-07-01T09:48:41","slug":"mountainbike-erlebnis-zentralschweiz","status":"publish","type":"product","link":"https:\/\/pizbube.ch\/en\/shop\/mountainbike-erlebnis-zentralschweiz\/","title":{"rendered":"Mountainbike Erlebnis Zentralschweiz"},"content":{"rendered":"<p>Uri, Luzern, Zug, Schwyz, Ob- \/ Nidwalden- die 40 sch\u00f6nsten Rundtouren:<br \/>\nUnvergessliche Bike-Erlebnisse zwischen Gotthard und Z\u00fcrichsee. Der f\u00fcnfte<br \/>\nBand in der Reihe Mountainbike Erlebnis beschreibt die 40 sch\u00f6nsten Rundtouren<br \/>\nin der Zentralschweiz.<\/p>\n<p>192S \/ ca. 40 Abb. \/ 41 Routenskizzen mit H\u00f6henprofil<\/p>","protected":false},"excerpt":{"rendered":"<p>Uri, Luzern, Zug, Schwyz, Ob- \/ Nidwalden- die 40 sch\u00f6nsten Rundtouren: Unvergessliche Bike-Erlebnisse zwischen Gotthard und Z\u00fcrichsee. Der f\u00fcnfte Band in der Reihe Mountainbike Erlebnis beschreibt die 40 sch\u00f6nsten Rundtouren in der Zentralschweiz. 192S \/ ca. 40 Abb. \/ 41 Routenskizzen mit H\u00f6henprofil<\/p>","protected":false},"featured_media":28750,"template":"","meta":[],"product_brand":[],"product_cat":[21606],"product_tag":[],"class_list":{"0":"post-151671","1":"product","2":"type-product","3":"status-publish","4":"has-post-thumbnail","6":"product_cat-mountainbikefuehrer","7":"pa_autor-eggenberger","8":"pa_erscheinungsjahr-22242","9":"pa_region-schweiz","10":"pa_sprache-de","12":"first","13":"onbackorder","14":"taxable","15":"shipping-taxable","16":"purchasable","17":"product-type-simple"},"_links":{"self":[{"href":"https:\/\/pizbube.ch\/en\/wp-json\/wp\/v2\/product\/151671","targetHints":{"allow":["GET"]}}],"collection":[{"href":"https:\/\/pizbube.ch\/en\/wp-json\/wp\/v2\/product"}],"about":[{"href":"https:\/\/pizbube.ch\/en\/wp-json\/wp\/v2\/types\/product"}],"wp:featuredmedia":[{"embeddable":true,"href":"https:\/\/pizbube.ch\/en\/wp-json\/wp\/v2\/media\/28750"}],"wp:attachment":[{"href":"https:\/\/pizbube.ch\/en\/wp-json\/wp\/v2\/media?parent=151671"}],"wp:term":[{"taxonomy":"product_brand","embeddable":true,"href":"https:\/\/pizbube.ch\/en\/wp-json\/wp\/v2\/product_brand?post=151671"},{"taxonomy":"product_cat","embeddable":true,"href":"https:\/\/pizbube.ch\/en\/wp-json\/wp\/v2\/product_cat?post=151671"},{"taxonomy":"product_tag","embeddable":true,"href":"https:\/\/pizbube.ch\/en\/wp-json\/wp\/v2\/product_tag?post=151671"}],"curies":[{"name":"wp","href":"https:\/\/api.w.org\/{rel}","templated":true}]}}