{"id":151674,"date":"2021-01-15T12:01:17","date_gmt":"2021-01-15T12:01:17","guid":{"rendered":"https:\/\/codengine3.ch\/?product=import-placeholder-for-202951"},"modified":"2022-07-01T09:11:12","modified_gmt":"2022-07-01T07:11:12","slug":"singletrail-map-011-luzern-150000","status":"publish","type":"product","link":"https:\/\/pizbube.ch\/en\/shop\/singletrail-map-011-luzern-150000\/","title":{"rendered":"Singletrail Map 011 Luzern 1:50&#8217;000"},"content":{"rendered":"<p>Die Singletrail Map ist die Mountainbike-Karte f\u00fcr die Region Luzern. Das<br \/>\ndetailliert aufbereitete Routennetz f\u00fcr Mountainbiker ist eingeteilt in vier<br \/>\nSchwierigkeitsgrade (einfach; mittel; schwierig; extrem), zudem ist die<br \/>\nWegbeschaffenheit erkennbar (Singletrail, Kiesweg, Asphaltstrasse). Damit sind<br \/>\ndie Karten f\u00fcr Anf\u00e4nger wie auch f\u00fcr versierte Freerider geeignet.<\/p>\n<p>Alle Singletrail Maps sind auf ein reiss- und wasserfestes Spezialpapier<br \/>\ngedruckt und basieren auf dem Kartenmassstab 1:50&#8217;000. Auf der R\u00fcckseite sind<br \/>\ndie jeweils zehn attraktivsten Routen der Region ausf\u00fchrlich beschrieben.<\/p>\n<p>Abdeckung: Luzern, Alpnach, Stans, Sarnen, Buochs, Beckenried, Sch\u00fcpfheim,<br \/>\nWolhusen, WillisauInhalt: Routennetz f\u00fcr Mountainbiker, Bikeshops, Bahnh\u00f6fe,<br \/>\nSpit\u00e4ler, HighlightsRoutenbeschriebe: Grossschlierental, Lopper (Renggpass),<br \/>\nRooterberg, Chilchteine, Fr\u00e4km\u00fcnt, B\u00fcrgenstock Mattgrat, Trochematt,<br \/>\nLuzernumfahrung, Napf (Willisau), Hoch\u00e4nzi<\/p>","protected":false},"excerpt":{"rendered":"<p>Die Singletrail Map ist die Mountainbike-Karte f\u00fcr die Region Luzern. Das detailliert aufbereitete Routennetz f\u00fcr Mountainbiker ist eingeteilt in vier Schwierigkeitsgrade (einfach; mittel; schwierig; extrem), zudem ist die Wegbeschaffenheit erkennbar (Singletrail, Kiesweg, Asphaltstrasse). Damit sind die Karten f\u00fcr Anf\u00e4nger wie auch f\u00fcr versierte Freerider geeignet. Alle Singletrail Maps sind auf ein reiss- und wasserfestes Spezialpapier [&#8230;]\n","protected":false},"featured_media":40517,"template":"","meta":[],"product_brand":[],"product_cat":[21543],"product_tag":[],"class_list":{"0":"post-151674","1":"product","2":"type-product","3":"status-publish","4":"has-post-thumbnail","6":"product_cat-landkarten","7":"pa_autor-ssp","8":"pa_erscheinungsjahr-21546","9":"pa_region-schweiz","10":"pa_sprache-de","12":"first","13":"outofstock","14":"taxable","15":"shipping-taxable","16":"purchasable","17":"product-type-simple"},"_links":{"self":[{"href":"https:\/\/pizbube.ch\/en\/wp-json\/wp\/v2\/product\/151674","targetHints":{"allow":["GET"]}}],"collection":[{"href":"https:\/\/pizbube.ch\/en\/wp-json\/wp\/v2\/product"}],"about":[{"href":"https:\/\/pizbube.ch\/en\/wp-json\/wp\/v2\/types\/product"}],"wp:featuredmedia":[{"embeddable":true,"href":"https:\/\/pizbube.ch\/en\/wp-json\/wp\/v2\/media\/40517"}],"wp:attachment":[{"href":"https:\/\/pizbube.ch\/en\/wp-json\/wp\/v2\/media?parent=151674"}],"wp:term":[{"taxonomy":"product_brand","embeddable":true,"href":"https:\/\/pizbube.ch\/en\/wp-json\/wp\/v2\/product_brand?post=151674"},{"taxonomy":"product_cat","embeddable":true,"href":"https:\/\/pizbube.ch\/en\/wp-json\/wp\/v2\/product_cat?post=151674"},{"taxonomy":"product_tag","embeddable":true,"href":"https:\/\/pizbube.ch\/en\/wp-json\/wp\/v2\/product_tag?post=151674"}],"curies":[{"name":"wp","href":"https:\/\/api.w.org\/{rel}","templated":true}]}}